{"id":2809594,"date":"2025-10-09T06:52:50","date_gmt":"2025-10-09T04:52:50","guid":{"rendered":"https:\/\/streetmarkets.fr\/app\/produit\/casual-shirt-3195\/"},"modified":"2026-03-16T05:49:56","modified_gmt":"2026-03-16T04:49:56","slug":"casual-shirt-3195","status":"publish","type":"product","link":"https:\/\/streetmarkets.fr\/app\/produit\/casual-shirt-3195\/","title":{"rendered":"Casual Shirt 3195"},"content":{"rendered":"<p data-start=\"122\" data-end=\"424\">Affirmez votre style avec cette <strong>Sur-<\/strong><strong data-start=\"154\" data-end=\"187\">chemise \u00e0 motifs g\u00e9om\u00e9triques<\/strong>, inspir\u00e9e des traditions anciennes des Azt\u00e8ques. Confectionn\u00e9e dans un <strong data-start=\"259\" data-end=\"295\">tissu en polyester recycl\u00e9 lourd<\/strong>, elle se distingue par sa <strong data-start=\"322\" data-end=\"351\">surface bross\u00e9e et chaude<\/strong>, id\u00e9ale pour affronter les journ\u00e9es fra\u00eeches avec confort et \u00e9l\u00e9gance.<\/p>\n<p data-start=\"426\" data-end=\"738\">Son motif graphique, compos\u00e9 de lignes sym\u00e9triques et de formes g\u00e9om\u00e9triques rectangulaires et circulaires, rend hommage \u00e0 l\u2019art symbolique azt\u00e8que, pens\u00e9 \u00e0 l\u2019origine comme un hommage spirituel. Associ\u00e9e \u00e0 sa <strong data-start=\"635\" data-end=\"666\">coupe robuste et structur\u00e9e<\/strong>, cette chemise devient une pi\u00e8ce forte de toute garde-robe hivernale.<\/p>\n<p data-start=\"740\" data-end=\"1075\">C\u00f4t\u00e9 d\u00e9tails, elle se dote d\u2019une <strong data-start=\"773\" data-end=\"805\">poche poitrine \u00e0 coupe nette<\/strong>, d\u2019une <strong data-start=\"813\" data-end=\"848\">fermeture boutonn\u00e9e ton sur ton<\/strong>, ainsi que de <strong data-start=\"863\" data-end=\"886\">poignets ajustables<\/strong> pour plus de confort. Pratique et pens\u00e9e pour durer, elle pr\u00e9sente \u00e9galement une <strong data-start=\"968\" data-end=\"994\">double empi\u00e8cement dos<\/strong> avec <strong data-start=\"1000\" data-end=\"1021\">box-pleat central<\/strong>, renfor\u00e7ant sa solidit\u00e9 et sa libert\u00e9 de mouvement.<\/p>\n<p data-start=\"1077\" data-end=\"1218\">Polyvalente, elle s\u2019associe aussi bien \u00e0 un <strong data-start=\"1121\" data-end=\"1134\">jean brut<\/strong> qu\u2019\u00e0 un <strong data-start=\"1143\" data-end=\"1161\">pantalon chino<\/strong> pour un look hivernal \u00e0 la fois moderne et intemporel.<\/p>\n","protected":false},"excerpt":{"rendered":"<p>Affirmez votre style avec cette Sur-chemise \u00e0 motifs g\u00e9om\u00e9triques, inspir\u00e9e des traditions anciennes des Azt\u00e8ques. Confectionn\u00e9e dans un tissu en polyester recycl\u00e9 lourd, elle se distingue par sa surface bross\u00e9e et chaude, id\u00e9ale pour affronter les journ\u00e9es fra\u00eeches avec confort et \u00e9l\u00e9gance. Son motif graphique, compos\u00e9 de lignes sym\u00e9triques et de formes g\u00e9om\u00e9triques rectangulaires et [&hellip;]<\/p>\n","protected":false},"featured_media":2809595,"comment_status":"open","ping_status":"closed","template":"","meta":[],"product_brand":[],"product_cat":[1756,1758],"product_tag":[2244],"acf":[],"_links":{"self":[{"href":"https:\/\/streetmarkets.fr\/app\/wp-json\/wp\/v2\/product\/2809594"}],"collection":[{"href":"https:\/\/streetmarkets.fr\/app\/wp-json\/wp\/v2\/product"}],"about":[{"href":"https:\/\/streetmarkets.fr\/app\/wp-json\/wp\/v2\/types\/product"}],"replies":[{"embeddable":true,"href":"https:\/\/streetmarkets.fr\/app\/wp-json\/wp\/v2\/comments?post=2809594"}],"wp:featuredmedia":[{"embeddable":true,"href":"https:\/\/streetmarkets.fr\/app\/wp-json\/wp\/v2\/media\/2809595"}],"wp:attachment":[{"href":"https:\/\/streetmarkets.fr\/app\/wp-json\/wp\/v2\/media?parent=2809594"}],"wp:term":[{"taxonomy":"product_brand","embeddable":true,"href":"https:\/\/streetmarkets.fr\/app\/wp-json\/wp\/v2\/product_brand?post=2809594"},{"taxonomy":"product_cat","embeddable":true,"href":"https:\/\/streetmarkets.fr\/app\/wp-json\/wp\/v2\/product_cat?post=2809594"},{"taxonomy":"product_tag","embeddable":true,"href":"https:\/\/streetmarkets.fr\/app\/wp-json\/wp\/v2\/product_tag?post=2809594"}],"curies":[{"name":"wp","href":"https:\/\/api.w.org\/{rel}","templated":true}]}}