{"id":2801355,"date":"2025-10-09T02:02:18","date_gmt":"2025-10-09T00:02:18","guid":{"rendered":"https:\/\/streetmarkets.fr\/app\/produit\/courreges-lurex-top\/"},"modified":"2026-05-14T01:59:18","modified_gmt":"2026-05-13T23:59:18","slug":"courreges-lurex-top","status":"publish","type":"product","link":"https:\/\/streetmarkets.fr\/app\/produit\/courreges-lurex-top\/","title":{"rendered":"Courr\u00e8ges Lurex Top"},"content":{"rendered":"<p>Courr\u00e8ges Lurex Top from the 80s in black. It is a V-neck top featuring the Courr\u00e8ges logo at the center of the chest.&#8221;<\/p>\n<p>&nbsp;<\/p>\n<p>VINTAGE CONDITION: <\/p>\n<p>Good<\/p>\n<p>MATERIALS: <\/p>\n<p>Lurex<\/p>\n<p>COLOR: <\/p>\n<p>BLACK<\/p>\n<p>SIZE: <\/p>\n<p>36&nbsp;FR<\/p>\n<p>SHIPPING &amp; RETURN POLICY: <\/p>\n<p>Packages are generally dispatched within 2 days after receipt of payment and are shipped worldwide via Colissimo with tracking information.<\/p>\n<p>Please see our Shipping &amp; Returns Terms for important details regarding shipment options and fees.<br \/>\n&nbsp;<\/p>\n<p><\/p>\n","protected":false},"excerpt":{"rendered":"<p>Courr\u00e8ges Lurex Top from the 80s in black. It is a V-neck top featuring the Courr\u00e8ges logo at the center of the chest.&#8221; &nbsp; VINTAGE CONDITION: Good MATERIALS: Lurex COLOR: BLACK SIZE: 36&nbsp;FR SHIPPING &amp; RETURN POLICY: Packages are generally dispatched within 2 days after receipt of payment and are shipped worldwide via Colissimo with [&hellip;]<\/p>\n","protected":false},"featured_media":2801356,"comment_status":"open","ping_status":"closed","template":"","meta":[],"product_brand":[],"product_cat":[1756,1762],"product_tag":[2122],"acf":[],"_links":{"self":[{"href":"https:\/\/streetmarkets.fr\/app\/wp-json\/wp\/v2\/product\/2801355"}],"collection":[{"href":"https:\/\/streetmarkets.fr\/app\/wp-json\/wp\/v2\/product"}],"about":[{"href":"https:\/\/streetmarkets.fr\/app\/wp-json\/wp\/v2\/types\/product"}],"replies":[{"embeddable":true,"href":"https:\/\/streetmarkets.fr\/app\/wp-json\/wp\/v2\/comments?post=2801355"}],"wp:featuredmedia":[{"embeddable":true,"href":"https:\/\/streetmarkets.fr\/app\/wp-json\/wp\/v2\/media\/2801356"}],"wp:attachment":[{"href":"https:\/\/streetmarkets.fr\/app\/wp-json\/wp\/v2\/media?parent=2801355"}],"wp:term":[{"taxonomy":"product_brand","embeddable":true,"href":"https:\/\/streetmarkets.fr\/app\/wp-json\/wp\/v2\/product_brand?post=2801355"},{"taxonomy":"product_cat","embeddable":true,"href":"https:\/\/streetmarkets.fr\/app\/wp-json\/wp\/v2\/product_cat?post=2801355"},{"taxonomy":"product_tag","embeddable":true,"href":"https:\/\/streetmarkets.fr\/app\/wp-json\/wp\/v2\/product_tag?post=2801355"}],"curies":[{"name":"wp","href":"https:\/\/api.w.org\/{rel}","templated":true}]}}