{"id":2801208,"date":"2025-10-09T01:32:28","date_gmt":"2025-10-08T23:32:28","guid":{"rendered":"https:\/\/streetmarkets.fr\/app\/produit\/french-disorder-sweat-french-toast-olive\/"},"modified":"2025-12-14T00:30:15","modified_gmt":"2025-12-13T23:30:15","slug":"french-disorder-sweat-french-toast-olive","status":"publish","type":"product","link":"https:\/\/streetmarkets.fr\/app\/produit\/french-disorder-sweat-french-toast-olive\/","title":{"rendered":"French Disorder &#8211; Sweat French Toast Olive"},"content":{"rendered":"<p>Motif r\u00e9tro, molleton comfy et coupe regular : le sweat CLYDE joue la carte du cool \u00e0 la fran\u00e7aise. French Touch assum\u00e9e, \u00e0 porter sans mod\u00e9ration.<\/p>\n<p>Molleton 280gr 100% coton premium \u00e9meris\u00e9<\/p>\n","protected":false},"excerpt":{"rendered":"<p>Motif r\u00e9tro, molleton comfy et coupe regular : le sweat CLYDE joue la carte du cool \u00e0 la fran\u00e7aise. French Touch assum\u00e9e, \u00e0 porter sans mod\u00e9ration. Molleton 280gr 100% coton premium \u00e9meris\u00e9<\/p>\n","protected":false},"featured_media":2801209,"comment_status":"open","ping_status":"closed","template":"","meta":[],"product_brand":[],"product_cat":[1756,1758],"product_tag":[1810],"acf":[],"_links":{"self":[{"href":"https:\/\/streetmarkets.fr\/app\/wp-json\/wp\/v2\/product\/2801208"}],"collection":[{"href":"https:\/\/streetmarkets.fr\/app\/wp-json\/wp\/v2\/product"}],"about":[{"href":"https:\/\/streetmarkets.fr\/app\/wp-json\/wp\/v2\/types\/product"}],"replies":[{"embeddable":true,"href":"https:\/\/streetmarkets.fr\/app\/wp-json\/wp\/v2\/comments?post=2801208"}],"wp:featuredmedia":[{"embeddable":true,"href":"https:\/\/streetmarkets.fr\/app\/wp-json\/wp\/v2\/media\/2801209"}],"wp:attachment":[{"href":"https:\/\/streetmarkets.fr\/app\/wp-json\/wp\/v2\/media?parent=2801208"}],"wp:term":[{"taxonomy":"product_brand","embeddable":true,"href":"https:\/\/streetmarkets.fr\/app\/wp-json\/wp\/v2\/product_brand?post=2801208"},{"taxonomy":"product_cat","embeddable":true,"href":"https:\/\/streetmarkets.fr\/app\/wp-json\/wp\/v2\/product_cat?post=2801208"},{"taxonomy":"product_tag","embeddable":true,"href":"https:\/\/streetmarkets.fr\/app\/wp-json\/wp\/v2\/product_tag?post=2801208"}],"curies":[{"name":"wp","href":"https:\/\/api.w.org\/{rel}","templated":true}]}}