{"id":2801173,"date":"2025-10-09T01:32:26","date_gmt":"2025-10-08T23:32:26","guid":{"rendered":"https:\/\/streetmarkets.fr\/app\/produit\/cabane-pull-nord-navy\/"},"modified":"2025-12-14T00:30:14","modified_gmt":"2025-12-13T23:30:14","slug":"cabane-pull-nord-navy","status":"publish","type":"product","link":"https:\/\/streetmarkets.fr\/app\/produit\/cabane-pull-nord-navy\/","title":{"rendered":"Cabane &#8211; Pull Nord Navy"},"content":{"rendered":"<p>Pull Cabane Nord navy fabriqu\u00e9 en France, en alpaga m\u00e9lang\u00e9 : chaud, doux et durable. Maille moelleuse \u201cfluffy\u201d, ne pique pas, ne bouloche pas. Coupe unisexe intemporelle, tricot fran\u00e7ais haut de gamme. L&#8217;Alpaga est r\u00e9put\u00e9 pour sa douceur, sa l\u00e9g\u00e8ret\u00e9 et son potentiel thermique \u00e9lev\u00e9. Cette maille\u00a0<strong>ne pique pas<\/strong>\u00a0et\u00a0<strong>ne perd pas ses poils<\/strong>\u00a0car nous avons s\u00e9lectionn\u00e9 un fil fin, et que nous l&#8217;avons associ\u00e9 un fil coton pour resserrer le tricotage. Test\u00e9 pour ne pas boulocher ou se d\u00e9former, aucun souci \u00e0 se faire sur la qualit\u00e9. <b><strong>35% Laine Alpaga 30% Coton Biologique 25% Polyamide 10% Acrylique<\/strong><\/b><\/p>\n<p>D\u00e9couvrez le <strong>pull Cabane Nord navy<\/strong>, une pi\u00e8ce premium <strong>fabriqu\u00e9e en France<\/strong> dans une maille d\u2019une qualit\u00e9 exceptionnelle. Tricot\u00e9 en alpaga m\u00e9lang\u00e9, il offre une douceur incomparable, une chaleur naturelle et un confort digne des meilleures mailles fran\u00e7aises.<\/p>\n<p>Sa texture moelleuse et l\u00e9g\u00e8rement poilue cr\u00e9e cet effet \u201cfluffy\u201d caract\u00e9ristique, tout en restant parfaitement agr\u00e9able sur la peau. Le pull Cabane Nord navy <strong>ne pique pas<\/strong>, <strong>ne gratte pas<\/strong> et <strong>ne perd pas ses poils<\/strong>, gr\u00e2ce \u00e0 une s\u00e9lection rigoureuse d\u2019un fil d\u2019alpaga fin associ\u00e9 \u00e0 un fil de coton biologique qui resserre le tricotage et garantit une meilleure tenue.<\/p>\n<p>Cette pi\u00e8ce est con\u00e7ue pour durer : elle <strong>ne bouloche pas<\/strong>, ne se d\u00e9forme pas et garde une silhouette impeccable au fil du temps. Sa coupe simple, droite et unisexe en fait un essentiel du vestiaire, id\u00e9al aussi bien pour un usage quotidien que pour un look plus habill\u00e9.<\/p>\n<p>Cabane perp\u00e9tue le savoir-faire de la maille fran\u00e7aise avec une fabrication locale, responsable et durable. Le <strong>pull Cabane Nord navy<\/strong> devient ainsi un investissement fiable, chaleureux et \u00e9l\u00e9gant pour l\u2019hiver comme pour la mi-saison.<\/p>\n<p><strong>Composition :<\/strong><br \/>35% laine alpaga \u2013 30% coton biologique \u2013 25% polyamide \u2013 10% acrylique<br \/><strong>Fabrication :<\/strong> 100 % Made in France<\/p>\n<p>\u2714 <strong>Voir tous les pulls <a href=\"http:\/\/\u2714 Voir tous les pulls Cabane \u2714 D\u00e9couvrir la s\u00e9lection pulls made in France \u2714 Pulls unisexes\">Cabane<\/a><\/strong> de notre selection ou<br \/>d\u00e9couvrez le <a href=\"https:\/\/www.cabane-boutique.com\/\">reste <\/a>ici<\/p>\n","protected":false},"excerpt":{"rendered":"<p>Pull Cabane Nord navy fabriqu\u00e9 en France, en alpaga m\u00e9lang\u00e9 : chaud, doux et durable. Maille moelleuse \u201cfluffy\u201d, ne pique pas, ne bouloche pas. Coupe unisexe intemporelle, tricot fran\u00e7ais haut de gamme. L&#8217;Alpaga est r\u00e9put\u00e9 pour sa douceur, sa l\u00e9g\u00e8ret\u00e9 et son potentiel thermique \u00e9lev\u00e9. Cette maille\u00a0ne pique pas\u00a0et\u00a0ne perd pas ses poils\u00a0car nous avons [&hellip;]<\/p>\n","protected":false},"featured_media":2801174,"comment_status":"open","ping_status":"closed","template":"","meta":[],"product_brand":[],"product_cat":[1756,1758],"product_tag":[1810],"acf":[],"_links":{"self":[{"href":"https:\/\/streetmarkets.fr\/app\/wp-json\/wp\/v2\/product\/2801173"}],"collection":[{"href":"https:\/\/streetmarkets.fr\/app\/wp-json\/wp\/v2\/product"}],"about":[{"href":"https:\/\/streetmarkets.fr\/app\/wp-json\/wp\/v2\/types\/product"}],"replies":[{"embeddable":true,"href":"https:\/\/streetmarkets.fr\/app\/wp-json\/wp\/v2\/comments?post=2801173"}],"wp:featuredmedia":[{"embeddable":true,"href":"https:\/\/streetmarkets.fr\/app\/wp-json\/wp\/v2\/media\/2801174"}],"wp:attachment":[{"href":"https:\/\/streetmarkets.fr\/app\/wp-json\/wp\/v2\/media?parent=2801173"}],"wp:term":[{"taxonomy":"product_brand","embeddable":true,"href":"https:\/\/streetmarkets.fr\/app\/wp-json\/wp\/v2\/product_brand?post=2801173"},{"taxonomy":"product_cat","embeddable":true,"href":"https:\/\/streetmarkets.fr\/app\/wp-json\/wp\/v2\/product_cat?post=2801173"},{"taxonomy":"product_tag","embeddable":true,"href":"https:\/\/streetmarkets.fr\/app\/wp-json\/wp\/v2\/product_tag?post=2801173"}],"curies":[{"name":"wp","href":"https:\/\/api.w.org\/{rel}","templated":true}]}}