{"id":2801165,"date":"2025-10-09T01:32:25","date_gmt":"2025-10-08T23:32:25","guid":{"rendered":"https:\/\/streetmarkets.fr\/app\/produit\/cabane-pull-chili-red\/"},"modified":"2025-12-14T00:30:14","modified_gmt":"2025-12-13T23:30:14","slug":"cabane-pull-chili-red","status":"publish","type":"product","link":"https:\/\/streetmarkets.fr\/app\/produit\/cabane-pull-chili-red\/","title":{"rendered":"Cabane &#8211; Pull Chili Red"},"content":{"rendered":"<p>Le col rond CHILI est notre pull le plus chaud et le plus doux. Une maille \u00e9paisse et moelleuse, douce et compacte. Le cachemire associ\u00e9 \u00e0 la laine apporte toute la douceur \u00e0 cette maille. fabriqu\u00e9 en France : Tricot\u00e9 dans un jersey 3 fils, il ne pique pas, ne se d\u00e9forme pas et ne bouloche pas. Coupe unisexe premium. <b><strong>90% Laine vierge 10% Cachemire <\/strong><\/b><\/p>\n<p>D\u00e9couvrez le <strong>pull Cabane Chili Red<\/strong>, une pi\u00e8ce chaude et haut de gamme <strong>fabriqu\u00e9e en France<\/strong> dans une maille dense, moelleuse et incroyablement douce. Tricot\u00e9 en jersey 3 fils, ce pull allie chaleur, confort et durabilit\u00e9, tout en conservant une allure minimaliste et \u00e9l\u00e9gante.<\/p>\n<p>Sa composition en <strong>90% laine vierge<\/strong> associ\u00e9e \u00e0 <strong>10% cachemire<\/strong> lui apporte une douceur remarquable et une vraie tenue dans le temps. Cette maille structur\u00e9e ne pique pas, ne bouloche pas et ne se d\u00e9forme pas, m\u00eame port\u00e9e au quotidien. C\u2019est l\u2019un des pulls les plus chauds de la marque Cabane, pens\u00e9 pour affronter l\u2019hiver en alliant style et confort.<\/p>\n<p>Le coloris Chili Red, profond et lumineux, apporte une touche moderne et assum\u00e9e \u00e0 votre vestiaire. Gr\u00e2ce \u00e0 sa coupe droite unisexe, le pull Cabane Chili Red se porte facilement, aussi bien dans des looks casual avec un jean que dans des tenues plus habill\u00e9es.<\/p>\n<p>Comme toujours chez Cabane, chaque mod\u00e8le est imagin\u00e9 et <strong>enti\u00e8rement fabriqu\u00e9 en France<\/strong>, dans des ateliers qui perp\u00e9tuent un savoir-faire pr\u00e9cieux autour de la maille. Choisir ce pull, c\u2019est soutenir une production locale, responsable et durable, tout en profitant d\u2019une qualit\u00e9 haut de gamme.<\/p>\n<p>Le pull Cabane Chili Red est une pi\u00e8ce intemporelle, confortable et chaude, parfaite pour l\u2019hiver comme pour la mi-saison. Une valeur s\u00fbre pour ceux qui recherchent une maille fran\u00e7aise premium et un style affirm\u00e9.<\/p>\n<p><strong>Composition :<\/strong><br \/>90% laine vierge \u2013 10% cachemire<br \/><strong>Fabrication :<\/strong> 100 % Made in France<\/p>\n<p>\u2714 <strong>Voir tous les pulls <a href=\"http:\/\/\u2714 Voir tous les pulls Cabane \u2714 D\u00e9couvrir la s\u00e9lection pulls made in France \u2714 Pulls unisexes\">Cabane<\/a><\/strong> de notre selection ou<br \/>d\u00e9couvrez le <a href=\"https:\/\/www.cabane-boutique.com\/\">reste <\/a>ici<\/p>\n","protected":false},"excerpt":{"rendered":"<p>Le col rond CHILI est notre pull le plus chaud et le plus doux. Une maille \u00e9paisse et moelleuse, douce et compacte. Le cachemire associ\u00e9 \u00e0 la laine apporte toute la douceur \u00e0 cette maille. fabriqu\u00e9 en France : Tricot\u00e9 dans un jersey 3 fils, il ne pique pas, ne se d\u00e9forme pas et ne [&hellip;]<\/p>\n","protected":false},"featured_media":2801166,"comment_status":"open","ping_status":"closed","template":"","meta":[],"product_brand":[],"product_cat":[1756,1758],"product_tag":[1810],"acf":[],"_links":{"self":[{"href":"https:\/\/streetmarkets.fr\/app\/wp-json\/wp\/v2\/product\/2801165"}],"collection":[{"href":"https:\/\/streetmarkets.fr\/app\/wp-json\/wp\/v2\/product"}],"about":[{"href":"https:\/\/streetmarkets.fr\/app\/wp-json\/wp\/v2\/types\/product"}],"replies":[{"embeddable":true,"href":"https:\/\/streetmarkets.fr\/app\/wp-json\/wp\/v2\/comments?post=2801165"}],"wp:featuredmedia":[{"embeddable":true,"href":"https:\/\/streetmarkets.fr\/app\/wp-json\/wp\/v2\/media\/2801166"}],"wp:attachment":[{"href":"https:\/\/streetmarkets.fr\/app\/wp-json\/wp\/v2\/media?parent=2801165"}],"wp:term":[{"taxonomy":"product_brand","embeddable":true,"href":"https:\/\/streetmarkets.fr\/app\/wp-json\/wp\/v2\/product_brand?post=2801165"},{"taxonomy":"product_cat","embeddable":true,"href":"https:\/\/streetmarkets.fr\/app\/wp-json\/wp\/v2\/product_cat?post=2801165"},{"taxonomy":"product_tag","embeddable":true,"href":"https:\/\/streetmarkets.fr\/app\/wp-json\/wp\/v2\/product_tag?post=2801165"}],"curies":[{"name":"wp","href":"https:\/\/api.w.org\/{rel}","templated":true}]}}