{"id":2795066,"date":"2025-10-08T01:25:06","date_gmt":"2025-10-07T23:25:06","guid":{"rendered":"https:\/\/streetmarkets.fr\/app\/produit\/porte-cle-bisou\/"},"modified":"2026-05-06T01:16:48","modified_gmt":"2026-05-05T23:16:48","slug":"porte-cle-bisou","status":"publish","type":"product","link":"https:\/\/streetmarkets.fr\/app\/produit\/porte-cle-bisou\/","title":{"rendered":"Porte-cl\u00e9 Bisou"},"content":{"rendered":"<p><a title=\"Collection Malicieuse\" href=\"https:\/\/frenchtouche.com\/collections\/malicieuse\"><b>Collection Malicieuse<\/b><\/a><\/p>\n<div aria-labelledby=\"Summary-product-description\" role=\"region\" class=\"accordion__content\" id=\"CollapsibleAccordion-product-description\">\n<p>Parce qu\u2019on a toujours besoin d\u2019un peu d\u2019amour dans sa poche ! Ce porte-cl\u00e9 color\u00e9\u00a0<em><strong>Bisou<\/strong><\/em> est l\u00e0 pour apporter une touche de tendresse et de fun \u00e0 ton quotidien. Avec ses couleurs pop et ses petites \u00e9toiles dor\u00e9es, il fait p\u00e9tiller tes cl\u00e9s tout en te rappelant l\u2019importance des petits moments de douceur.<\/p>\n<p><span>C&#8217;est le cadeau parfait \u00e0 (s&#8217;)offrir\u00a0pour envoyer un bisou \u00e0 distance ou simplement pour t&#8217;accompagner avec style au quotidien.<\/span><\/p>\n<ul>\n<li>M\u00e9tal dor\u00e9 et \u00e9maillage color\u00e9<\/li>\n<li>Dimensions : 6 x 4 cm<\/li>\n<li>Inscription <strong>BISOU<\/strong>, motif \u00e9toiles dor\u00e9es\n<\/li>\n<\/ul>\n<p>Une cr\u00e9ation <em>Malicieuse <\/em>dessin\u00e9e\u00a0en R\u00e9gion Parisienne avec amour\u00a0\u2764\ufe0f\u00a0<\/p>\n<\/div>\n","protected":false},"excerpt":{"rendered":"<p>Collection Malicieuse Parce qu\u2019on a toujours besoin d\u2019un peu d\u2019amour dans sa poche ! Ce porte-cl\u00e9 color\u00e9\u00a0Bisou est l\u00e0 pour apporter une touche de tendresse et de fun \u00e0 ton quotidien. Avec ses couleurs pop et ses petites \u00e9toiles dor\u00e9es, il fait p\u00e9tiller tes cl\u00e9s tout en te rappelant l\u2019importance des petits moments de douceur. [&hellip;]<\/p>\n","protected":false},"featured_media":2795067,"comment_status":"open","ping_status":"closed","template":"","meta":[],"product_brand":[],"product_cat":[1756,1764],"product_tag":[2244,1813],"acf":[],"_links":{"self":[{"href":"https:\/\/streetmarkets.fr\/app\/wp-json\/wp\/v2\/product\/2795066"}],"collection":[{"href":"https:\/\/streetmarkets.fr\/app\/wp-json\/wp\/v2\/product"}],"about":[{"href":"https:\/\/streetmarkets.fr\/app\/wp-json\/wp\/v2\/types\/product"}],"replies":[{"embeddable":true,"href":"https:\/\/streetmarkets.fr\/app\/wp-json\/wp\/v2\/comments?post=2795066"}],"wp:featuredmedia":[{"embeddable":true,"href":"https:\/\/streetmarkets.fr\/app\/wp-json\/wp\/v2\/media\/2795067"}],"wp:attachment":[{"href":"https:\/\/streetmarkets.fr\/app\/wp-json\/wp\/v2\/media?parent=2795066"}],"wp:term":[{"taxonomy":"product_brand","embeddable":true,"href":"https:\/\/streetmarkets.fr\/app\/wp-json\/wp\/v2\/product_brand?post=2795066"},{"taxonomy":"product_cat","embeddable":true,"href":"https:\/\/streetmarkets.fr\/app\/wp-json\/wp\/v2\/product_cat?post=2795066"},{"taxonomy":"product_tag","embeddable":true,"href":"https:\/\/streetmarkets.fr\/app\/wp-json\/wp\/v2\/product_tag?post=2795066"}],"curies":[{"name":"wp","href":"https:\/\/api.w.org\/{rel}","templated":true}]}}