{"id":2782398,"date":"2025-10-06T01:19:13","date_gmt":"2025-10-05T23:19:13","guid":{"rendered":"https:\/\/streetmarkets.fr\/app\/produit\/ecusson-corgi\/"},"modified":"2026-05-06T01:14:52","modified_gmt":"2026-05-05T23:14:52","slug":"ecusson-corgi","status":"publish","type":"product","link":"https:\/\/streetmarkets.fr\/app\/produit\/ecusson-corgi\/","title":{"rendered":"Ecusson Corgi"},"content":{"rendered":"<p><a href=\"https:\/\/frenchtouche.com\/collections\/malicieuse\" title=\"Collection Malicieuse\"><b>Collection Malicieuse<\/b><\/a><\/p>\n<div id=\"CollapsibleAccordion-product-description\" class=\"accordion__content\" role=\"region\" aria-labelledby=\"Summary-product-description\">\n<p><span>L&#8217;adorable patch \u00e0 thermocoller Corgi parfait pour tous les Dog Lovers, pour faire honneur \u00e0 ton fid\u00e8le ami.<\/span><\/p>\n<p>Pssst, le truc cool c&#8217;est qu&#8217;il se pose en un coup de fer \u00e0 repasser, rien de plus simple !<\/p>\n<ul>\n<li>Patch \u00e0 thermocoller motif  <span>chien de race <strong>CORGI<\/strong> avec bandana fleurs<\/span>\n<\/li>\n<li>Dimensions : 5 x 4,5 cm<\/li>\n<li>R\u00e9sistant au lavage \u00e0 froid 30\u00b0\n<\/li>\n<\/ul>\n<p>Une cr\u00e9ation\u00a0<em>Malicieuse <\/em>dessin\u00e9e\u00a0en R\u00e9gion Parisienne avec amour\u00a0\u2764\ufe0f\u00a0<\/p>\n<\/div>\n","protected":false},"excerpt":{"rendered":"<p>Collection Malicieuse L&#8217;adorable patch \u00e0 thermocoller Corgi parfait pour tous les Dog Lovers, pour faire honneur \u00e0 ton fid\u00e8le ami. Pssst, le truc cool c&#8217;est qu&#8217;il se pose en un coup de fer \u00e0 repasser, rien de plus simple ! Patch \u00e0 thermocoller motif chien de race CORGI avec bandana fleurs Dimensions : 5 x [&hellip;]<\/p>\n","protected":false},"featured_media":2782399,"comment_status":"open","ping_status":"closed","template":"","meta":[],"product_brand":[],"product_cat":[1756,1764],"product_tag":[2244,1813],"acf":[],"_links":{"self":[{"href":"https:\/\/streetmarkets.fr\/app\/wp-json\/wp\/v2\/product\/2782398"}],"collection":[{"href":"https:\/\/streetmarkets.fr\/app\/wp-json\/wp\/v2\/product"}],"about":[{"href":"https:\/\/streetmarkets.fr\/app\/wp-json\/wp\/v2\/types\/product"}],"replies":[{"embeddable":true,"href":"https:\/\/streetmarkets.fr\/app\/wp-json\/wp\/v2\/comments?post=2782398"}],"wp:featuredmedia":[{"embeddable":true,"href":"https:\/\/streetmarkets.fr\/app\/wp-json\/wp\/v2\/media\/2782399"}],"wp:attachment":[{"href":"https:\/\/streetmarkets.fr\/app\/wp-json\/wp\/v2\/media?parent=2782398"}],"wp:term":[{"taxonomy":"product_brand","embeddable":true,"href":"https:\/\/streetmarkets.fr\/app\/wp-json\/wp\/v2\/product_brand?post=2782398"},{"taxonomy":"product_cat","embeddable":true,"href":"https:\/\/streetmarkets.fr\/app\/wp-json\/wp\/v2\/product_cat?post=2782398"},{"taxonomy":"product_tag","embeddable":true,"href":"https:\/\/streetmarkets.fr\/app\/wp-json\/wp\/v2\/product_tag?post=2782398"}],"curies":[{"name":"wp","href":"https:\/\/api.w.org\/{rel}","templated":true}]}}