{"id":2782387,"date":"2025-10-06T01:19:10","date_gmt":"2025-10-05T23:19:10","guid":{"rendered":"https:\/\/streetmarkets.fr\/app\/produit\/ecusson-mother-of-dragons\/"},"modified":"2026-05-06T01:14:52","modified_gmt":"2026-05-05T23:14:52","slug":"ecusson-mother-of-dragons","status":"publish","type":"product","link":"https:\/\/streetmarkets.fr\/app\/produit\/ecusson-mother-of-dragons\/","title":{"rendered":"Ecusson Mother of Dragons"},"content":{"rendered":"<p><a href=\"https:\/\/frenchtouche.com\/collections\/malicieuse\" title=\"Collection Malicieuse\"><b>Collection Malicieuse<\/b><\/a><\/p>\n<div id=\"CollapsibleAccordion-product-description\" class=\"accordion__content\" role=\"region\" aria-labelledby=\"Summary-product-description\">\n<p><span>Cet \u00e9cusson brod\u00e9 est l&#8217;accessoire parfait pour tous les parents qui jonglent entre douceur et force au quotidien. Avec ce patch &#8220;Mother of Dragons &#8220;, donnez du pep&#8217;s \u00e0 vos v\u00eatement !<\/span><\/p>\n<p>Pssst, le truc cool c&#8217;est qu&#8217;il se pose en un coup de fer \u00e0 repasser, rien de plus simple !<\/p>\n<ul>\n<li>Patch \u00e0 thermocoller motif  <span><strong>MOTHER OF DRAGONS<\/strong>\u00a0vert et rose<\/span>\n<\/li>\n<li>Dimensions : 6 x 6 cm<\/li>\n<li>R\u00e9sistant au lavage \u00e0 froid 30\u00b0\n<\/li>\n<\/ul>\n<p>Une cr\u00e9ation\u00a0<em>Malicieuse x Dieu Cr\u00e9a <\/em>dessin\u00e9e avec amour \u2764\ufe0f\u00a0<\/p>\n<\/div>\n","protected":false},"excerpt":{"rendered":"<p>Collection Malicieuse Cet \u00e9cusson brod\u00e9 est l&#8217;accessoire parfait pour tous les parents qui jonglent entre douceur et force au quotidien. Avec ce patch &#8220;Mother of Dragons &#8220;, donnez du pep&#8217;s \u00e0 vos v\u00eatement ! Pssst, le truc cool c&#8217;est qu&#8217;il se pose en un coup de fer \u00e0 repasser, rien de plus simple ! Patch [&hellip;]<\/p>\n","protected":false},"featured_media":2782388,"comment_status":"open","ping_status":"closed","template":"","meta":[],"product_brand":[],"product_cat":[1756,1764],"product_tag":[2244,1813],"acf":[],"_links":{"self":[{"href":"https:\/\/streetmarkets.fr\/app\/wp-json\/wp\/v2\/product\/2782387"}],"collection":[{"href":"https:\/\/streetmarkets.fr\/app\/wp-json\/wp\/v2\/product"}],"about":[{"href":"https:\/\/streetmarkets.fr\/app\/wp-json\/wp\/v2\/types\/product"}],"replies":[{"embeddable":true,"href":"https:\/\/streetmarkets.fr\/app\/wp-json\/wp\/v2\/comments?post=2782387"}],"wp:featuredmedia":[{"embeddable":true,"href":"https:\/\/streetmarkets.fr\/app\/wp-json\/wp\/v2\/media\/2782388"}],"wp:attachment":[{"href":"https:\/\/streetmarkets.fr\/app\/wp-json\/wp\/v2\/media?parent=2782387"}],"wp:term":[{"taxonomy":"product_brand","embeddable":true,"href":"https:\/\/streetmarkets.fr\/app\/wp-json\/wp\/v2\/product_brand?post=2782387"},{"taxonomy":"product_cat","embeddable":true,"href":"https:\/\/streetmarkets.fr\/app\/wp-json\/wp\/v2\/product_cat?post=2782387"},{"taxonomy":"product_tag","embeddable":true,"href":"https:\/\/streetmarkets.fr\/app\/wp-json\/wp\/v2\/product_tag?post=2782387"}],"curies":[{"name":"wp","href":"https:\/\/api.w.org\/{rel}","templated":true}]}}