{"id":2770507,"date":"2025-10-04T02:03:48","date_gmt":"2025-10-04T00:03:48","guid":{"rendered":"https:\/\/streetmarkets.fr\/app\/produit\/bonnet-a-pompon-powder-town-beanie-recycle-patagonia\/"},"modified":"2026-05-06T02:00:49","modified_gmt":"2026-05-06T00:00:49","slug":"bonnet-a-pompon-powder-town-beanie-recycle-patagonia","status":"publish","type":"product","link":"https:\/\/streetmarkets.fr\/app\/produit\/bonnet-a-pompon-powder-town-beanie-recycle-patagonia\/","title":{"rendered":"Bonnet \u00e0 pompon Powder Town Beanie recycl\u00e9 &#8211; Patagonia"},"content":{"rendered":"<h2>\n<span><\/span>Bonnet \u00e0 pompon Powder Town Beanie recycl\u00e9 &#8211; Patagonia<br \/>\n<\/h2>\n<p><img decoding=\"async\" src=\"https:\/\/cdn.shopify.com\/s\/files\/1\/0593\/7093\/0335\/files\/Patagonia-logo_480x480.jpg?v=1678193525\" alt=\"\"><img decoding=\"async\" alt=\"\" src=\"https:\/\/cdn.shopify.com\/s\/files\/1\/0593\/7093\/0335\/files\/Picto_Mode_Textile_480x480.jpg?v=1677763747\"><img decoding=\"async\" alt=\"\" src=\"https:\/\/cdn.shopify.com\/s\/files\/1\/0593\/7093\/0335\/files\/Picto_Fair_Trade_480x480.jpg?v=1677763747\"><img decoding=\"async\" src=\"https:\/\/cdn.shopify.com\/s\/files\/1\/0593\/7093\/0335\/files\/Picto_Matieres_recyclees_480x480.jpg?v=1677763747\" alt=\"\"><\/p>\n<p data-start=\"385\" data-end=\"863\">Affiche ton style sur les pistes comme en ville avec le <strong data-start=\"329\" data-end=\"351\">Powder Town Beanie<\/strong> de Patagonia. Ce bonnet \u00e0 pompon color\u00e9, tricot\u00e9 en maille \u00e0 relief 100 % polyester recycl\u00e9, offre chaleur, douceur et s\u00e9chage rapide, tout en affirmant ton engagement pour une mode responsable.<\/p>\n<p data-start=\"865\" data-end=\"1342\"><strong data-start=\"865\" data-end=\"889\">\u2728 Pourquoi l\u2019adopter<\/strong><br data-start=\"889\" data-end=\"892\">\ud83e\uddf6 Mati\u00e8re 100 % recycl\u00e9e : tricot doux et chaud en polyester recycl\u00e9 qui ne gratte pas.<br \/>\ud83c\udfbf Style r\u00e9tro assum\u00e9 : design color\u00e9 avec logo Patagonia et pompon fantaisie.<br \/>\ud83c\udf2c Protection efficace : bords c\u00f4tel\u00e9s de 7,6 cm qui conservent la chaleur.<br \/>\ud83d\udca8 S\u00e9chage rapide : id\u00e9al par temps humide ou apr\u00e8s un effort.<br \/>\ud83e\udd1d \u00c9thique garantie : confection Fair Trade Certified\u2122 avec prime pour les ouvriers.<br \/>\ud83c\udf0f Engagement \u00e9coresponsable : conception durable et r\u00e9sistante pour limiter l\u2019impact environnemental.<\/p>\n<p data-start=\"1344\" data-end=\"1517\"><strong data-start=\"1344\" data-end=\"1362\">\ud83e\udd7e Id\u00e9al pour\u2026<\/strong><br data-start=\"1362\" data-end=\"1365\">Les journ\u00e9es froides en montagne, les sorties outdoor hivernales ou pour ajouter une touche vintage \u00e0 tes looks urbains.<\/p>\n<p data-start=\"1519\" data-end=\"1642\"><strong data-start=\"1519\" data-end=\"1535\">\ud83e\uddfc Entretien<\/strong><br data-start=\"1535\" data-end=\"1538\">Laver en machine \u00e0 l&#8217;eau ti\u00e8de, ne pas blanchir, faire s\u00e9cher \u00e0 basse temp\u00e9rature, ne pas repasser.<\/p>\n<p><strong>Mati\u00e8re confortable<\/strong><br \/>Mati\u00e8re douce et confortable 100% polyester recycl\u00e9 avec maille \u00e0 relief<\/p>\n<p><strong>Bords c\u00f4tel\u00e9s<\/strong><br \/>Bords c\u00f4tel\u00e9s de 7,6 cm qui conservent la chaleur et maintiennent le bonnet en place<\/p>\n<p><strong>Pompon styl\u00e9<\/strong><br \/>Pompon sur le dessus pour une touche de fantaisie<\/p>\n<h3>PATAGONIA<\/h3>\n<p><span><em>\u00ab Acheter pour vivre, au lieu de vivre pour acheter \u00bb, cette phrase\u00a0<\/em>d&#8217;Yvon Chouinard, fondateur peu conventionnel de la marque Patagonia illustre bien le positionnement de la marque.<\/span><\/p>\n<p><span>Depuis 1973, Patagonia propose des v\u00eatements techniques \u00e9co-con\u00e7us de sports de montagne, de surf,\u00a0pour d\u00e9couvrir les grands espaces naturels sauvages.\u00a0Pour concevoir ses v\u00eatements, Patagonia utilise uniquement du coton biologique et des chlorofibres (mati\u00e8res recycl\u00e9es). On pourrait r\u00e9sumer ainsi la philosophie de\u00a0PATAGONIA\u00a0:<em> &#8220;Fabriquer les meilleurs produits en causant le moindre impact environnemental, utiliser le monde des affaires pour inspirer et mettre en place des solutions \u00e0 la crise environnementale.&#8221;<\/em><\/span><\/p>\n<h3>INFORMATIONS<\/h3>\n<p>Mati\u00e8re principale : maille 2 fils 100 % polyester recycl\u00e9<br \/>Bords : c\u00f4tel\u00e9s 7,6 cm<br \/>Confection : atelier Fair Trade Certified\u2122<br \/>Pays d\u2019origine : Fabriqu\u00e9 au Vietnam.<br \/>Poids : 173 g<\/p>\n","protected":false},"excerpt":{"rendered":"<p>Bonnet \u00e0 pompon Powder Town Beanie recycl\u00e9 &#8211; Patagonia Affiche ton style sur les pistes comme en ville avec le Powder Town Beanie de Patagonia. Ce bonnet \u00e0 pompon color\u00e9, tricot\u00e9 en maille \u00e0 relief 100 % polyester recycl\u00e9, offre chaleur, douceur et s\u00e9chage rapide, tout en affirmant ton engagement pour une mode responsable. \u2728 [&hellip;]<\/p>\n","protected":false},"featured_media":2770508,"comment_status":"open","ping_status":"closed","template":"","meta":[],"product_brand":[7133],"product_cat":[1756,1760],"product_tag":[1810],"acf":[],"_links":{"self":[{"href":"https:\/\/streetmarkets.fr\/app\/wp-json\/wp\/v2\/product\/2770507"}],"collection":[{"href":"https:\/\/streetmarkets.fr\/app\/wp-json\/wp\/v2\/product"}],"about":[{"href":"https:\/\/streetmarkets.fr\/app\/wp-json\/wp\/v2\/types\/product"}],"replies":[{"embeddable":true,"href":"https:\/\/streetmarkets.fr\/app\/wp-json\/wp\/v2\/comments?post=2770507"}],"wp:featuredmedia":[{"embeddable":true,"href":"https:\/\/streetmarkets.fr\/app\/wp-json\/wp\/v2\/media\/2770508"}],"wp:attachment":[{"href":"https:\/\/streetmarkets.fr\/app\/wp-json\/wp\/v2\/media?parent=2770507"}],"wp:term":[{"taxonomy":"product_brand","embeddable":true,"href":"https:\/\/streetmarkets.fr\/app\/wp-json\/wp\/v2\/product_brand?post=2770507"},{"taxonomy":"product_cat","embeddable":true,"href":"https:\/\/streetmarkets.fr\/app\/wp-json\/wp\/v2\/product_cat?post=2770507"},{"taxonomy":"product_tag","embeddable":true,"href":"https:\/\/streetmarkets.fr\/app\/wp-json\/wp\/v2\/product_tag?post=2770507"}],"curies":[{"name":"wp","href":"https:\/\/api.w.org\/{rel}","templated":true}]}}