{"id":2770423,"date":"2025-10-04T01:47:00","date_gmt":"2025-10-03T23:47:00","guid":{"rendered":"https:\/\/streetmarkets.fr\/app\/produit\/chaussettes-dinosaures-en-coton-bio-homme\/"},"modified":"2026-05-06T01:44:35","modified_gmt":"2026-05-05T23:44:35","slug":"chaussettes-dinosaures-en-coton-bio-homme","status":"publish","type":"product","link":"https:\/\/streetmarkets.fr\/app\/produit\/chaussettes-dinosaures-en-coton-bio-homme\/","title":{"rendered":"Chaussettes dinosaures en coton bio homme"},"content":{"rendered":"<ul data-mce-fragment=\"1\">\n<li data-mce-fragment=\"1\">chaussettes pour <strong>hommes<\/strong> dans une bo\u00eete <strong>cadeau \ud83c\udf81\u00a0<\/strong>\n<\/li>\n<li data-mce-fragment=\"1\">motif <strong>dinosaures<\/strong>\u00a0<\/li>\n<li data-mce-fragment=\"1\">coloris kaki, fond bleu marine\u00a0<\/li>\n<li data-mce-fragment=\"1\">64,6%\u00a0<strong data-mce-fragment=\"1\">coton bio <\/strong>certifi\u00e9<strong data-mce-fragment=\"1\"> Gots<\/strong><span data-mce-fragment=\"1\">\u00a0,<\/span><span data-mce-fragment=\"1\"> 16,6% polyester <\/span><strong data-mce-fragment=\"1\">recycl\u00e9,<\/strong> 17,2% nylon\u00a0<strong data-mce-fragment=\"1\">recycl\u00e9,<\/strong> 1,6% \u00e9lasthanne<\/li>\n<li data-mce-fragment=\"1\">tr\u00e8s confortables<\/li>\n<li data-mce-fragment=\"1\">taille<span data-mce-fragment=\"1\">\u00a0<\/span><strong data-mce-fragment=\"1\">unique<\/strong>, 40\/44<\/li>\n<li data-mce-fragment=\"1\">marque<span data-mce-fragment=\"1\"> \u00e9thique anglaise <\/span><strong data-mce-fragment=\"1\">Thought\u00a0<\/strong>\n<\/li>\n<li data-mce-fragment=\"1\">\n<strong data-mce-fragment=\"1\">best-seller<\/strong><span data-mce-fragment=\"1\">\u00a0<\/span>de la marque<\/li>\n<\/ul>\n<p>C&#8217;est le petit cadeau clin d&#8217;\ud83d\udc41 pour celui qui est passionn\u00e9 par les dinosaures \ud83e\udd95<\/p>\n<p>Offrez ces chaussettes dinosaures en coton bio certifi\u00e9 GOTS, le cadeau parfait pour les amateurs de pr\u00e9histoire ! Confectionn\u00e9es par la marque \u00e9thique anglaise Thought, elles allient confort et responsabilit\u00e9 environnementale avec leur composition : 64,6% coton bio, 16,6% polyester recycl\u00e9 et 17,2% nylon recycl\u00e9. Le motif dinosaures sur fond bleu marine et d\u00e9tails kaki apporte une touche ludique et originale. Taille unique 40\/44. Livr\u00e9es en bo\u00eete cadeau pr\u00eate \u00e0 offrir, ces chaussettes sont le best-seller incontournable de la marque pour un pr\u00e9sent qui plaira \u00e0 coup s\u00fbr.<\/p>\n","protected":false},"excerpt":{"rendered":"<p>chaussettes pour hommes dans une bo\u00eete cadeau \ud83c\udf81\u00a0 motif dinosaures\u00a0 coloris kaki, fond bleu marine\u00a0 64,6%\u00a0coton bio certifi\u00e9 Gots\u00a0, 16,6% polyester recycl\u00e9, 17,2% nylon\u00a0recycl\u00e9, 1,6% \u00e9lasthanne tr\u00e8s confortables taille\u00a0unique, 40\/44 marque \u00e9thique anglaise Thought\u00a0 best-seller\u00a0de la marque C&#8217;est le petit cadeau clin d&#8217;\ud83d\udc41 pour celui qui est passionn\u00e9 par les dinosaures \ud83e\udd95 Offrez ces chaussettes [&hellip;]<\/p>\n","protected":false},"featured_media":2770424,"comment_status":"open","ping_status":"closed","template":"","meta":[],"product_brand":[],"product_cat":[1756,1758],"product_tag":[1810],"acf":[],"_links":{"self":[{"href":"https:\/\/streetmarkets.fr\/app\/wp-json\/wp\/v2\/product\/2770423"}],"collection":[{"href":"https:\/\/streetmarkets.fr\/app\/wp-json\/wp\/v2\/product"}],"about":[{"href":"https:\/\/streetmarkets.fr\/app\/wp-json\/wp\/v2\/types\/product"}],"replies":[{"embeddable":true,"href":"https:\/\/streetmarkets.fr\/app\/wp-json\/wp\/v2\/comments?post=2770423"}],"wp:featuredmedia":[{"embeddable":true,"href":"https:\/\/streetmarkets.fr\/app\/wp-json\/wp\/v2\/media\/2770424"}],"wp:attachment":[{"href":"https:\/\/streetmarkets.fr\/app\/wp-json\/wp\/v2\/media?parent=2770423"}],"wp:term":[{"taxonomy":"product_brand","embeddable":true,"href":"https:\/\/streetmarkets.fr\/app\/wp-json\/wp\/v2\/product_brand?post=2770423"},{"taxonomy":"product_cat","embeddable":true,"href":"https:\/\/streetmarkets.fr\/app\/wp-json\/wp\/v2\/product_cat?post=2770423"},{"taxonomy":"product_tag","embeddable":true,"href":"https:\/\/streetmarkets.fr\/app\/wp-json\/wp\/v2\/product_tag?post=2770423"}],"curies":[{"name":"wp","href":"https:\/\/api.w.org\/{rel}","templated":true}]}}