{"id":2770396,"date":"2025-10-04T01:35:36","date_gmt":"2025-10-03T23:35:36","guid":{"rendered":"https:\/\/streetmarkets.fr\/app\/produit\/boite-a-montre-double-james\/"},"modified":"2026-04-11T01:17:52","modified_gmt":"2026-04-10T23:17:52","slug":"boite-a-montre-double-james","status":"publish","type":"product","link":"https:\/\/streetmarkets.fr\/app\/produit\/boite-a-montre-double-james\/","title":{"rendered":"Bo\u00eete \u00e0 Montre Double James"},"content":{"rendered":"<h4><a title=\"Collection Maison Scarlett\" href=\"https:\/\/frenchtouche.com\/collections\/maison-scarlett\">Collection Maison Scarlett<\/a><\/h4>\n<p>Emportez vos montres favorites en toute s\u00e9curit\u00e9 lors de vos d\u00e9placements gr\u00e2ce \u00e0 la bo\u00eete \u00e0 montre de voyage James !<\/p>\n<p>Gr\u00e2ce \u00e0 son\u00a0format compact\u00a0elle se glisse ais\u00e9ment dans vos bagages tout en offrant un nid douillet \u00e0 vos pr\u00e9cieux garde-temps.<\/p>\n<p><span>Son cuir PU grain\u00e9 noir la rend aussi sobre et \u00e9l\u00e9gante que pratique.<\/span><\/p>\n<ul><\/ul>\n<ul>\n<li>Dimensions :\u00a0<span>15,5 x 7,5 x 10 cm (L x l x h)<\/span>\n<\/li>\n<li>Capacit\u00e9 : 2 montres<\/li>\n<li>Mat\u00e9riaux : cuir PU grain\u00e9\u00a0\u00e0 l\u2019ext\u00e9rieur et\u00a0velours ultra-doux\u00a0\u00e0 l\u2019int\u00e9rieur<\/li>\n<li>Deux\u00a0glissi\u00e8res\u00a0de chaque c\u00f4t\u00e9 du coussin\u00a0pour bien maintenir la montre dans son emplacement<\/li>\n<li>Logo emboss\u00e9 \u00e0 chaud\u00a0\u00e0 l&#8217;ext\u00e9rieur<\/li>\n<li>Les coussins\u00a0sont\u00a0fournis<\/li>\n<li>\n<strong>Montres non incluses<\/strong>\n<\/li>\n<\/ul>\n","protected":false},"excerpt":{"rendered":"<p>Collection Maison Scarlett Emportez vos montres favorites en toute s\u00e9curit\u00e9 lors de vos d\u00e9placements gr\u00e2ce \u00e0 la bo\u00eete \u00e0 montre de voyage James ! Gr\u00e2ce \u00e0 son\u00a0format compact\u00a0elle se glisse ais\u00e9ment dans vos bagages tout en offrant un nid douillet \u00e0 vos pr\u00e9cieux garde-temps. Son cuir PU grain\u00e9 noir la rend aussi sobre et \u00e9l\u00e9gante [&hellip;]<\/p>\n","protected":false},"featured_media":2770397,"comment_status":"open","ping_status":"closed","template":"","meta":[],"product_brand":[],"product_cat":[1756,1760],"product_tag":[2244,1811],"acf":[],"_links":{"self":[{"href":"https:\/\/streetmarkets.fr\/app\/wp-json\/wp\/v2\/product\/2770396"}],"collection":[{"href":"https:\/\/streetmarkets.fr\/app\/wp-json\/wp\/v2\/product"}],"about":[{"href":"https:\/\/streetmarkets.fr\/app\/wp-json\/wp\/v2\/types\/product"}],"replies":[{"embeddable":true,"href":"https:\/\/streetmarkets.fr\/app\/wp-json\/wp\/v2\/comments?post=2770396"}],"wp:featuredmedia":[{"embeddable":true,"href":"https:\/\/streetmarkets.fr\/app\/wp-json\/wp\/v2\/media\/2770397"}],"wp:attachment":[{"href":"https:\/\/streetmarkets.fr\/app\/wp-json\/wp\/v2\/media?parent=2770396"}],"wp:term":[{"taxonomy":"product_brand","embeddable":true,"href":"https:\/\/streetmarkets.fr\/app\/wp-json\/wp\/v2\/product_brand?post=2770396"},{"taxonomy":"product_cat","embeddable":true,"href":"https:\/\/streetmarkets.fr\/app\/wp-json\/wp\/v2\/product_cat?post=2770396"},{"taxonomy":"product_tag","embeddable":true,"href":"https:\/\/streetmarkets.fr\/app\/wp-json\/wp\/v2\/product_tag?post=2770396"}],"curies":[{"name":"wp","href":"https:\/\/api.w.org\/{rel}","templated":true}]}}