{"id":2770372,"date":"2025-10-04T01:35:35","date_gmt":"2025-10-03T23:35:35","guid":{"rendered":"https:\/\/streetmarkets.fr\/app\/produit\/etole-brodee-laine-merinos-reprise\/"},"modified":"2026-04-20T01:17:00","modified_gmt":"2026-04-19T23:17:00","slug":"etole-brodee-laine-merinos-reprise","status":"publish","type":"product","link":"https:\/\/streetmarkets.fr\/app\/produit\/etole-brodee-laine-merinos-reprise\/","title":{"rendered":"Etole Brod\u00e9e Laine Merinos REPRISE"},"content":{"rendered":"<p data-mce-fragment=\"1\"><strong data-mce-fragment=\"1\"><a title=\"Collection De Novembre\" href=\"https:\/\/frenchtouche.com\/collections\/de-novembre\" data-mce-fragment=\"1\">Collection De Novembre<\/a><\/strong><\/p>\n<p data-mce-fragment=\"1\"><strong data-mce-fragment=\"1\">REPRISE &#8211; BLACK &amp; KRAFT<\/strong><\/p>\n<div>REPRISE, \u00e9tole en laine merinos, brod\u00e9e main \u00e0 Srinagar en Inde.<\/div>\n<div>\n<ul>\n<li><span>Motif tartan<\/span><\/li>\n<li><span>L\u00e9g\u00e8rement effrang\u00e9e aux extr\u00e9mit\u00e9s<\/span><\/li>\n<li>70 x 200 cm\u00a0<\/li>\n<li>100% laine merinos<\/li>\n<li>Conseils d&#8217;entretien : nettoyage \u00e0 sec uniquement<\/li>\n<\/ul>\n<\/div>\n<div>\n <em>Confectionn\u00e9e artisanalement en Inde, dans le respect des valeurs \u00e9thiques, sociales et environnementales de la marque. Judith Bourdin, la cr\u00e9atrice, collabore depuis plus de 10 ans avec des artisans et coop\u00e9ratives de la r\u00e9gion du Gujarat et du Cachemire riches de nombreux savoir-faire ancestraux.<\/em>\n<\/div>\n","protected":false},"excerpt":{"rendered":"<p>Collection De Novembre REPRISE &#8211; BLACK &amp; KRAFT REPRISE, \u00e9tole en laine merinos, brod\u00e9e main \u00e0 Srinagar en Inde. Motif tartan L\u00e9g\u00e8rement effrang\u00e9e aux extr\u00e9mit\u00e9s 70 x 200 cm\u00a0 100% laine merinos Conseils d&#8217;entretien : nettoyage \u00e0 sec uniquement Confectionn\u00e9e artisanalement en Inde, dans le respect des valeurs \u00e9thiques, sociales et environnementales de la marque. [&hellip;]<\/p>\n","protected":false},"featured_media":2770373,"comment_status":"open","ping_status":"closed","template":"","meta":[],"product_brand":[],"product_cat":[1756,1764],"product_tag":[2244,1813],"acf":[],"_links":{"self":[{"href":"https:\/\/streetmarkets.fr\/app\/wp-json\/wp\/v2\/product\/2770372"}],"collection":[{"href":"https:\/\/streetmarkets.fr\/app\/wp-json\/wp\/v2\/product"}],"about":[{"href":"https:\/\/streetmarkets.fr\/app\/wp-json\/wp\/v2\/types\/product"}],"replies":[{"embeddable":true,"href":"https:\/\/streetmarkets.fr\/app\/wp-json\/wp\/v2\/comments?post=2770372"}],"wp:featuredmedia":[{"embeddable":true,"href":"https:\/\/streetmarkets.fr\/app\/wp-json\/wp\/v2\/media\/2770373"}],"wp:attachment":[{"href":"https:\/\/streetmarkets.fr\/app\/wp-json\/wp\/v2\/media?parent=2770372"}],"wp:term":[{"taxonomy":"product_brand","embeddable":true,"href":"https:\/\/streetmarkets.fr\/app\/wp-json\/wp\/v2\/product_brand?post=2770372"},{"taxonomy":"product_cat","embeddable":true,"href":"https:\/\/streetmarkets.fr\/app\/wp-json\/wp\/v2\/product_cat?post=2770372"},{"taxonomy":"product_tag","embeddable":true,"href":"https:\/\/streetmarkets.fr\/app\/wp-json\/wp\/v2\/product_tag?post=2770372"}],"curies":[{"name":"wp","href":"https:\/\/api.w.org\/{rel}","templated":true}]}}