{"id":2770364,"date":"2025-10-04T01:35:34","date_gmt":"2025-10-03T23:35:34","guid":{"rendered":"https:\/\/streetmarkets.fr\/app\/produit\/grand-carre-soie-grand-jeu\/"},"modified":"2026-05-09T01:16:22","modified_gmt":"2026-05-08T23:16:22","slug":"grand-carre-soie-grand-jeu","status":"publish","type":"product","link":"https:\/\/streetmarkets.fr\/app\/produit\/grand-carre-soie-grand-jeu\/","title":{"rendered":"Grand Carr\u00e9 Soie GRAND JEU"},"content":{"rendered":"<p><strong><a title=\"Collection De Novembre\" href=\"https:\/\/frenchtouche.com\/collections\/de-novembre\">Collection De Novembre<\/a><\/strong><\/p>\n<p><span>GRAND JEU, un carr\u00e9 de soie au motif g\u00e9om\u00e9trique intense et vibrant r\u00e9alis\u00e9 en teinture artisanale. <\/span><\/p>\n<p><span>Fabriqu\u00e9 dans un luxueux serg\u00e9 de soie. Roulott\u00e9 main.<\/span><\/p>\n<p>Coloris Black &amp; Cognac.<\/p>\n<p>100% Twill de soie.<\/p>\n<p>Dimensions : 110 x 110 cm<\/p>\n<p><span>Confectionn\u00e9 artisanalement en Inde, dans le respect des valeurs \u00e9thiques, sociales et environnementales de la marque.\u00a0Judith Bourdin, la cr\u00e9atrice, collabore depuis plus de 10 ans avec des artisans et coop\u00e9ratives de la r\u00e9gion du Gujarat et du Cachemire riches de nombreux savoir-faire ancestraux.<\/span><\/p>\n<p>Conseils d&#8217;entretien : lavage \u00e0 sec et repassage doux.<\/p>\n","protected":false},"excerpt":{"rendered":"<p>Collection De Novembre GRAND JEU, un carr\u00e9 de soie au motif g\u00e9om\u00e9trique intense et vibrant r\u00e9alis\u00e9 en teinture artisanale. Fabriqu\u00e9 dans un luxueux serg\u00e9 de soie. Roulott\u00e9 main. Coloris Black &amp; Cognac. 100% Twill de soie. Dimensions : 110 x 110 cm Confectionn\u00e9 artisanalement en Inde, dans le respect des valeurs \u00e9thiques, sociales et environnementales [&hellip;]<\/p>\n","protected":false},"featured_media":2770365,"comment_status":"open","ping_status":"closed","template":"","meta":[],"product_brand":[],"product_cat":[1756,1764],"product_tag":[2244,1813],"acf":[],"_links":{"self":[{"href":"https:\/\/streetmarkets.fr\/app\/wp-json\/wp\/v2\/product\/2770364"}],"collection":[{"href":"https:\/\/streetmarkets.fr\/app\/wp-json\/wp\/v2\/product"}],"about":[{"href":"https:\/\/streetmarkets.fr\/app\/wp-json\/wp\/v2\/types\/product"}],"replies":[{"embeddable":true,"href":"https:\/\/streetmarkets.fr\/app\/wp-json\/wp\/v2\/comments?post=2770364"}],"wp:featuredmedia":[{"embeddable":true,"href":"https:\/\/streetmarkets.fr\/app\/wp-json\/wp\/v2\/media\/2770365"}],"wp:attachment":[{"href":"https:\/\/streetmarkets.fr\/app\/wp-json\/wp\/v2\/media?parent=2770364"}],"wp:term":[{"taxonomy":"product_brand","embeddable":true,"href":"https:\/\/streetmarkets.fr\/app\/wp-json\/wp\/v2\/product_brand?post=2770364"},{"taxonomy":"product_cat","embeddable":true,"href":"https:\/\/streetmarkets.fr\/app\/wp-json\/wp\/v2\/product_cat?post=2770364"},{"taxonomy":"product_tag","embeddable":true,"href":"https:\/\/streetmarkets.fr\/app\/wp-json\/wp\/v2\/product_tag?post=2770364"}],"curies":[{"name":"wp","href":"https:\/\/api.w.org\/{rel}","templated":true}]}}