{"id":2770133,"date":"2025-10-04T01:34:17","date_gmt":"2025-10-03T23:34:17","guid":{"rendered":"https:\/\/streetmarkets.fr\/app\/produit\/pince-a-cheveux-carotte\/"},"modified":"2026-05-09T01:16:06","modified_gmt":"2026-05-08T23:16:06","slug":"pince-a-cheveux-carotte","status":"publish","type":"product","link":"https:\/\/streetmarkets.fr\/app\/produit\/pince-a-cheveux-carotte\/","title":{"rendered":"Pince \u00e0 cheveux Carotte"},"content":{"rendered":"<div id=\"product-description-short-41\" class=\"rte-content\">\n <a href=\"\/collections\/coucou-suzette\" title=\"Collection Coucou Suzette\"><strong>Collection Coucou Suzette<\/strong><\/a>\n<\/div>\n<div class=\"rte-content\">\n<br \/><strong><\/strong>\n<\/div>\n<div class=\"rte-content\">\n<strong><\/strong><\/p>\n<p dir=\"ltr\"><span>Avis aux amateurs.rices de l\u00e9gumes croquants (ou croquang comme dirait Cyril Lignac), voici une bien belle pince \u00e0 cheveux en forme de botte de carottes ! Trois jolies carottes bien rang\u00e9es, feuillage au vent, pr\u00eates \u00e0 dompter les chignons improvis\u00e9s. On adore son design graphique et sa couleur orange qui nous hypnotisent de tous ses reflets.<\/span><\/p>\n<\/div>\n<div class=\"rte-content\">\n<div id=\"product-description-short-123\" class=\"rte-content\">\n<p>Cette\u00a0pince\u00a0est faite \u00e0 partir d&#8217;Acetate de Cellulose recycl\u00e9e &amp; biod\u00e9gradable (Eco-Friendly).<\/p>\n<ul>\n<li><em><span>Composition : ac\u00e9tate de cellulose<\/span><\/em><\/li>\n<li><em>Chaque cr\u00e9ation est unique, la couleur peut varier l\u00e9g\u00e8rement selon le morceau d&#8217;ac\u00e9tate utilis\u00e9<\/em><\/li>\n<li><em>Type d\u2019attache :<span>\u00a0<\/span>dents en ac\u00e9tate<\/em><\/li>\n<li><em><span>Fabriqu\u00e9e en Chine dans une usine audit\u00e9e<\/span><\/em><\/li>\n<li><em>Conseils d\u2019utilisation : \u00e9viter le contact avec l\u2019eau<\/em><\/li>\n<\/ul>\n<p>Dimensions : environ 11 cm x 4 cm<\/p>\n<\/div>\n<\/div>\n","protected":false},"excerpt":{"rendered":"<p>Collection Coucou Suzette Avis aux amateurs.rices de l\u00e9gumes croquants (ou croquang comme dirait Cyril Lignac), voici une bien belle pince \u00e0 cheveux en forme de botte de carottes ! Trois jolies carottes bien rang\u00e9es, feuillage au vent, pr\u00eates \u00e0 dompter les chignons improvis\u00e9s. On adore son design graphique et sa couleur orange qui nous hypnotisent [&hellip;]<\/p>\n","protected":false},"featured_media":2770134,"comment_status":"open","ping_status":"closed","template":"","meta":[],"product_brand":[],"product_cat":[1756,1764],"product_tag":[2244],"acf":[],"_links":{"self":[{"href":"https:\/\/streetmarkets.fr\/app\/wp-json\/wp\/v2\/product\/2770133"}],"collection":[{"href":"https:\/\/streetmarkets.fr\/app\/wp-json\/wp\/v2\/product"}],"about":[{"href":"https:\/\/streetmarkets.fr\/app\/wp-json\/wp\/v2\/types\/product"}],"replies":[{"embeddable":true,"href":"https:\/\/streetmarkets.fr\/app\/wp-json\/wp\/v2\/comments?post=2770133"}],"wp:featuredmedia":[{"embeddable":true,"href":"https:\/\/streetmarkets.fr\/app\/wp-json\/wp\/v2\/media\/2770134"}],"wp:attachment":[{"href":"https:\/\/streetmarkets.fr\/app\/wp-json\/wp\/v2\/media?parent=2770133"}],"wp:term":[{"taxonomy":"product_brand","embeddable":true,"href":"https:\/\/streetmarkets.fr\/app\/wp-json\/wp\/v2\/product_brand?post=2770133"},{"taxonomy":"product_cat","embeddable":true,"href":"https:\/\/streetmarkets.fr\/app\/wp-json\/wp\/v2\/product_cat?post=2770133"},{"taxonomy":"product_tag","embeddable":true,"href":"https:\/\/streetmarkets.fr\/app\/wp-json\/wp\/v2\/product_tag?post=2770133"}],"curies":[{"name":"wp","href":"https:\/\/api.w.org\/{rel}","templated":true}]}}