{"id":2770074,"date":"2025-10-04T01:34:15","date_gmt":"2025-10-03T23:34:15","guid":{"rendered":"https:\/\/streetmarkets.fr\/app\/produit\/boucles-doreilles-artichaut\/"},"modified":"2026-05-11T01:16:05","modified_gmt":"2026-05-10T23:16:05","slug":"boucles-doreilles-artichaut","status":"publish","type":"product","link":"https:\/\/streetmarkets.fr\/app\/produit\/boucles-doreilles-artichaut\/","title":{"rendered":"Boucles d&#8217;oreilles Artichaut"},"content":{"rendered":"<div class=\"rte-content\" id=\"product-description-short-41\">\n<div class=\"rte-content\" id=\"product-description-short-123\">\n<p><strong><a title=\"Collection Coucou Suzette\" href=\"\/collections\/coucou-suzette\">Collection Coucou Suzette<\/a><\/strong><\/p>\n<p style=\"font-weight: 400\"><span>Sp\u00e9cial d\u00e9dicace \u00e0 la plus belle des fleurs du potager, nous avons nomm\u00e9 la fleur d\u2019artichaut ! Elle nous z\u2019envoute par sa couleur violette sortie d\u2019un film et son incroyable parfum de miel. Il fallait bien une paire de boucles d\u2019oreilles pour la c\u00e9l\u00e9brer, fa\u00e7on bijou vintage d\u00e9nich\u00e9 en brocante.<\/span><\/p>\n<ul>\n<li><em><span>\u00a0Composition : 96% zamac &#8211; 4% \u00e9mail<\/span><\/em><\/li>\n<li><em>Tiges hypoallerg\u00e9niques en acier inoxydable<\/em><\/li>\n<li><em>Type d\u2019attache : clou<\/em><\/li>\n<li>\n<em>Conseils d\u2019utilisation : \u00e9viter le contact avec l\u2019eau<\/em><em><\/em>\n<\/li>\n<li><em><span>Fabriqu\u00e9e en Chine dans une usine audit\u00e9e<\/span><\/em><\/li>\n<\/ul>\n<\/div>\n<\/div>\n","protected":false},"excerpt":{"rendered":"<p>Collection Coucou Suzette Sp\u00e9cial d\u00e9dicace \u00e0 la plus belle des fleurs du potager, nous avons nomm\u00e9 la fleur d\u2019artichaut ! Elle nous z\u2019envoute par sa couleur violette sortie d\u2019un film et son incroyable parfum de miel. Il fallait bien une paire de boucles d\u2019oreilles pour la c\u00e9l\u00e9brer, fa\u00e7on bijou vintage d\u00e9nich\u00e9 en brocante. \u00a0Composition : [&hellip;]<\/p>\n","protected":false},"featured_media":2770075,"comment_status":"open","ping_status":"closed","template":"","meta":[],"product_brand":[],"product_cat":[1807,1756],"product_tag":[2244],"acf":[],"_links":{"self":[{"href":"https:\/\/streetmarkets.fr\/app\/wp-json\/wp\/v2\/product\/2770074"}],"collection":[{"href":"https:\/\/streetmarkets.fr\/app\/wp-json\/wp\/v2\/product"}],"about":[{"href":"https:\/\/streetmarkets.fr\/app\/wp-json\/wp\/v2\/types\/product"}],"replies":[{"embeddable":true,"href":"https:\/\/streetmarkets.fr\/app\/wp-json\/wp\/v2\/comments?post=2770074"}],"wp:featuredmedia":[{"embeddable":true,"href":"https:\/\/streetmarkets.fr\/app\/wp-json\/wp\/v2\/media\/2770075"}],"wp:attachment":[{"href":"https:\/\/streetmarkets.fr\/app\/wp-json\/wp\/v2\/media?parent=2770074"}],"wp:term":[{"taxonomy":"product_brand","embeddable":true,"href":"https:\/\/streetmarkets.fr\/app\/wp-json\/wp\/v2\/product_brand?post=2770074"},{"taxonomy":"product_cat","embeddable":true,"href":"https:\/\/streetmarkets.fr\/app\/wp-json\/wp\/v2\/product_cat?post=2770074"},{"taxonomy":"product_tag","embeddable":true,"href":"https:\/\/streetmarkets.fr\/app\/wp-json\/wp\/v2\/product_tag?post=2770074"}],"curies":[{"name":"wp","href":"https:\/\/api.w.org\/{rel}","templated":true}]}}