{"id":2769957,"date":"2025-10-04T01:33:46","date_gmt":"2025-10-03T23:33:46","guid":{"rendered":"https:\/\/streetmarkets.fr\/app\/produit\/carre-bandana-chapanoir-olive\/"},"modified":"2026-04-13T01:16:41","modified_gmt":"2026-04-12T23:16:41","slug":"carre-bandana-chapanoir-olive","status":"publish","type":"product","link":"https:\/\/streetmarkets.fr\/app\/produit\/carre-bandana-chapanoir-olive\/","title":{"rendered":"Carr\u00e9 Bandana Chapanoir &#8211; Olive"},"content":{"rendered":"<p><span><a title=\"Collection AN-NEE\" href=\"\/collections\/AN-NEE\"><strong>Collection AN-NEE<\/strong><\/a><\/span><\/p>\n<ul>\n<li>100% Twill de Soie<\/li>\n<li>Environ 55 x 55 cm\n<\/li>\n<li>Finitions : ourlet plat<\/li>\n<li>Livr\u00e9 dans sa bo\u00eete<\/li>\n<li>\n <span>Conseil d&#8217;entretien :\u00a0<\/span><span style=\"font-size: 0.875rem\">optez pour un lavage \u00e0 sec confi\u00e9 \u00e0 un professionnel<\/span>\n<\/li>\n<\/ul>\n<p>Dessin\u00e9 par Alexia <span>Nokovitch<\/span>, la cr\u00e9atrice de la marque<\/p>\n<p>:: Fabriqu\u00e9 et imprim\u00e9 en France ::<\/p>\n","protected":false},"excerpt":{"rendered":"<p>Collection AN-NEE 100% Twill de Soie Environ 55 x 55 cm Finitions : ourlet plat Livr\u00e9 dans sa bo\u00eete Conseil d&#8217;entretien :\u00a0optez pour un lavage \u00e0 sec confi\u00e9 \u00e0 un professionnel Dessin\u00e9 par Alexia Nokovitch, la cr\u00e9atrice de la marque :: Fabriqu\u00e9 et imprim\u00e9 en France ::<\/p>\n","protected":false},"featured_media":2769958,"comment_status":"open","ping_status":"closed","template":"","meta":[],"product_brand":[],"product_cat":[1756,1764],"product_tag":[2244,1813],"acf":[],"_links":{"self":[{"href":"https:\/\/streetmarkets.fr\/app\/wp-json\/wp\/v2\/product\/2769957"}],"collection":[{"href":"https:\/\/streetmarkets.fr\/app\/wp-json\/wp\/v2\/product"}],"about":[{"href":"https:\/\/streetmarkets.fr\/app\/wp-json\/wp\/v2\/types\/product"}],"replies":[{"embeddable":true,"href":"https:\/\/streetmarkets.fr\/app\/wp-json\/wp\/v2\/comments?post=2769957"}],"wp:featuredmedia":[{"embeddable":true,"href":"https:\/\/streetmarkets.fr\/app\/wp-json\/wp\/v2\/media\/2769958"}],"wp:attachment":[{"href":"https:\/\/streetmarkets.fr\/app\/wp-json\/wp\/v2\/media?parent=2769957"}],"wp:term":[{"taxonomy":"product_brand","embeddable":true,"href":"https:\/\/streetmarkets.fr\/app\/wp-json\/wp\/v2\/product_brand?post=2769957"},{"taxonomy":"product_cat","embeddable":true,"href":"https:\/\/streetmarkets.fr\/app\/wp-json\/wp\/v2\/product_cat?post=2769957"},{"taxonomy":"product_tag","embeddable":true,"href":"https:\/\/streetmarkets.fr\/app\/wp-json\/wp\/v2\/product_tag?post=2769957"}],"curies":[{"name":"wp","href":"https:\/\/api.w.org\/{rel}","templated":true}]}}