{"id":2769923,"date":"2025-10-04T01:32:22","date_gmt":"2025-10-03T23:32:22","guid":{"rendered":"https:\/\/streetmarkets.fr\/app\/produit\/boucles-doreilles-fleur-doranger\/"},"modified":"2026-05-06T01:16:16","modified_gmt":"2026-05-05T23:16:16","slug":"boucles-doreilles-fleur-doranger","status":"publish","type":"product","link":"https:\/\/streetmarkets.fr\/app\/produit\/boucles-doreilles-fleur-doranger\/","title":{"rendered":"Boucles d&#8217;oreilles Fleur d&#8217;Oranger"},"content":{"rendered":"<div id=\"product-description-short-41\" class=\"rte-content\">\n<div id=\"product-description-short-123\" class=\"rte-content\">\n<p><strong><a href=\"\/collections\/coucou-suzette\" title=\"Collection Coucou Suzette\">Collection Coucou Suzette<\/a><\/strong><\/p>\n<p style=\"font-weight: 400\"><span>Pour de la couleur et de l\u2019originalit\u00e9 jusqu\u2019\u00e0 nos z\u2019oreilles, on opte pour ces boucles d\u2019oreilles fleur d\u2019oranger. Une adorable orange accompagn\u00e9e de sa feuille verdoyante et de sa fleur nacr\u00e9e, le tout suspendu \u00e0 un anneau plaqu\u00e9 or. On hume son parfum jusqu\u2019ici !<\/span><\/p>\n<ul>\n<li><em><span>\u00a0Composition : ac\u00e9tate de cellulose<\/span><\/em><\/li>\n<li>\n<em>Chaque cr\u00e9ation est unique, la couleur peut varier l\u00e9g\u00e8rement selon le morceau d&#8217;ac\u00e9tate utilis\u00e9<\/em><em><span><\/span><\/em>\n<\/li>\n<li><em>Tiges hypoallerg\u00e9niques en acier inoxydable<\/em><\/li>\n<li><em>Couche d&#8217;or 3 microns<\/em><\/li>\n<li><em>Type d\u2019attache : anneau<\/em><\/li>\n<li>\n<em>Conseils d\u2019utilisation : \u00e9viter le contact avec l\u2019eau<\/em><em><\/em>\n<\/li>\n<li><em><span>Fabriqu\u00e9e en Chine dans une usine audit\u00e9e<\/span><\/em><\/li>\n<\/ul>\n<p>Dimensions : environ 3 x 3 cm<\/p>\n<\/div>\n<\/div>\n","protected":false},"excerpt":{"rendered":"<p>Collection Coucou Suzette Pour de la couleur et de l\u2019originalit\u00e9 jusqu\u2019\u00e0 nos z\u2019oreilles, on opte pour ces boucles d\u2019oreilles fleur d\u2019oranger. Une adorable orange accompagn\u00e9e de sa feuille verdoyante et de sa fleur nacr\u00e9e, le tout suspendu \u00e0 un anneau plaqu\u00e9 or. On hume son parfum jusqu\u2019ici ! \u00a0Composition : ac\u00e9tate de cellulose Chaque cr\u00e9ation [&hellip;]<\/p>\n","protected":false},"featured_media":2769924,"comment_status":"open","ping_status":"closed","template":"","meta":[],"product_brand":[],"product_cat":[1807,1756],"product_tag":[2244,1811],"acf":[],"_links":{"self":[{"href":"https:\/\/streetmarkets.fr\/app\/wp-json\/wp\/v2\/product\/2769923"}],"collection":[{"href":"https:\/\/streetmarkets.fr\/app\/wp-json\/wp\/v2\/product"}],"about":[{"href":"https:\/\/streetmarkets.fr\/app\/wp-json\/wp\/v2\/types\/product"}],"replies":[{"embeddable":true,"href":"https:\/\/streetmarkets.fr\/app\/wp-json\/wp\/v2\/comments?post=2769923"}],"wp:featuredmedia":[{"embeddable":true,"href":"https:\/\/streetmarkets.fr\/app\/wp-json\/wp\/v2\/media\/2769924"}],"wp:attachment":[{"href":"https:\/\/streetmarkets.fr\/app\/wp-json\/wp\/v2\/media?parent=2769923"}],"wp:term":[{"taxonomy":"product_brand","embeddable":true,"href":"https:\/\/streetmarkets.fr\/app\/wp-json\/wp\/v2\/product_brand?post=2769923"},{"taxonomy":"product_cat","embeddable":true,"href":"https:\/\/streetmarkets.fr\/app\/wp-json\/wp\/v2\/product_cat?post=2769923"},{"taxonomy":"product_tag","embeddable":true,"href":"https:\/\/streetmarkets.fr\/app\/wp-json\/wp\/v2\/product_tag?post=2769923"}],"curies":[{"name":"wp","href":"https:\/\/api.w.org\/{rel}","templated":true}]}}