{"id":2769862,"date":"2025-10-04T01:32:19","date_gmt":"2025-10-03T23:32:19","guid":{"rendered":"https:\/\/streetmarkets.fr\/app\/produit\/miroir-avocat\/"},"modified":"2026-05-11T01:15:39","modified_gmt":"2026-05-10T23:15:39","slug":"miroir-avocat","status":"publish","type":"product","link":"https:\/\/streetmarkets.fr\/app\/produit\/miroir-avocat\/","title":{"rendered":"Miroir Avocat"},"content":{"rendered":"<p class=\"p1\"><span><strong><a href=\"\/collections\/coucou-suzette\" title=\"Collection Coucou Suzette\">Collection Coucou Suzette<\/a><\/strong><\/span><\/p>\n<p><span>L\u2019avocat, la super star de tous nos brunchs dont on ne peut plus se passer, qu\u2019il soit sous forme d\u2019avocado toast ou de smoothie verdoyant. Ici il est en version miroir de poche sign\u00e9 Coucou Suzette. L\u2019accessoire styl\u00e9 et ultra pratique \u00e0 glisser dans son sac !<\/span><\/p>\n<p>Ce miroir est fait \u00e0 partir d&#8217;Acetate de Cellulose recycl\u00e9e &amp; biod\u00e9gradable (Eco-Friendly).<\/p>\n<p><span> <em>&#8211; Composition : ac\u00e9tate de cellulose<\/em><br \/><em>&#8211; Chaque cr\u00e9ation est unique, la couleur peut varier l\u00e9g\u00e8rement selon le morceau d&#8217;ac\u00e9tate utilis\u00e9<\/em><br \/><em>&#8211; Fabriqu\u00e9e en Chine dans une usine audit\u00e9e<\/em><\/span><\/p>\n<p><span>Dimensions : environ 9 cm x 5,5 cm<\/span><\/p>\n","protected":false},"excerpt":{"rendered":"<p>Collection Coucou Suzette L\u2019avocat, la super star de tous nos brunchs dont on ne peut plus se passer, qu\u2019il soit sous forme d\u2019avocado toast ou de smoothie verdoyant. Ici il est en version miroir de poche sign\u00e9 Coucou Suzette. L\u2019accessoire styl\u00e9 et ultra pratique \u00e0 glisser dans son sac ! Ce miroir est fait \u00e0 [&hellip;]<\/p>\n","protected":false},"featured_media":2769863,"comment_status":"open","ping_status":"closed","template":"","meta":[],"product_brand":[],"product_cat":[1756,1764],"product_tag":[2244,1811],"acf":[],"_links":{"self":[{"href":"https:\/\/streetmarkets.fr\/app\/wp-json\/wp\/v2\/product\/2769862"}],"collection":[{"href":"https:\/\/streetmarkets.fr\/app\/wp-json\/wp\/v2\/product"}],"about":[{"href":"https:\/\/streetmarkets.fr\/app\/wp-json\/wp\/v2\/types\/product"}],"replies":[{"embeddable":true,"href":"https:\/\/streetmarkets.fr\/app\/wp-json\/wp\/v2\/comments?post=2769862"}],"wp:featuredmedia":[{"embeddable":true,"href":"https:\/\/streetmarkets.fr\/app\/wp-json\/wp\/v2\/media\/2769863"}],"wp:attachment":[{"href":"https:\/\/streetmarkets.fr\/app\/wp-json\/wp\/v2\/media?parent=2769862"}],"wp:term":[{"taxonomy":"product_brand","embeddable":true,"href":"https:\/\/streetmarkets.fr\/app\/wp-json\/wp\/v2\/product_brand?post=2769862"},{"taxonomy":"product_cat","embeddable":true,"href":"https:\/\/streetmarkets.fr\/app\/wp-json\/wp\/v2\/product_cat?post=2769862"},{"taxonomy":"product_tag","embeddable":true,"href":"https:\/\/streetmarkets.fr\/app\/wp-json\/wp\/v2\/product_tag?post=2769862"}],"curies":[{"name":"wp","href":"https:\/\/api.w.org\/{rel}","templated":true}]}}