{"id":2769836,"date":"2025-10-04T01:31:17","date_gmt":"2025-10-03T23:31:17","guid":{"rendered":"https:\/\/streetmarkets.fr\/app\/produit\/chaussettes-transparentes-ananas\/"},"modified":"2026-05-06T01:16:16","modified_gmt":"2026-05-05T23:16:16","slug":"chaussettes-transparentes-ananas","status":"publish","type":"product","link":"https:\/\/streetmarkets.fr\/app\/produit\/chaussettes-transparentes-ananas\/","title":{"rendered":"Chaussettes Transparentes Ananas"},"content":{"rendered":"<p class=\"p1\"><a href=\"\/collections\/coucou-suzette\" title=\"Collection Coucou Suzette\"><strong>Collection Coucou Suzette<\/strong><\/a><\/p>\n<p><span>On ajoute une touche tropicale \u00e0 nos tenues avec ces superbes chaussettes transparentes au motif ananas ! Un zeste d\u2019originalit\u00e9 qui apporte une dose de soleil et de vitamines \u00e0 notre quotidien.<\/span><\/p>\n<ul>\n<li class=\"p1\">Taille Unique (36-40)\n<\/li>\n<li class=\"p1\"><span>Composition : Polyester 60%, Coton 39%, Elasthanne 1%<\/span><\/li>\n<li>Laver \u00e0 30\u00b0, s\u00e9cher \u00e0 l&#8217;air libre, ne pas repasser<span><\/span>\n<\/li>\n<li class=\"p1\"><span>Fabriqu\u00e9es en Chine dans une usine audit\u00e9e<\/span><\/li>\n<\/ul>\n","protected":false},"excerpt":{"rendered":"<p>Collection Coucou Suzette On ajoute une touche tropicale \u00e0 nos tenues avec ces superbes chaussettes transparentes au motif ananas ! Un zeste d\u2019originalit\u00e9 qui apporte une dose de soleil et de vitamines \u00e0 notre quotidien. Taille Unique (36-40) Composition : Polyester 60%, Coton 39%, Elasthanne 1% Laver \u00e0 30\u00b0, s\u00e9cher \u00e0 l&#8217;air libre, ne pas [&hellip;]<\/p>\n","protected":false},"featured_media":2769837,"comment_status":"open","ping_status":"closed","template":"","meta":[],"product_brand":[],"product_cat":[1756,1762],"product_tag":[2244,1811],"acf":[],"_links":{"self":[{"href":"https:\/\/streetmarkets.fr\/app\/wp-json\/wp\/v2\/product\/2769836"}],"collection":[{"href":"https:\/\/streetmarkets.fr\/app\/wp-json\/wp\/v2\/product"}],"about":[{"href":"https:\/\/streetmarkets.fr\/app\/wp-json\/wp\/v2\/types\/product"}],"replies":[{"embeddable":true,"href":"https:\/\/streetmarkets.fr\/app\/wp-json\/wp\/v2\/comments?post=2769836"}],"wp:featuredmedia":[{"embeddable":true,"href":"https:\/\/streetmarkets.fr\/app\/wp-json\/wp\/v2\/media\/2769837"}],"wp:attachment":[{"href":"https:\/\/streetmarkets.fr\/app\/wp-json\/wp\/v2\/media?parent=2769836"}],"wp:term":[{"taxonomy":"product_brand","embeddable":true,"href":"https:\/\/streetmarkets.fr\/app\/wp-json\/wp\/v2\/product_brand?post=2769836"},{"taxonomy":"product_cat","embeddable":true,"href":"https:\/\/streetmarkets.fr\/app\/wp-json\/wp\/v2\/product_cat?post=2769836"},{"taxonomy":"product_tag","embeddable":true,"href":"https:\/\/streetmarkets.fr\/app\/wp-json\/wp\/v2\/product_tag?post=2769836"}],"curies":[{"name":"wp","href":"https:\/\/api.w.org\/{rel}","templated":true}]}}