{"id":2769815,"date":"2025-10-04T01:31:16","date_gmt":"2025-10-03T23:31:16","guid":{"rendered":"https:\/\/streetmarkets.fr\/app\/produit\/cabas-amelot-flower-power-2025\/"},"modified":"2026-04-11T01:17:18","modified_gmt":"2026-04-10T23:17:18","slug":"cabas-amelot-flower-power-2025","status":"publish","type":"product","link":"https:\/\/streetmarkets.fr\/app\/produit\/cabas-amelot-flower-power-2025\/","title":{"rendered":"Cabas Amelot &#8211; Flower Power 2025"},"content":{"rendered":"<p><span><a title=\"Collection Rive Droite Paris\" href=\"\/collections\/rive-droite-paris\"><strong>Collection Rive Droite Paris<\/strong><\/a><\/span><\/p>\n<p dir=\"ltr\"><span>Avec sa toile parsem\u00e9e de\u00a0<\/span><span>tournesols brod\u00e9es, Amelot le cabas prend des airs de vacances !<\/span><\/p>\n<p dir=\"ltr\">Il s\u00e9duit par sa silhouette, sa poche ext\u00e9rieure et son volume spacieux, id\u00e9al pour transporter gourde, grande serviette de plage et autres petits objets du quotidien. Ses longues anses vous offrent un port\u00e9 \u00e9paule confortable.<\/p>\n<p dir=\"ltr\">Sa doublure int\u00e9rieure beige ou bleu marine est confectionn\u00e9e \u00e0 partir de surstock de l&#8217;industrie textile.<\/p>\n<ul>\n<li style=\"list-style-type: none\">\n<ul>\n<li>\n<strong>Composition<\/strong><span>\u00a0<\/span>:  <span>Denim upcycl\u00e9 100% coton OU Coton recycl\u00e9 &#8211; 84% coton &amp; 16% polyester<\/span>\n<\/li>\n<li>\n<span><strong>Emballage :\u00a0<\/strong><\/span>Ce produit est emball\u00e9 avec soin dans un pochon en coton r\u00e9utilisable avec un lien coulissant.<\/li>\n<li>\n<strong>Doublure<\/strong><span>\u00a0<\/span>:<span> \u00a0100% polycoton upcycl\u00e9 issu de surstock de l&#8217;industrie textile &#8211; Beige ou Bleu Marine.<\/span>\n<\/li>\n<li>\n<strong>Dimensions<\/strong><span>\u00a0<\/span>: L41 x H43 x P21 cm<\/li>\n<li>\n<p><strong>Conseils d&#8217;entretien<\/strong><span>\u00a0<\/span><span>: Nettoyage \u00e0 sec.<\/span><strong><\/strong><\/p>\n<\/li>\n<\/ul>\n<\/li>\n<\/ul>\n","protected":false},"excerpt":{"rendered":"<p>Collection Rive Droite Paris Avec sa toile parsem\u00e9e de\u00a0tournesols brod\u00e9es, Amelot le cabas prend des airs de vacances ! Il s\u00e9duit par sa silhouette, sa poche ext\u00e9rieure et son volume spacieux, id\u00e9al pour transporter gourde, grande serviette de plage et autres petits objets du quotidien. Ses longues anses vous offrent un port\u00e9 \u00e9paule confortable. Sa [&hellip;]<\/p>\n","protected":false},"featured_media":2769816,"comment_status":"open","ping_status":"closed","template":"","meta":[],"product_brand":[],"product_cat":[1756,1764],"product_tag":[2244,1811],"acf":[],"_links":{"self":[{"href":"https:\/\/streetmarkets.fr\/app\/wp-json\/wp\/v2\/product\/2769815"}],"collection":[{"href":"https:\/\/streetmarkets.fr\/app\/wp-json\/wp\/v2\/product"}],"about":[{"href":"https:\/\/streetmarkets.fr\/app\/wp-json\/wp\/v2\/types\/product"}],"replies":[{"embeddable":true,"href":"https:\/\/streetmarkets.fr\/app\/wp-json\/wp\/v2\/comments?post=2769815"}],"wp:featuredmedia":[{"embeddable":true,"href":"https:\/\/streetmarkets.fr\/app\/wp-json\/wp\/v2\/media\/2769816"}],"wp:attachment":[{"href":"https:\/\/streetmarkets.fr\/app\/wp-json\/wp\/v2\/media?parent=2769815"}],"wp:term":[{"taxonomy":"product_brand","embeddable":true,"href":"https:\/\/streetmarkets.fr\/app\/wp-json\/wp\/v2\/product_brand?post=2769815"},{"taxonomy":"product_cat","embeddable":true,"href":"https:\/\/streetmarkets.fr\/app\/wp-json\/wp\/v2\/product_cat?post=2769815"},{"taxonomy":"product_tag","embeddable":true,"href":"https:\/\/streetmarkets.fr\/app\/wp-json\/wp\/v2\/product_tag?post=2769815"}],"curies":[{"name":"wp","href":"https:\/\/api.w.org\/{rel}","templated":true}]}}