{"id":2769786,"date":"2025-10-04T01:31:14","date_gmt":"2025-10-03T23:31:14","guid":{"rendered":"https:\/\/streetmarkets.fr\/app\/produit\/trousse-tournelles-xl-flower-power-2025\/"},"modified":"2026-04-11T01:17:18","modified_gmt":"2026-04-10T23:17:18","slug":"trousse-tournelles-xl-flower-power-2025","status":"publish","type":"product","link":"https:\/\/streetmarkets.fr\/app\/produit\/trousse-tournelles-xl-flower-power-2025\/","title":{"rendered":"Trousse Tournelles XL &#8211; Flower Power 2025"},"content":{"rendered":"<p><a title=\"Collection Rive Droite Paris\" href=\"\/collections\/rive-droite-paris\"><strong>Collection Rive Droite Paris<\/strong><\/a><\/p>\n<div style=\"text-align: left\">\n<p><span>Avec sa toile en coton parsem\u00e9e de\u00a0tournesols brod\u00e9es, la trousse Tournelles XL prend des airs de vacances. !<\/span><\/p>\n<div style=\"text-align: left\">\n <span>Elle est l\u2019accessoire pratique et polyvalent par excellence pour y ranger vos objets du quotidien (chargeurs, maquillage, lingerie\u2026) ou pour voyager et y glisser un maillot de bain. Sa doublure int\u00e9rieure beige ou bleu marine est confectionn\u00e9e \u00e0 partir de surstock de l&#8217;industrie textile.<\/span>\n<\/div>\n<\/div>\n<ul>\n<li style=\"list-style-type: none\">\n<ul>\n<li>\n<strong>Composition<\/strong><span>\u00a0<\/span>:<span> Denim upcycl\u00e9 100% coton OU Coton recycl\u00e9 &#8211; 84% coton &amp; 16% polyester<\/span>\n<\/li>\n<li>\n<strong>Emballage : <\/strong>Ce produit est emball\u00e9 avec soin dans un pochon en coton r\u00e9utilisable avec un lien coulissant.<\/li>\n<li>\n<strong>Doublure<\/strong><span>\u00a0<\/span>: 100% polycoton upcycl\u00e9 (surstock trouv\u00e9 sur un march\u00e9 au Maroc) &#8211; Beige ou Bleu Marine.\n<\/li>\n<li>\n<strong>Dimensions<\/strong><span>\u00a0<\/span><span>:<\/span><span>\u00a0H14 x L20 x P9 cm<\/span>\n<\/li>\n<li>\n<strong>Conseils d&#8217;entretien<\/strong><span>\u00a0<\/span><span>: Nettoyage \u00e0 sec.<\/span>\n<\/li>\n<\/ul>\n<\/li>\n<\/ul>\n","protected":false},"excerpt":{"rendered":"<p>Collection Rive Droite Paris Avec sa toile en coton parsem\u00e9e de\u00a0tournesols brod\u00e9es, la trousse Tournelles XL prend des airs de vacances. ! Elle est l\u2019accessoire pratique et polyvalent par excellence pour y ranger vos objets du quotidien (chargeurs, maquillage, lingerie\u2026) ou pour voyager et y glisser un maillot de bain. Sa doublure int\u00e9rieure beige ou [&hellip;]<\/p>\n","protected":false},"featured_media":2769787,"comment_status":"open","ping_status":"closed","template":"","meta":[],"product_brand":[],"product_cat":[1756,1764],"product_tag":[2244,1811],"acf":[],"_links":{"self":[{"href":"https:\/\/streetmarkets.fr\/app\/wp-json\/wp\/v2\/product\/2769786"}],"collection":[{"href":"https:\/\/streetmarkets.fr\/app\/wp-json\/wp\/v2\/product"}],"about":[{"href":"https:\/\/streetmarkets.fr\/app\/wp-json\/wp\/v2\/types\/product"}],"replies":[{"embeddable":true,"href":"https:\/\/streetmarkets.fr\/app\/wp-json\/wp\/v2\/comments?post=2769786"}],"wp:featuredmedia":[{"embeddable":true,"href":"https:\/\/streetmarkets.fr\/app\/wp-json\/wp\/v2\/media\/2769787"}],"wp:attachment":[{"href":"https:\/\/streetmarkets.fr\/app\/wp-json\/wp\/v2\/media?parent=2769786"}],"wp:term":[{"taxonomy":"product_brand","embeddable":true,"href":"https:\/\/streetmarkets.fr\/app\/wp-json\/wp\/v2\/product_brand?post=2769786"},{"taxonomy":"product_cat","embeddable":true,"href":"https:\/\/streetmarkets.fr\/app\/wp-json\/wp\/v2\/product_cat?post=2769786"},{"taxonomy":"product_tag","embeddable":true,"href":"https:\/\/streetmarkets.fr\/app\/wp-json\/wp\/v2\/product_tag?post=2769786"}],"curies":[{"name":"wp","href":"https:\/\/api.w.org\/{rel}","templated":true}]}}