{"id":2769773,"date":"2025-10-04T01:31:12","date_gmt":"2025-10-03T23:31:12","guid":{"rendered":"https:\/\/streetmarkets.fr\/app\/produit\/bo-puces-trait\/"},"modified":"2026-05-13T01:17:14","modified_gmt":"2026-05-12T23:17:14","slug":"bo-puces-trait","status":"publish","type":"product","link":"https:\/\/streetmarkets.fr\/app\/produit\/bo-puces-trait\/","title":{"rendered":"BO Puces Trait"},"content":{"rendered":"<p><a href=\"\/collections\/judith-benita\" title=\"Collection Judith Benita\"><strong>Collection Judith Benita<\/strong><\/a><\/p>\n<p><span>L&#8217;iconique boucle d\u2019oreille minimaliste mi-dor\u00e9e mi-color\u00e9e, d\u00e9clin\u00e9e dans une palette de couleurs profondes. Un contraste subtil entre mat et brillant, un bijou graphique pour tous les jours dont on ne se lasse pas.<\/span><span><br \/><\/span><\/p>\n<ul><\/ul>\n<ul>\n<li>Mat\u00e9riaux : t<span>ubes asym\u00e9triques en laiton dor\u00e9 \u00e0 l&#8217;or fin recycl\u00e9 24 carats et couleur laqu\u00e9e<\/span>\n<\/li>\n<li>Dimensions : longueur 2 cm\n<\/li>\n<li>Pens\u00e9es et fabriqu\u00e9es main \u00e0 Paris<\/li>\n<li>Livr\u00e9es dans leur packaging individuel \u00e9cologique<\/li>\n<li>Conseils d&#8217;entretien : \u00e9vitez le contact avec l&#8217;eau et le parfum afin que le bijou conserve son \u00e9clat.<\/li>\n<li>Les mati\u00e8res premi\u00e8res sont soigneusement s\u00e9lectionn\u00e9es et sans risques pour votre sant\u00e9 : elles ne contiennent ni plomb, ni nickel, ni cadmium, conform\u00e9ment \u00e0 la l\u00e9gislation.<\/li>\n<\/ul>\n<p>:: Bijou pens\u00e9 et fabriqu\u00e9 main \u00e0 Paris dans l&#8217;atelier de la cr\u00e9atrice ::<\/p>\n","protected":false},"excerpt":{"rendered":"<p>Collection Judith Benita L&#8217;iconique boucle d\u2019oreille minimaliste mi-dor\u00e9e mi-color\u00e9e, d\u00e9clin\u00e9e dans une palette de couleurs profondes. Un contraste subtil entre mat et brillant, un bijou graphique pour tous les jours dont on ne se lasse pas. Mat\u00e9riaux : tubes asym\u00e9triques en laiton dor\u00e9 \u00e0 l&#8217;or fin recycl\u00e9 24 carats et couleur laqu\u00e9e Dimensions : longueur [&hellip;]<\/p>\n","protected":false},"featured_media":2769774,"comment_status":"open","ping_status":"closed","template":"","meta":[],"product_brand":[],"product_cat":[1807,1756],"product_tag":[2244,1811],"acf":[],"_links":{"self":[{"href":"https:\/\/streetmarkets.fr\/app\/wp-json\/wp\/v2\/product\/2769773"}],"collection":[{"href":"https:\/\/streetmarkets.fr\/app\/wp-json\/wp\/v2\/product"}],"about":[{"href":"https:\/\/streetmarkets.fr\/app\/wp-json\/wp\/v2\/types\/product"}],"replies":[{"embeddable":true,"href":"https:\/\/streetmarkets.fr\/app\/wp-json\/wp\/v2\/comments?post=2769773"}],"wp:featuredmedia":[{"embeddable":true,"href":"https:\/\/streetmarkets.fr\/app\/wp-json\/wp\/v2\/media\/2769774"}],"wp:attachment":[{"href":"https:\/\/streetmarkets.fr\/app\/wp-json\/wp\/v2\/media?parent=2769773"}],"wp:term":[{"taxonomy":"product_brand","embeddable":true,"href":"https:\/\/streetmarkets.fr\/app\/wp-json\/wp\/v2\/product_brand?post=2769773"},{"taxonomy":"product_cat","embeddable":true,"href":"https:\/\/streetmarkets.fr\/app\/wp-json\/wp\/v2\/product_cat?post=2769773"},{"taxonomy":"product_tag","embeddable":true,"href":"https:\/\/streetmarkets.fr\/app\/wp-json\/wp\/v2\/product_tag?post=2769773"}],"curies":[{"name":"wp","href":"https:\/\/api.w.org\/{rel}","templated":true}]}}