{"id":2769763,"date":"2025-10-04T01:31:12","date_gmt":"2025-10-03T23:31:12","guid":{"rendered":"https:\/\/streetmarkets.fr\/app\/produit\/bracelet-sunny\/"},"modified":"2026-05-09T01:15:34","modified_gmt":"2026-05-08T23:15:34","slug":"bracelet-sunny","status":"publish","type":"product","link":"https:\/\/streetmarkets.fr\/app\/produit\/bracelet-sunny\/","title":{"rendered":"Bracelet Sunny"},"content":{"rendered":"<p><a href=\"\/collections\/judith-benita\" title=\"Collection Judith Benita\"><strong>Collection Judith Benita<\/strong><\/a><\/p>\n<p><span>Un bracelet double cha\u00eene pr\u00e9cieux et minimal que l\u2019on aime beaucoup port\u00e9 en accumulation. Une pi\u00e8ce lumineuse, id\u00e9ale \u00e0 offrir.<\/span><\/p>\n<ul>\n<li>Mat\u00e9riaux :  <span>en laiton dor\u00e9 \u00e0 l&#8217;or fin recycl\u00e9 24 carats,<\/span><span>\u00a0couleur laqu\u00e9e<\/span>\n<\/li>\n<li>Dimensions : longueur 15,5 cm\n<\/li>\n<li>Pens\u00e9 et fabriqu\u00e9 main \u00e0 Paris<\/li>\n<li>Livr\u00e9 dans leur packaging individuel \u00e9cologique<\/li>\n<li>Conseils d&#8217;entretien : \u00e9vitez le contact avec l&#8217;eau et le parfum afin que le bijou conserve son \u00e9clat.<\/li>\n<li>Les mati\u00e8res premi\u00e8res sont soigneusement s\u00e9lectionn\u00e9es et sans risques pour votre sant\u00e9 : elles ne contiennent ni plomb, ni nickel, ni cadmium, conform\u00e9ment \u00e0 la l\u00e9gislation.<\/li>\n<\/ul>\n<p>:: Bijou pens\u00e9 et fabriqu\u00e9 main \u00e0 Paris dans l&#8217;atelier de la cr\u00e9atrice ::<\/p>\n","protected":false},"excerpt":{"rendered":"<p>Collection Judith Benita Un bracelet double cha\u00eene pr\u00e9cieux et minimal que l\u2019on aime beaucoup port\u00e9 en accumulation. Une pi\u00e8ce lumineuse, id\u00e9ale \u00e0 offrir. Mat\u00e9riaux : en laiton dor\u00e9 \u00e0 l&#8217;or fin recycl\u00e9 24 carats,\u00a0couleur laqu\u00e9e Dimensions : longueur 15,5 cm Pens\u00e9 et fabriqu\u00e9 main \u00e0 Paris Livr\u00e9 dans leur packaging individuel \u00e9cologique Conseils d&#8217;entretien : [&hellip;]<\/p>\n","protected":false},"featured_media":2769764,"comment_status":"open","ping_status":"closed","template":"","meta":[],"product_brand":[],"product_cat":[1807,1756],"product_tag":[2244,1811],"acf":[],"_links":{"self":[{"href":"https:\/\/streetmarkets.fr\/app\/wp-json\/wp\/v2\/product\/2769763"}],"collection":[{"href":"https:\/\/streetmarkets.fr\/app\/wp-json\/wp\/v2\/product"}],"about":[{"href":"https:\/\/streetmarkets.fr\/app\/wp-json\/wp\/v2\/types\/product"}],"replies":[{"embeddable":true,"href":"https:\/\/streetmarkets.fr\/app\/wp-json\/wp\/v2\/comments?post=2769763"}],"wp:featuredmedia":[{"embeddable":true,"href":"https:\/\/streetmarkets.fr\/app\/wp-json\/wp\/v2\/media\/2769764"}],"wp:attachment":[{"href":"https:\/\/streetmarkets.fr\/app\/wp-json\/wp\/v2\/media?parent=2769763"}],"wp:term":[{"taxonomy":"product_brand","embeddable":true,"href":"https:\/\/streetmarkets.fr\/app\/wp-json\/wp\/v2\/product_brand?post=2769763"},{"taxonomy":"product_cat","embeddable":true,"href":"https:\/\/streetmarkets.fr\/app\/wp-json\/wp\/v2\/product_cat?post=2769763"},{"taxonomy":"product_tag","embeddable":true,"href":"https:\/\/streetmarkets.fr\/app\/wp-json\/wp\/v2\/product_tag?post=2769763"}],"curies":[{"name":"wp","href":"https:\/\/api.w.org\/{rel}","templated":true}]}}