{"id":2769712,"date":"2025-10-04T01:31:06","date_gmt":"2025-10-03T23:31:06","guid":{"rendered":"https:\/\/streetmarkets.fr\/app\/produit\/bo-grand-sergent\/"},"modified":"2026-05-06T01:15:58","modified_gmt":"2026-05-05T23:15:58","slug":"bo-grand-sergent","status":"publish","type":"product","link":"https:\/\/streetmarkets.fr\/app\/produit\/bo-grand-sergent\/","title":{"rendered":"BO Grand Sergent"},"content":{"rendered":"<p><a href=\"\/collections\/judith-benita\" title=\"Collection Judith Benita\"><strong>Collection Judith Benita<\/strong><\/a><\/p>\n<p><span>Le chic ultime !<\/span><\/p>\n<p><span style=\"font-family: -apple-system, BlinkMacSystemFont, 'San Francisco', 'Segoe UI', Roboto, 'Helvetica Neue', sans-serif;font-size: 0.875rem\">La boucle d&#8217;oreille qui illumine votre <\/span><span style=\"font-family: -apple-system, BlinkMacSystemFont, 'San Francisco', 'Segoe UI', Roboto, 'Helvetica Neue', sans-serif;font-size: 0.875rem\">port de t\u00eate.<\/span><\/p>\n<ul>\n<li>Mat\u00e9riaux : tubes de laiton dor\u00e9 \u00e0 l&#8217;or fin recycl\u00e9 24 carats, couleur laqu\u00e9e\n<\/li>\n<li>Dimensions : longueur 4,5 cm\n<\/li>\n<li>Pens\u00e9es et fabriqu\u00e9es main \u00e0 Paris<\/li>\n<li>Livr\u00e9es dans leur packaging individuel \u00e9cologique<\/li>\n<li>Conseils d&#8217;entretien : \u00e9vitez le contact avec l&#8217;eau et le parfum afin que le bijou conserve son \u00e9clat.<\/li>\n<li>Les mati\u00e8res premi\u00e8res sont soigneusement s\u00e9lectionn\u00e9es et sans risques pour votre sant\u00e9 : elles ne contiennent ni plomb, ni nickel, ni cadmium, conform\u00e9ment \u00e0 la l\u00e9gislation.<\/li>\n<\/ul>\n<p>:: Bijou pens\u00e9 et fabriqu\u00e9 main \u00e0 Paris dans l&#8217;atelier de la cr\u00e9atrice ::<\/p>\n","protected":false},"excerpt":{"rendered":"<p>Collection Judith Benita Le chic ultime ! La boucle d&#8217;oreille qui illumine votre port de t\u00eate. Mat\u00e9riaux : tubes de laiton dor\u00e9 \u00e0 l&#8217;or fin recycl\u00e9 24 carats, couleur laqu\u00e9e Dimensions : longueur 4,5 cm Pens\u00e9es et fabriqu\u00e9es main \u00e0 Paris Livr\u00e9es dans leur packaging individuel \u00e9cologique Conseils d&#8217;entretien : \u00e9vitez le contact avec l&#8217;eau [&hellip;]<\/p>\n","protected":false},"featured_media":2769713,"comment_status":"open","ping_status":"closed","template":"","meta":[],"product_brand":[],"product_cat":[1807,1756],"product_tag":[2244,1811],"acf":[],"_links":{"self":[{"href":"https:\/\/streetmarkets.fr\/app\/wp-json\/wp\/v2\/product\/2769712"}],"collection":[{"href":"https:\/\/streetmarkets.fr\/app\/wp-json\/wp\/v2\/product"}],"about":[{"href":"https:\/\/streetmarkets.fr\/app\/wp-json\/wp\/v2\/types\/product"}],"replies":[{"embeddable":true,"href":"https:\/\/streetmarkets.fr\/app\/wp-json\/wp\/v2\/comments?post=2769712"}],"wp:featuredmedia":[{"embeddable":true,"href":"https:\/\/streetmarkets.fr\/app\/wp-json\/wp\/v2\/media\/2769713"}],"wp:attachment":[{"href":"https:\/\/streetmarkets.fr\/app\/wp-json\/wp\/v2\/media?parent=2769712"}],"wp:term":[{"taxonomy":"product_brand","embeddable":true,"href":"https:\/\/streetmarkets.fr\/app\/wp-json\/wp\/v2\/product_brand?post=2769712"},{"taxonomy":"product_cat","embeddable":true,"href":"https:\/\/streetmarkets.fr\/app\/wp-json\/wp\/v2\/product_cat?post=2769712"},{"taxonomy":"product_tag","embeddable":true,"href":"https:\/\/streetmarkets.fr\/app\/wp-json\/wp\/v2\/product_tag?post=2769712"}],"curies":[{"name":"wp","href":"https:\/\/api.w.org\/{rel}","templated":true}]}}