{"id":2769695,"date":"2025-10-04T01:31:04","date_gmt":"2025-10-03T23:31:04","guid":{"rendered":"https:\/\/streetmarkets.fr\/app\/produit\/collier-molto-xl\/"},"modified":"2026-05-06T01:15:58","modified_gmt":"2026-05-05T23:15:58","slug":"collier-molto-xl","status":"publish","type":"product","link":"https:\/\/streetmarkets.fr\/app\/produit\/collier-molto-xl\/","title":{"rendered":"Collier Molto XL"},"content":{"rendered":"<p><a href=\"\/collections\/judith-benita\" title=\"Collection Judith Benita\"><strong>Collection Judith Benita<\/strong><\/a><\/p>\n<p><span>Une chaine qui capte la lumi\u00e8re et qui se suffit \u00e0 elle-m\u00eame, twist\u00e9e de touches de couleurs ou simplement dor\u00e9e. Super chic associ\u00e9e \u00e0 un look \u00e9pur\u00e9.<\/span><\/p>\n<ul>\n<li>Mat\u00e9riaux :  <span>en laiton dor\u00e9 \u00e0 l&#8217;or fin recycl\u00e9 24 carats, pointes de couleur laqu\u00e9e<\/span>\n<\/li>\n<li>Dimensions : longueur maximum 46 cm\n<\/li>\n<li>Pens\u00e9 et fabriqu\u00e9 main \u00e0 Paris<\/li>\n<li>Livr\u00e9 dans leur packaging individuel \u00e9cologique<\/li>\n<li>Conseils d&#8217;entretien : \u00e9vitez le contact avec l&#8217;eau et le parfum afin que le bijou conserve son \u00e9clat.<\/li>\n<li>Les mati\u00e8res premi\u00e8res sont soigneusement s\u00e9lectionn\u00e9es et sans risques pour votre sant\u00e9 : elles ne contiennent ni plomb, ni nickel, ni cadmium, conform\u00e9ment \u00e0 la l\u00e9gislation.<\/li>\n<\/ul>\n<p>:: Bijou pens\u00e9 et fabriqu\u00e9 main \u00e0 Paris dans l&#8217;atelier de la cr\u00e9atrice ::<\/p>\n","protected":false},"excerpt":{"rendered":"<p>Collection Judith Benita Une chaine qui capte la lumi\u00e8re et qui se suffit \u00e0 elle-m\u00eame, twist\u00e9e de touches de couleurs ou simplement dor\u00e9e. Super chic associ\u00e9e \u00e0 un look \u00e9pur\u00e9. Mat\u00e9riaux : en laiton dor\u00e9 \u00e0 l&#8217;or fin recycl\u00e9 24 carats, pointes de couleur laqu\u00e9e Dimensions : longueur maximum 46 cm Pens\u00e9 et fabriqu\u00e9 main [&hellip;]<\/p>\n","protected":false},"featured_media":2769696,"comment_status":"open","ping_status":"closed","template":"","meta":[],"product_brand":[],"product_cat":[1807,1756],"product_tag":[2244,1811],"acf":[],"_links":{"self":[{"href":"https:\/\/streetmarkets.fr\/app\/wp-json\/wp\/v2\/product\/2769695"}],"collection":[{"href":"https:\/\/streetmarkets.fr\/app\/wp-json\/wp\/v2\/product"}],"about":[{"href":"https:\/\/streetmarkets.fr\/app\/wp-json\/wp\/v2\/types\/product"}],"replies":[{"embeddable":true,"href":"https:\/\/streetmarkets.fr\/app\/wp-json\/wp\/v2\/comments?post=2769695"}],"wp:featuredmedia":[{"embeddable":true,"href":"https:\/\/streetmarkets.fr\/app\/wp-json\/wp\/v2\/media\/2769696"}],"wp:attachment":[{"href":"https:\/\/streetmarkets.fr\/app\/wp-json\/wp\/v2\/media?parent=2769695"}],"wp:term":[{"taxonomy":"product_brand","embeddable":true,"href":"https:\/\/streetmarkets.fr\/app\/wp-json\/wp\/v2\/product_brand?post=2769695"},{"taxonomy":"product_cat","embeddable":true,"href":"https:\/\/streetmarkets.fr\/app\/wp-json\/wp\/v2\/product_cat?post=2769695"},{"taxonomy":"product_tag","embeddable":true,"href":"https:\/\/streetmarkets.fr\/app\/wp-json\/wp\/v2\/product_tag?post=2769695"}],"curies":[{"name":"wp","href":"https:\/\/api.w.org\/{rel}","templated":true}]}}