{"id":2769647,"date":"2025-10-04T01:31:01","date_gmt":"2025-10-03T23:31:01","guid":{"rendered":"https:\/\/streetmarkets.fr\/app\/produit\/casquette-colette-denim-clair\/"},"modified":"2026-05-04T01:22:14","modified_gmt":"2026-05-03T23:22:14","slug":"casquette-colette-denim-clair","status":"publish","type":"product","link":"https:\/\/streetmarkets.fr\/app\/produit\/casquette-colette-denim-clair\/","title":{"rendered":"Casquette Colette &#8211; Denim Clair"},"content":{"rendered":"<p class=\"p1\"><a href=\"\/collections\/rive-droite-paris\" title=\"Collection Rive Droite Paris\"><strong>Collection Rive Droite Paris<\/strong><\/a><\/p>\n<p data-start=\"330\" data-end=\"556\" class=\"\">Colette la casquette a \u00e9t\u00e9 imagin\u00e9e en pensant \u00e0 une casquette vintage chin\u00e9e dans une friperie de Brooklyn. Elle se r\u00e8gle \u00e0 l&#8217;arri\u00e8re pour s&#8217;adapter \u00e0 toutes les tailles de t\u00eate. \u00c0 porter d&#8217;urgence en cas de soleil trop fort.<\/p>\n<ul>\n<li style=\"list-style-type: none\">\n<ul>\n<li>\n<strong>Composition<\/strong><span>\u00a0<\/span>:<span>\u00a0<\/span><span>84% coton recycl\u00e9, 16% polyester.<\/span>\n<\/li>\n<li>\n<span><strong>Emballage :\u00a0<\/strong><\/span>Ce produit est emball\u00e9 avec soin dans un pochon en coton r\u00e9utilisable avec un lien coulissant.<\/li>\n<li>\n<strong>Dimensions<\/strong><span>\u00a0<\/span>: Taille unique &#8211; R\u00e9glable \u00e0 l&#8217;arri\u00e8re.<\/li>\n<li>\n<strong>Conseils d&#8217;entretien<\/strong><span>\u00a0<\/span><span>:\u00a0Lavage \u00e0 la main. Laisser s\u00e9cher \u00e0 l&#8217;air libre.<\/span>\n<\/li>\n<\/ul>\n<\/li>\n<\/ul>\n","protected":false},"excerpt":{"rendered":"<p>Collection Rive Droite Paris Colette la casquette a \u00e9t\u00e9 imagin\u00e9e en pensant \u00e0 une casquette vintage chin\u00e9e dans une friperie de Brooklyn. Elle se r\u00e8gle \u00e0 l&#8217;arri\u00e8re pour s&#8217;adapter \u00e0 toutes les tailles de t\u00eate. \u00c0 porter d&#8217;urgence en cas de soleil trop fort. Composition\u00a0:\u00a084% coton recycl\u00e9, 16% polyester. Emballage :\u00a0Ce produit est emball\u00e9 avec [&hellip;]<\/p>\n","protected":false},"featured_media":2769648,"comment_status":"open","ping_status":"closed","template":"","meta":[],"product_brand":[],"product_cat":[1756,1764],"product_tag":[2244,1811],"acf":[],"_links":{"self":[{"href":"https:\/\/streetmarkets.fr\/app\/wp-json\/wp\/v2\/product\/2769647"}],"collection":[{"href":"https:\/\/streetmarkets.fr\/app\/wp-json\/wp\/v2\/product"}],"about":[{"href":"https:\/\/streetmarkets.fr\/app\/wp-json\/wp\/v2\/types\/product"}],"replies":[{"embeddable":true,"href":"https:\/\/streetmarkets.fr\/app\/wp-json\/wp\/v2\/comments?post=2769647"}],"wp:featuredmedia":[{"embeddable":true,"href":"https:\/\/streetmarkets.fr\/app\/wp-json\/wp\/v2\/media\/2769648"}],"wp:attachment":[{"href":"https:\/\/streetmarkets.fr\/app\/wp-json\/wp\/v2\/media?parent=2769647"}],"wp:term":[{"taxonomy":"product_brand","embeddable":true,"href":"https:\/\/streetmarkets.fr\/app\/wp-json\/wp\/v2\/product_brand?post=2769647"},{"taxonomy":"product_cat","embeddable":true,"href":"https:\/\/streetmarkets.fr\/app\/wp-json\/wp\/v2\/product_cat?post=2769647"},{"taxonomy":"product_tag","embeddable":true,"href":"https:\/\/streetmarkets.fr\/app\/wp-json\/wp\/v2\/product_tag?post=2769647"}],"curies":[{"name":"wp","href":"https:\/\/api.w.org\/{rel}","templated":true}]}}