{"id":2769510,"date":"2025-10-04T01:29:49","date_gmt":"2025-10-03T23:29:49","guid":{"rendered":"https:\/\/streetmarkets.fr\/app\/produit\/casquette-colette-melrose-pink-ete-2025\/"},"modified":"2026-05-06T01:15:57","modified_gmt":"2026-05-05T23:15:57","slug":"casquette-colette-melrose-pink-ete-2025","status":"publish","type":"product","link":"https:\/\/streetmarkets.fr\/app\/produit\/casquette-colette-melrose-pink-ete-2025\/","title":{"rendered":"Casquette Colette &#8211; Melrose Pink &#8211; \u00c9t\u00e9 2025"},"content":{"rendered":"<p class=\"p1\"><a title=\"Collection Rive Droite Paris\" href=\"\/collections\/rive-droite-paris\"><strong>Collection Rive Droite Paris<\/strong><\/a><\/p>\n<p class=\"\" data-end=\"206\" data-start=\"74\">La casquette Colette se r\u00e9invente pour l\u2019\u00e9t\u00e9 dans un serg\u00e9 de coton 50% recycl\u00e9 et 50% organique dans une nouvelle teinte Melrose Pink !<\/p>\n<p class=\"\" data-end=\"556\" data-start=\"330\">Colette la casquette a \u00e9t\u00e9 imagin\u00e9e en pensant \u00e0 une casquette vintage chin\u00e9e dans une friperie de Brooklyn. Elle se r\u00e8gle \u00e0 l&#8217;arri\u00e8re pour s&#8217;adapter \u00e0 toutes les tailles de t\u00eate. \u00c0 porter d&#8217;urgence en cas de soleil trop fort.<\/p>\n<ul>\n<li style=\"list-style-type: none\">\n<ul>\n<li>\n<strong>Composition<\/strong><span>\u00a0<\/span>:<span>\u00a0<\/span><span>Serg\u00e9 de coton &#8211; 50% coton recycl\u00e9, 50% coton organique<\/span>\n<\/li>\n<li>\n<span><strong>Emballage :\u00a0<\/strong><\/span>Ce produit est emball\u00e9 avec soin dans un pochon en coton r\u00e9utilisable avec un lien coulissant.<\/li>\n<li>\n<strong>Dimensions<\/strong><span>\u00a0<\/span>: Taille unique &#8211; R\u00e9glable \u00e0 l&#8217;arri\u00e8re.<\/li>\n<li>\n<strong>Conseils d&#8217;entretien<\/strong><span>\u00a0<\/span><span>: Nettoyage \u00e0 sec. Repassage interdit.<\/span>\n<\/li>\n<\/ul>\n<\/li>\n<\/ul>\n","protected":false},"excerpt":{"rendered":"<p>Collection Rive Droite Paris La casquette Colette se r\u00e9invente pour l\u2019\u00e9t\u00e9 dans un serg\u00e9 de coton 50% recycl\u00e9 et 50% organique dans une nouvelle teinte Melrose Pink ! Colette la casquette a \u00e9t\u00e9 imagin\u00e9e en pensant \u00e0 une casquette vintage chin\u00e9e dans une friperie de Brooklyn. Elle se r\u00e8gle \u00e0 l&#8217;arri\u00e8re pour s&#8217;adapter \u00e0 toutes [&hellip;]<\/p>\n","protected":false},"featured_media":2769511,"comment_status":"open","ping_status":"closed","template":"","meta":[],"product_brand":[],"product_cat":[1756,1760],"product_tag":[2244,1811],"acf":[],"_links":{"self":[{"href":"https:\/\/streetmarkets.fr\/app\/wp-json\/wp\/v2\/product\/2769510"}],"collection":[{"href":"https:\/\/streetmarkets.fr\/app\/wp-json\/wp\/v2\/product"}],"about":[{"href":"https:\/\/streetmarkets.fr\/app\/wp-json\/wp\/v2\/types\/product"}],"replies":[{"embeddable":true,"href":"https:\/\/streetmarkets.fr\/app\/wp-json\/wp\/v2\/comments?post=2769510"}],"wp:featuredmedia":[{"embeddable":true,"href":"https:\/\/streetmarkets.fr\/app\/wp-json\/wp\/v2\/media\/2769511"}],"wp:attachment":[{"href":"https:\/\/streetmarkets.fr\/app\/wp-json\/wp\/v2\/media?parent=2769510"}],"wp:term":[{"taxonomy":"product_brand","embeddable":true,"href":"https:\/\/streetmarkets.fr\/app\/wp-json\/wp\/v2\/product_brand?post=2769510"},{"taxonomy":"product_cat","embeddable":true,"href":"https:\/\/streetmarkets.fr\/app\/wp-json\/wp\/v2\/product_cat?post=2769510"},{"taxonomy":"product_tag","embeddable":true,"href":"https:\/\/streetmarkets.fr\/app\/wp-json\/wp\/v2\/product_tag?post=2769510"}],"curies":[{"name":"wp","href":"https:\/\/api.w.org\/{rel}","templated":true}]}}