{"id":2769486,"date":"2025-10-04T01:29:48","date_gmt":"2025-10-03T23:29:48","guid":{"rendered":"https:\/\/streetmarkets.fr\/app\/produit\/cabas-marcel-xs-ete-2025\/"},"modified":"2026-05-11T01:15:21","modified_gmt":"2026-05-10T23:15:21","slug":"cabas-marcel-xs-ete-2025","status":"publish","type":"product","link":"https:\/\/streetmarkets.fr\/app\/produit\/cabas-marcel-xs-ete-2025\/","title":{"rendered":"Cabas Marcel XS &#8211; \u00c9t\u00e9 2025"},"content":{"rendered":"<p class=\"p1\"><a href=\"\/collections\/rive-droite-paris\" title=\"Collection Rive Droite Paris\"><strong>Collection Rive Droite Paris<\/strong><\/a><\/p>\n<p>Le sac cabas Marcel XS fait son retour pour l\u2019\u00e9t\u00e9 dans un serg\u00e9 de coton 50% recycl\u00e9 et 50% organique, <span>avec quatre nouvelles teintes Malibu Purple, Melrose Pink et Venice Blue !<\/span><\/p>\n<p>Marcel XS, c&#8217;est le cabas id\u00e9al pour vous accompagner au march\u00e9 ou pour y glisser vos essentiels de plage : trousse beaut\u00e9, chargeurs, \u00e9tuis \u00e0 lunettes, livre, gourde et cr\u00e8me solaire. Ce cabas au format g\u00e9n\u00e9reux, \u00e0 la fois pratique et \u00e9l\u00e9gant, deviendra votre compagnon de tous les jours pour vos escapades en ville et vos fl\u00e2neries du weekend. Une fois la journ\u00e9e finie, il se plie en un clin d&#8217;\u0153il et ne prendra pas de place chez vous.<\/p>\n<p>Sa doublure int\u00e9rieure de la m\u00eame couleur est confectionn\u00e9e \u00e0 partir de surstock de l&#8217;industrie textile.\u00a0<\/p>\n<ul>\n<li style=\"list-style-type: none\">\n<ul>\n<li>\n<strong>Composition<\/strong><span>\u00a0<\/span>:<span>\u00a0<\/span><span>Serg\u00e9 de coton &#8211; 50% coton recycl\u00e9, 50% coton organique<\/span>\n<\/li>\n<li>\n<span><strong>Emballage :\u00a0<\/strong><\/span>Ce produit est emball\u00e9 avec soin dans un pochon en coton r\u00e9utilisable avec un lien coulissant.<\/li>\n<li>\n<strong>Doublure<\/strong><span>\u00a0<\/span>:<span>\u00a0<\/span><span>100% polycoton upcycl\u00e9 issu de fins de stocks de tissus de l&#8217;industrie textile. Le produit \u00e9tant teint \u00e0 la pi\u00e8ce, la couleur de la doublure se rapproche de la couleur ext\u00e9rieure qui est ensuite teinte \u00e0 la pi\u00e8ce.<\/span>\n<\/li>\n<li>\n<strong>Dimensions<\/strong><span>\u00a0<\/span>: L48 x H37 x P21 cm.<\/li>\n<li>\n<strong>Capacit\u00e9<\/strong> : 44 L.<\/li>\n<li>\n<strong>Conseils d&#8217;entretien<\/strong><span>\u00a0<\/span><span>: Nettoyage \u00e0 sec. Repassage interdit.<\/span>\n<\/li>\n<\/ul>\n<\/li>\n<\/ul>\n","protected":false},"excerpt":{"rendered":"<p>Collection Rive Droite Paris Le sac cabas Marcel XS fait son retour pour l\u2019\u00e9t\u00e9 dans un serg\u00e9 de coton 50% recycl\u00e9 et 50% organique, avec quatre nouvelles teintes Malibu Purple, Melrose Pink et Venice Blue ! Marcel XS, c&#8217;est le cabas id\u00e9al pour vous accompagner au march\u00e9 ou pour y glisser vos essentiels de plage [&hellip;]<\/p>\n","protected":false},"featured_media":2769487,"comment_status":"open","ping_status":"closed","template":"","meta":[],"product_brand":[],"product_cat":[1756,1764],"product_tag":[2244,1811],"acf":[],"_links":{"self":[{"href":"https:\/\/streetmarkets.fr\/app\/wp-json\/wp\/v2\/product\/2769486"}],"collection":[{"href":"https:\/\/streetmarkets.fr\/app\/wp-json\/wp\/v2\/product"}],"about":[{"href":"https:\/\/streetmarkets.fr\/app\/wp-json\/wp\/v2\/types\/product"}],"replies":[{"embeddable":true,"href":"https:\/\/streetmarkets.fr\/app\/wp-json\/wp\/v2\/comments?post=2769486"}],"wp:featuredmedia":[{"embeddable":true,"href":"https:\/\/streetmarkets.fr\/app\/wp-json\/wp\/v2\/media\/2769487"}],"wp:attachment":[{"href":"https:\/\/streetmarkets.fr\/app\/wp-json\/wp\/v2\/media?parent=2769486"}],"wp:term":[{"taxonomy":"product_brand","embeddable":true,"href":"https:\/\/streetmarkets.fr\/app\/wp-json\/wp\/v2\/product_brand?post=2769486"},{"taxonomy":"product_cat","embeddable":true,"href":"https:\/\/streetmarkets.fr\/app\/wp-json\/wp\/v2\/product_cat?post=2769486"},{"taxonomy":"product_tag","embeddable":true,"href":"https:\/\/streetmarkets.fr\/app\/wp-json\/wp\/v2\/product_tag?post=2769486"}],"curies":[{"name":"wp","href":"https:\/\/api.w.org\/{rel}","templated":true}]}}