{"id":2769402,"date":"2025-10-04T01:29:42","date_gmt":"2025-10-03T23:29:42","guid":{"rendered":"https:\/\/streetmarkets.fr\/app\/produit\/trousse-de-toilette-hermel-ete-2025\/"},"modified":"2026-04-11T01:16:40","modified_gmt":"2026-04-10T23:16:40","slug":"trousse-de-toilette-hermel-ete-2025","status":"publish","type":"product","link":"https:\/\/streetmarkets.fr\/app\/produit\/trousse-de-toilette-hermel-ete-2025\/","title":{"rendered":"Trousse de Toilette Hermel &#8211; \u00c9t\u00e9 2025"},"content":{"rendered":"<p class=\"p1\"><a title=\"Collection Rive Droite Paris\" href=\"\/collections\/rive-droite-paris\"><strong>Collection Rive Droite Paris<\/strong><\/a><\/p>\n<p>La trousse de toilette Hermel se r\u00e9invente pour l\u2019\u00e9t\u00e9 dans un serg\u00e9 de coton 50% recycl\u00e9 et 50% organique, <span>avec quatre nouvelles teintes Malibu Purple, Melrose Pink, Santa Monica Beige et Venice Blue !<\/span><\/p>\n<p>Hermel est la trousse de toilette id\u00e9ale pour partir en voyage. Hyper pratique avec sa large ouverture, vous y rangerez tous vos essentiels beaut\u00e9 : shampoing, gel douche, brosse \u00e0 dents, soins visage, parfum, etc. Elle est assez grande pour tout \u00e7a.<\/p>\n<p>Le d\u00e9tail que vous aimez : sa anse sur le c\u00f4t\u00e9 pour l&#8217;attraper facilement.<\/p>\n<p>Sa doublure int\u00e9rieure de la m\u00eame couleur est confectionn\u00e9e \u00e0 partir de surstock de l&#8217;industrie textile. Elle se ferme par un zip YKK\u00ae argent\u00e9.<\/p>\n<ul>\n<li style=\"list-style-type: none\">\n<ul>\n<li>\n<strong>Composition<\/strong><span>\u00a0<\/span>:<span>\u00a0<\/span><span>Serg\u00e9 de coton &#8211; 50% coton recycl\u00e9, 50% coton organique<\/span>\n<\/li>\n<li>\n<span><strong>Emballage :\u00a0<\/strong><\/span>Ce produit est emball\u00e9 avec soin dans un pochon en coton r\u00e9utilisable avec un lien coulissant.<\/li>\n<li>\n<strong>Doublure<\/strong><span>\u00a0<\/span>:<span>\u00a0<\/span><span>100% polycoton upcycl\u00e9 issu de fins de stocks de tissus de l&#8217;industrie textile. Le produit \u00e9tant teint \u00e0 la pi\u00e8ce, la couleur de la doublure se rapproche de la couleur ext\u00e9rieure qui est ensuite teinte \u00e0 la pi\u00e8ce.<\/span>\n<\/li>\n<li>\n<strong>Dimensions<\/strong><span>\u00a0<\/span>: L26 x H18 x P11 cm.<\/li>\n<li>\n<strong>Conseils d&#8217;entretien<\/strong><span>\u00a0<\/span><span>: Nettoyage \u00e0 sec. Repassage interdit.<\/span>\n<\/li>\n<\/ul>\n<\/li>\n<\/ul>\n","protected":false},"excerpt":{"rendered":"<p>Collection Rive Droite Paris La trousse de toilette Hermel se r\u00e9invente pour l\u2019\u00e9t\u00e9 dans un serg\u00e9 de coton 50% recycl\u00e9 et 50% organique, avec quatre nouvelles teintes Malibu Purple, Melrose Pink, Santa Monica Beige et Venice Blue ! Hermel est la trousse de toilette id\u00e9ale pour partir en voyage. Hyper pratique avec sa large ouverture, [&hellip;]<\/p>\n","protected":false},"featured_media":2769403,"comment_status":"open","ping_status":"closed","template":"","meta":[],"product_brand":[],"product_cat":[1756,1764],"product_tag":[2244,1811],"acf":[],"_links":{"self":[{"href":"https:\/\/streetmarkets.fr\/app\/wp-json\/wp\/v2\/product\/2769402"}],"collection":[{"href":"https:\/\/streetmarkets.fr\/app\/wp-json\/wp\/v2\/product"}],"about":[{"href":"https:\/\/streetmarkets.fr\/app\/wp-json\/wp\/v2\/types\/product"}],"replies":[{"embeddable":true,"href":"https:\/\/streetmarkets.fr\/app\/wp-json\/wp\/v2\/comments?post=2769402"}],"wp:featuredmedia":[{"embeddable":true,"href":"https:\/\/streetmarkets.fr\/app\/wp-json\/wp\/v2\/media\/2769403"}],"wp:attachment":[{"href":"https:\/\/streetmarkets.fr\/app\/wp-json\/wp\/v2\/media?parent=2769402"}],"wp:term":[{"taxonomy":"product_brand","embeddable":true,"href":"https:\/\/streetmarkets.fr\/app\/wp-json\/wp\/v2\/product_brand?post=2769402"},{"taxonomy":"product_cat","embeddable":true,"href":"https:\/\/streetmarkets.fr\/app\/wp-json\/wp\/v2\/product_cat?post=2769402"},{"taxonomy":"product_tag","embeddable":true,"href":"https:\/\/streetmarkets.fr\/app\/wp-json\/wp\/v2\/product_tag?post=2769402"}],"curies":[{"name":"wp","href":"https:\/\/api.w.org\/{rel}","templated":true}]}}