{"id":2769360,"date":"2025-10-04T01:28:52","date_gmt":"2025-10-03T23:28:52","guid":{"rendered":"https:\/\/streetmarkets.fr\/app\/produit\/sac-elzevir-ete-2025\/"},"modified":"2026-05-13T01:16:56","modified_gmt":"2026-05-12T23:16:56","slug":"sac-elzevir-ete-2025","status":"publish","type":"product","link":"https:\/\/streetmarkets.fr\/app\/produit\/sac-elzevir-ete-2025\/","title":{"rendered":"Sac Elz\u00e9vir &#8211; \u00c9t\u00e9 2025"},"content":{"rendered":"<p class=\"p1\"><a href=\"\/collections\/rive-droite-paris\" title=\"Collection Rive Droite Paris\"><strong>Collection Rive Droite Paris<\/strong><\/a><\/p>\n<p>Le grand sac week-end Elz\u00e9vir se r\u00e9invente pour l\u2019\u00e9t\u00e9 dans un serg\u00e9 de coton 50% recycl\u00e9 et 50% organique, avec trois nouvelles teintes Malibu Purple, Melrose Pink et Venice Blue !<\/p>\n<p>Format id\u00e9al pour partir en long week-end, Elzevir vous permettra d&#8217;emporter 3 tenues compl\u00e8tes, 2 paires de chaussures et votre trousse de toilette, ou bien votre serviette de plage et tout le n\u00e9cessaire pour quelques jours en bord de mer.<\/p>\n<p>Ses atouts : sa poche int\u00e9rieure zipp\u00e9e et il se plie facilement sans prendre de place dans votre armoire !<\/p>\n<p>Sa doublure int\u00e9rieure de la m\u00eame couleur est confectionn\u00e9e \u00e0 partir de surstock de l&#8217;industrie textile. Elle se ferme par un zip YKK\u00ae argent\u00e9.<span><\/span><\/p>\n<ul>\n<li style=\"list-style-type: none\">\n<ul>\n<li>\n<strong>Composition<\/strong><span>\u00a0<\/span>:<span>\u00a0<\/span><span>Serg\u00e9 de coton &#8211; 50% coton recycl\u00e9, 50% coton organique<\/span>\n<\/li>\n<li>\n<span><strong>Emballage :\u00a0<\/strong><\/span>Ce produit est emball\u00e9 avec soin dans un pochon en coton r\u00e9utilisable avec un lien coulissant.<\/li>\n<li>\n<strong>Doublure<\/strong><span>\u00a0<\/span>:<span>\u00a0<\/span><span>100% polycoton upcycl\u00e9 issu de fins de stocks de tissus de l&#8217;industrie textile. Le produit \u00e9tant teint \u00e0 la pi\u00e8ce, la couleur de la doublure se rapproche de la couleur ext\u00e9rieure qui est ensuite teinte \u00e0 la pi\u00e8ce.<\/span>\n<\/li>\n<li>\n<strong>Dimensions<\/strong><span>\u00a0<\/span>: L50 x H40 x P23 cm.<\/li>\n<li>\n<strong>Capacit\u00e9<\/strong> : 46 L.\n<\/li>\n<li>\n<strong>Conseils d&#8217;entretien<\/strong><span>\u00a0<\/span><span>: Nettoyage \u00e0 sec. Repassage interdit.<\/span>\n<\/li>\n<\/ul>\n<\/li>\n<\/ul>\n","protected":false},"excerpt":{"rendered":"<p>Collection Rive Droite Paris Le grand sac week-end Elz\u00e9vir se r\u00e9invente pour l\u2019\u00e9t\u00e9 dans un serg\u00e9 de coton 50% recycl\u00e9 et 50% organique, avec trois nouvelles teintes Malibu Purple, Melrose Pink et Venice Blue ! Format id\u00e9al pour partir en long week-end, Elzevir vous permettra d&#8217;emporter 3 tenues compl\u00e8tes, 2 paires de chaussures et votre [&hellip;]<\/p>\n","protected":false},"featured_media":2769361,"comment_status":"open","ping_status":"closed","template":"","meta":[],"product_brand":[],"product_cat":[1756,1764],"product_tag":[2244],"acf":[],"_links":{"self":[{"href":"https:\/\/streetmarkets.fr\/app\/wp-json\/wp\/v2\/product\/2769360"}],"collection":[{"href":"https:\/\/streetmarkets.fr\/app\/wp-json\/wp\/v2\/product"}],"about":[{"href":"https:\/\/streetmarkets.fr\/app\/wp-json\/wp\/v2\/types\/product"}],"replies":[{"embeddable":true,"href":"https:\/\/streetmarkets.fr\/app\/wp-json\/wp\/v2\/comments?post=2769360"}],"wp:featuredmedia":[{"embeddable":true,"href":"https:\/\/streetmarkets.fr\/app\/wp-json\/wp\/v2\/media\/2769361"}],"wp:attachment":[{"href":"https:\/\/streetmarkets.fr\/app\/wp-json\/wp\/v2\/media?parent=2769360"}],"wp:term":[{"taxonomy":"product_brand","embeddable":true,"href":"https:\/\/streetmarkets.fr\/app\/wp-json\/wp\/v2\/product_brand?post=2769360"},{"taxonomy":"product_cat","embeddable":true,"href":"https:\/\/streetmarkets.fr\/app\/wp-json\/wp\/v2\/product_cat?post=2769360"},{"taxonomy":"product_tag","embeddable":true,"href":"https:\/\/streetmarkets.fr\/app\/wp-json\/wp\/v2\/product_tag?post=2769360"}],"curies":[{"name":"wp","href":"https:\/\/api.w.org\/{rel}","templated":true}]}}