{"id":2769297,"date":"2025-10-04T01:28:46","date_gmt":"2025-10-03T23:28:46","guid":{"rendered":"https:\/\/streetmarkets.fr\/app\/produit\/pins-tomates-cerises\/"},"modified":"2026-05-09T01:15:15","modified_gmt":"2026-05-08T23:15:15","slug":"pins-tomates-cerises","status":"publish","type":"product","link":"https:\/\/streetmarkets.fr\/app\/produit\/pins-tomates-cerises\/","title":{"rendered":"Pin&#8217;s Tomates Cerises"},"content":{"rendered":"<div id=\"product-description-short-41\" class=\"rte-content\">\n<strong><a href=\"\/collections\/coucou-suzette\" title=\"Collection Coucou Suzette\">Collection Coucou Suzette<\/a><\/strong>\u00a0<\/div>\n<div class=\"rte-content\"><\/div>\n<div class=\"rte-content\">\n<p><span>Notre tenue manque d\u2019un petit quelque chose, mais quoi ? Une grappe de tomates cerises paillet\u00e9es bien s\u00fbr ! A porter directement sur notre veste ou sur la bandouli\u00e8re d\u2019une banane, cet accessoire original trouve sa place partout.<\/span><\/p>\n<\/div>\n<div class=\"rte-content\">\n<ul>\n<li><em><span>Composition : laiton et couleurs cloisonn\u00e9es<\/span><\/em><\/li>\n<li><em>Attache papillon<\/em><\/li>\n<li><i>Longueur de la tige : 7 mm<\/i><\/li>\n<li><i><span>Fabriqu\u00e9 en Chine dans une usine audit\u00e9e<\/span><\/i><\/li>\n<\/ul>\n<\/div>\n","protected":false},"excerpt":{"rendered":"<p>Collection Coucou Suzette\u00a0 Notre tenue manque d\u2019un petit quelque chose, mais quoi ? Une grappe de tomates cerises paillet\u00e9es bien s\u00fbr ! A porter directement sur notre veste ou sur la bandouli\u00e8re d\u2019une banane, cet accessoire original trouve sa place partout. Composition : laiton et couleurs cloisonn\u00e9es Attache papillon Longueur de la tige : 7 [&hellip;]<\/p>\n","protected":false},"featured_media":2769298,"comment_status":"open","ping_status":"closed","template":"","meta":[],"product_brand":[],"product_cat":[1756,1764],"product_tag":[1813],"acf":[],"_links":{"self":[{"href":"https:\/\/streetmarkets.fr\/app\/wp-json\/wp\/v2\/product\/2769297"}],"collection":[{"href":"https:\/\/streetmarkets.fr\/app\/wp-json\/wp\/v2\/product"}],"about":[{"href":"https:\/\/streetmarkets.fr\/app\/wp-json\/wp\/v2\/types\/product"}],"replies":[{"embeddable":true,"href":"https:\/\/streetmarkets.fr\/app\/wp-json\/wp\/v2\/comments?post=2769297"}],"wp:featuredmedia":[{"embeddable":true,"href":"https:\/\/streetmarkets.fr\/app\/wp-json\/wp\/v2\/media\/2769298"}],"wp:attachment":[{"href":"https:\/\/streetmarkets.fr\/app\/wp-json\/wp\/v2\/media?parent=2769297"}],"wp:term":[{"taxonomy":"product_brand","embeddable":true,"href":"https:\/\/streetmarkets.fr\/app\/wp-json\/wp\/v2\/product_brand?post=2769297"},{"taxonomy":"product_cat","embeddable":true,"href":"https:\/\/streetmarkets.fr\/app\/wp-json\/wp\/v2\/product_cat?post=2769297"},{"taxonomy":"product_tag","embeddable":true,"href":"https:\/\/streetmarkets.fr\/app\/wp-json\/wp\/v2\/product_tag?post=2769297"}],"curies":[{"name":"wp","href":"https:\/\/api.w.org\/{rel}","templated":true}]}}