{"id":2769282,"date":"2025-10-04T01:28:45","date_gmt":"2025-10-03T23:28:45","guid":{"rendered":"https:\/\/streetmarkets.fr\/app\/produit\/pins-framboise\/"},"modified":"2026-05-06T01:15:41","modified_gmt":"2026-05-05T23:15:41","slug":"pins-framboise","status":"publish","type":"product","link":"https:\/\/streetmarkets.fr\/app\/produit\/pins-framboise\/","title":{"rendered":"Pin&#8217;s Framboise"},"content":{"rendered":"<div id=\"product-description-short-41\" class=\"rte-content\">\n<strong><a href=\"\/collections\/coucou-suzette\" title=\"Collection Coucou Suzette\">Collection Coucou Suzette<\/a><\/strong>\u00a0<\/div>\n<div class=\"rte-content\"><\/div>\n<div class=\"rte-content\">\n<p><span>On craque pour ce joli pin&#8217;s avec sa belle couleur framboise \u00e9cras\u00e9e et ses contours dor\u00e9s qui scintillent au soleil. Miam, \u00e7a nous donnerait presque faim dites donc !<\/span><\/p>\n<\/div>\n<div class=\"rte-content\">\n<ul>\n<li><em><span>Composition : laiton et couleurs cloisonn\u00e9es<\/span><\/em><\/li>\n<li><em>Attache papillon<\/em><\/li>\n<li><i>Longueur de la tige : 7 mm<\/i><\/li>\n<li><i><span>Fabriqu\u00e9 en Chine dans une usine audit\u00e9e<\/span><\/i><\/li>\n<\/ul>\n<\/div>\n","protected":false},"excerpt":{"rendered":"<p>Collection Coucou Suzette\u00a0 On craque pour ce joli pin&#8217;s avec sa belle couleur framboise \u00e9cras\u00e9e et ses contours dor\u00e9s qui scintillent au soleil. Miam, \u00e7a nous donnerait presque faim dites donc ! Composition : laiton et couleurs cloisonn\u00e9es Attache papillon Longueur de la tige : 7 mm Fabriqu\u00e9 en Chine dans une usine audit\u00e9e<\/p>\n","protected":false},"featured_media":2769283,"comment_status":"open","ping_status":"closed","template":"","meta":[],"product_brand":[],"product_cat":[1756,1764],"product_tag":[1813],"acf":[],"_links":{"self":[{"href":"https:\/\/streetmarkets.fr\/app\/wp-json\/wp\/v2\/product\/2769282"}],"collection":[{"href":"https:\/\/streetmarkets.fr\/app\/wp-json\/wp\/v2\/product"}],"about":[{"href":"https:\/\/streetmarkets.fr\/app\/wp-json\/wp\/v2\/types\/product"}],"replies":[{"embeddable":true,"href":"https:\/\/streetmarkets.fr\/app\/wp-json\/wp\/v2\/comments?post=2769282"}],"wp:featuredmedia":[{"embeddable":true,"href":"https:\/\/streetmarkets.fr\/app\/wp-json\/wp\/v2\/media\/2769283"}],"wp:attachment":[{"href":"https:\/\/streetmarkets.fr\/app\/wp-json\/wp\/v2\/media?parent=2769282"}],"wp:term":[{"taxonomy":"product_brand","embeddable":true,"href":"https:\/\/streetmarkets.fr\/app\/wp-json\/wp\/v2\/product_brand?post=2769282"},{"taxonomy":"product_cat","embeddable":true,"href":"https:\/\/streetmarkets.fr\/app\/wp-json\/wp\/v2\/product_cat?post=2769282"},{"taxonomy":"product_tag","embeddable":true,"href":"https:\/\/streetmarkets.fr\/app\/wp-json\/wp\/v2\/product_tag?post=2769282"}],"curies":[{"name":"wp","href":"https:\/\/api.w.org\/{rel}","templated":true}]}}