{"id":2769274,"date":"2025-10-04T01:28:45","date_gmt":"2025-10-03T23:28:45","guid":{"rendered":"https:\/\/streetmarkets.fr\/app\/produit\/mini-pince-a-cheveux-mure\/"},"modified":"2026-05-11T01:15:06","modified_gmt":"2026-05-10T23:15:06","slug":"mini-pince-a-cheveux-mure","status":"publish","type":"product","link":"https:\/\/streetmarkets.fr\/app\/produit\/mini-pince-a-cheveux-mure\/","title":{"rendered":"Mini-pince \u00e0 cheveux M\u00fbre"},"content":{"rendered":"<div class=\"rte-content\" id=\"product-description-short-41\">\n <a title=\"Collection Coucou Suzette\" href=\"\/collections\/coucou-suzette\"><strong>Collection Coucou Suzette<\/strong><\/a>\n<\/div>\n<div class=\"rte-content\">\n<strong><\/strong>\n<\/div>\n<div class=\"rte-content\">\n<div class=\"rte-content\" id=\"product-description-short-123\">\n<p><span>Une mini pince en forme de m\u00fbre tout juste cueillie qu\u2019on vient loger dans nos cheveux, \u00e0 la base d\u2019une queue de cheval par exemple, ou sur un chignon pour le maintenir comme il faut. Rien ne vaut un joli fruit rouge pour vitaminer nos looks !<\/span><\/p>\n<div class=\"rte-content\">\n<div id=\"product-description-short-123\" class=\"rte-content\">\n<p>Cette\u00a0pince\u00a0est faite \u00e0 partir d&#8217;Acetate de Cellulose recycl\u00e9e &amp; biod\u00e9gradable (Eco-Friendly).<\/p>\n<ul>\n<li><em><span>Composition : ac\u00e9tate de cellulose<\/span><\/em><\/li>\n<li><em>Chaque cr\u00e9ation est unique, la couleur peut varier l\u00e9g\u00e8rement selon le morceau d&#8217;ac\u00e9tate utilis\u00e9<\/em><\/li>\n<li><em>Type d\u2019attache :<span>\u00a0<\/span>dents en ac\u00e9tate<\/em><\/li>\n<li><em><span>Fabriqu\u00e9e en Chine dans une usine audit\u00e9e<\/span><\/em><\/li>\n<li><em>Conseils d\u2019utilisation : \u00e9viter le contact avec l\u2019eau<\/em><\/li>\n<\/ul>\n<p>Dimensions : environ 3,6 cm x 2,3 cm<\/p>\n<\/div>\n<\/div>\n<\/div>\n<\/div>\n","protected":false},"excerpt":{"rendered":"<p>Collection Coucou Suzette Une mini pince en forme de m\u00fbre tout juste cueillie qu\u2019on vient loger dans nos cheveux, \u00e0 la base d\u2019une queue de cheval par exemple, ou sur un chignon pour le maintenir comme il faut. Rien ne vaut un joli fruit rouge pour vitaminer nos looks ! Cette\u00a0pince\u00a0est faite \u00e0 partir d&#8217;Acetate [&hellip;]<\/p>\n","protected":false},"featured_media":2769275,"comment_status":"open","ping_status":"closed","template":"","meta":[],"product_brand":[],"product_cat":[1756,1764],"product_tag":[1813],"acf":[],"_links":{"self":[{"href":"https:\/\/streetmarkets.fr\/app\/wp-json\/wp\/v2\/product\/2769274"}],"collection":[{"href":"https:\/\/streetmarkets.fr\/app\/wp-json\/wp\/v2\/product"}],"about":[{"href":"https:\/\/streetmarkets.fr\/app\/wp-json\/wp\/v2\/types\/product"}],"replies":[{"embeddable":true,"href":"https:\/\/streetmarkets.fr\/app\/wp-json\/wp\/v2\/comments?post=2769274"}],"wp:featuredmedia":[{"embeddable":true,"href":"https:\/\/streetmarkets.fr\/app\/wp-json\/wp\/v2\/media\/2769275"}],"wp:attachment":[{"href":"https:\/\/streetmarkets.fr\/app\/wp-json\/wp\/v2\/media?parent=2769274"}],"wp:term":[{"taxonomy":"product_brand","embeddable":true,"href":"https:\/\/streetmarkets.fr\/app\/wp-json\/wp\/v2\/product_brand?post=2769274"},{"taxonomy":"product_cat","embeddable":true,"href":"https:\/\/streetmarkets.fr\/app\/wp-json\/wp\/v2\/product_cat?post=2769274"},{"taxonomy":"product_tag","embeddable":true,"href":"https:\/\/streetmarkets.fr\/app\/wp-json\/wp\/v2\/product_tag?post=2769274"}],"curies":[{"name":"wp","href":"https:\/\/api.w.org\/{rel}","templated":true}]}}