{"id":2769260,"date":"2025-10-04T01:28:44","date_gmt":"2025-10-03T23:28:44","guid":{"rendered":"https:\/\/streetmarkets.fr\/app\/produit\/chaussettes-fruits-rouges\/"},"modified":"2026-05-09T01:15:14","modified_gmt":"2026-05-08T23:15:14","slug":"chaussettes-fruits-rouges","status":"publish","type":"product","link":"https:\/\/streetmarkets.fr\/app\/produit\/chaussettes-fruits-rouges\/","title":{"rendered":"Chaussettes Fruits Rouges"},"content":{"rendered":"<p class=\"p1\"><a title=\"Collection Coucou Suzette\" href=\"\/collections\/coucou-suzette\"><strong>Collection Coucou Suzette<\/strong><\/a><\/p>\n<p><span>Apr\u00e8s un hiver rude, on fait le plein de vitamines et d&#8217;antioxydants avec ces chaussettes fruits rouges : un mix de framboises et de m\u00fbres sur un fond lilas, avec suppl\u00e9ment fronces autour de la cheville. Nous voil\u00e0 rhabill\u00e9.e.s pour le printemps !<\/span><\/p>\n<ul>\n<li><em>Chaussettes en<span> 80% Coton 17% Polyamide 3% Elasthanne<\/span><\/em><\/li>\n<li><em>Mixtes &#8211; Taille unique (du 35 au 40)<\/em><\/li>\n<li><em>Conseils d\u2019entretien : laver \u00e0 l\u2019envers \u00e0 30\u00b0<\/em><\/li>\n<li><em>Fabriqu\u00e9es au Portugual<\/em><\/li>\n<\/ul>\n","protected":false},"excerpt":{"rendered":"<p>Collection Coucou Suzette Apr\u00e8s un hiver rude, on fait le plein de vitamines et d&#8217;antioxydants avec ces chaussettes fruits rouges : un mix de framboises et de m\u00fbres sur un fond lilas, avec suppl\u00e9ment fronces autour de la cheville. Nous voil\u00e0 rhabill\u00e9.e.s pour le printemps ! Chaussettes en 80% Coton 17% Polyamide 3% Elasthanne Mixtes [&hellip;]<\/p>\n","protected":false},"featured_media":2769261,"comment_status":"open","ping_status":"closed","template":"","meta":[],"product_brand":[],"product_cat":[1756,1762],"product_tag":[1811],"acf":[],"_links":{"self":[{"href":"https:\/\/streetmarkets.fr\/app\/wp-json\/wp\/v2\/product\/2769260"}],"collection":[{"href":"https:\/\/streetmarkets.fr\/app\/wp-json\/wp\/v2\/product"}],"about":[{"href":"https:\/\/streetmarkets.fr\/app\/wp-json\/wp\/v2\/types\/product"}],"replies":[{"embeddable":true,"href":"https:\/\/streetmarkets.fr\/app\/wp-json\/wp\/v2\/comments?post=2769260"}],"wp:featuredmedia":[{"embeddable":true,"href":"https:\/\/streetmarkets.fr\/app\/wp-json\/wp\/v2\/media\/2769261"}],"wp:attachment":[{"href":"https:\/\/streetmarkets.fr\/app\/wp-json\/wp\/v2\/media?parent=2769260"}],"wp:term":[{"taxonomy":"product_brand","embeddable":true,"href":"https:\/\/streetmarkets.fr\/app\/wp-json\/wp\/v2\/product_brand?post=2769260"},{"taxonomy":"product_cat","embeddable":true,"href":"https:\/\/streetmarkets.fr\/app\/wp-json\/wp\/v2\/product_cat?post=2769260"},{"taxonomy":"product_tag","embeddable":true,"href":"https:\/\/streetmarkets.fr\/app\/wp-json\/wp\/v2\/product_tag?post=2769260"}],"curies":[{"name":"wp","href":"https:\/\/api.w.org\/{rel}","templated":true}]}}