{"id":2769238,"date":"2025-10-04T01:28:43","date_gmt":"2025-10-03T23:28:43","guid":{"rendered":"https:\/\/streetmarkets.fr\/app\/produit\/porte-cle-fraise\/"},"modified":"2026-04-20T01:15:39","modified_gmt":"2026-04-19T23:15:39","slug":"porte-cle-fraise","status":"publish","type":"product","link":"https:\/\/streetmarkets.fr\/app\/produit\/porte-cle-fraise\/","title":{"rendered":"Porte-cl\u00e9 Fraise"},"content":{"rendered":"<div class=\"rte-content\" id=\"product-description-short-41\">\n<div class=\"rte-content\" id=\"product-description-short-123\">\n<p><a title=\"Collection Coucou Suzette\" href=\"\/collections\/coucou-suzette\"><strong>Collection Coucou Suzette<\/strong><\/a><\/p>\n<p><span>Un beau port\u00e9-cl\u00e9 dor\u00e9 accompagn\u00e9 d\u2019une fraise rouge m\u00fbre \u00e0 souhait, id\u00e9al pour les cl\u00e9s de maison de campagne ou pour laisser un trousseau \u00e0 la voisine !<\/span><\/p>\n<ul>\n<li><em>Longueur : environ 9 cm<\/em><\/li>\n<li><em>Largeur : environ 2,9 cm<\/em><\/li>\n<li><em>Chaque cr\u00e9ation est unique, la couleur peut varier l\u00e9g\u00e8rement<\/em><\/li>\n<li><em> <span>Conseils d\u2019utilisation : \u00e9viter le contact avec l\u2019eau<\/span><\/em><\/li>\n<li><em>Fabriqu\u00e9 en Chine<\/em><\/li>\n<\/ul>\n<\/div>\n<\/div>\n","protected":false},"excerpt":{"rendered":"<p>Collection Coucou Suzette Un beau port\u00e9-cl\u00e9 dor\u00e9 accompagn\u00e9 d\u2019une fraise rouge m\u00fbre \u00e0 souhait, id\u00e9al pour les cl\u00e9s de maison de campagne ou pour laisser un trousseau \u00e0 la voisine ! Longueur : environ 9 cm Largeur : environ 2,9 cm Chaque cr\u00e9ation est unique, la couleur peut varier l\u00e9g\u00e8rement Conseils d\u2019utilisation : \u00e9viter le [&hellip;]<\/p>\n","protected":false},"featured_media":2769239,"comment_status":"open","ping_status":"closed","template":"","meta":[],"product_brand":[],"product_cat":[1756,1764],"product_tag":[1813],"acf":[],"_links":{"self":[{"href":"https:\/\/streetmarkets.fr\/app\/wp-json\/wp\/v2\/product\/2769238"}],"collection":[{"href":"https:\/\/streetmarkets.fr\/app\/wp-json\/wp\/v2\/product"}],"about":[{"href":"https:\/\/streetmarkets.fr\/app\/wp-json\/wp\/v2\/types\/product"}],"replies":[{"embeddable":true,"href":"https:\/\/streetmarkets.fr\/app\/wp-json\/wp\/v2\/comments?post=2769238"}],"wp:featuredmedia":[{"embeddable":true,"href":"https:\/\/streetmarkets.fr\/app\/wp-json\/wp\/v2\/media\/2769239"}],"wp:attachment":[{"href":"https:\/\/streetmarkets.fr\/app\/wp-json\/wp\/v2\/media?parent=2769238"}],"wp:term":[{"taxonomy":"product_brand","embeddable":true,"href":"https:\/\/streetmarkets.fr\/app\/wp-json\/wp\/v2\/product_brand?post=2769238"},{"taxonomy":"product_cat","embeddable":true,"href":"https:\/\/streetmarkets.fr\/app\/wp-json\/wp\/v2\/product_cat?post=2769238"},{"taxonomy":"product_tag","embeddable":true,"href":"https:\/\/streetmarkets.fr\/app\/wp-json\/wp\/v2\/product_tag?post=2769238"}],"curies":[{"name":"wp","href":"https:\/\/api.w.org\/{rel}","templated":true}]}}