{"id":2769095,"date":"2025-10-04T01:27:31","date_gmt":"2025-10-03T23:27:31","guid":{"rendered":"https:\/\/streetmarkets.fr\/app\/produit\/bo-puces-sacha\/"},"modified":"2026-05-09T01:15:01","modified_gmt":"2026-05-08T23:15:01","slug":"bo-puces-sacha","status":"publish","type":"product","link":"https:\/\/streetmarkets.fr\/app\/produit\/bo-puces-sacha\/","title":{"rendered":"BO Puces Sacha"},"content":{"rendered":"<h4><a title=\"Collection Waekura\" href=\"https:\/\/frenchtouche.com\/collections\/waekura\">Collection Waekura<\/a><\/h4>\n<p>BO clous Coeur \u00e0 la finition lisse pour un effet lumineux !<br \/>Dor\u00e9es \u00e0 l&#8217;or 18 carats sur base laiton.<\/p>\n<p>Dimensions : 10,5 mm * 13 mm<\/p>\n<p class=\"p1\">Livr\u00e9es dans un pochon en coton.<\/p>\n<p class=\"p1\"><em>Tous les bijoux Waekura r\u00e9sistent \u00e0 l&#8217;eau, au temps, et ne noircissent pas. Ils sont hypoallerg\u00e9niques et garantis 1 an.<\/em><\/p>\n<p class=\"p1\"><em> <span>Pour garder vos bijoux le plus longtemps possible, \u00e9vitez de les mettre en contact de produits chimiques, cosm\u00e9tiques, ou parfums.<\/span><br \/><span>Ne les portez pas pendant vos bains de mer ou pendant votre s\u00e9ance de sport, et rangez-les dans dans leur petit pochon en coton.<\/span><br \/><span>Pour nettoyer un bijou, un simple chiffon doux et sec permettra de raviver son \u00e9clat.<\/span><\/em><\/p>\n","protected":false},"excerpt":{"rendered":"<p>Collection Waekura BO clous Coeur \u00e0 la finition lisse pour un effet lumineux !Dor\u00e9es \u00e0 l&#8217;or 18 carats sur base laiton. Dimensions : 10,5 mm * 13 mm Livr\u00e9es dans un pochon en coton. Tous les bijoux Waekura r\u00e9sistent \u00e0 l&#8217;eau, au temps, et ne noircissent pas. Ils sont hypoallerg\u00e9niques et garantis 1 an. Pour [&hellip;]<\/p>\n","protected":false},"featured_media":2769096,"comment_status":"open","ping_status":"closed","template":"","meta":[],"product_brand":[],"product_cat":[1807,1756],"product_tag":[2244,1811],"acf":[],"_links":{"self":[{"href":"https:\/\/streetmarkets.fr\/app\/wp-json\/wp\/v2\/product\/2769095"}],"collection":[{"href":"https:\/\/streetmarkets.fr\/app\/wp-json\/wp\/v2\/product"}],"about":[{"href":"https:\/\/streetmarkets.fr\/app\/wp-json\/wp\/v2\/types\/product"}],"replies":[{"embeddable":true,"href":"https:\/\/streetmarkets.fr\/app\/wp-json\/wp\/v2\/comments?post=2769095"}],"wp:featuredmedia":[{"embeddable":true,"href":"https:\/\/streetmarkets.fr\/app\/wp-json\/wp\/v2\/media\/2769096"}],"wp:attachment":[{"href":"https:\/\/streetmarkets.fr\/app\/wp-json\/wp\/v2\/media?parent=2769095"}],"wp:term":[{"taxonomy":"product_brand","embeddable":true,"href":"https:\/\/streetmarkets.fr\/app\/wp-json\/wp\/v2\/product_brand?post=2769095"},{"taxonomy":"product_cat","embeddable":true,"href":"https:\/\/streetmarkets.fr\/app\/wp-json\/wp\/v2\/product_cat?post=2769095"},{"taxonomy":"product_tag","embeddable":true,"href":"https:\/\/streetmarkets.fr\/app\/wp-json\/wp\/v2\/product_tag?post=2769095"}],"curies":[{"name":"wp","href":"https:\/\/api.w.org\/{rel}","templated":true}]}}