{"id":2769071,"date":"2025-10-04T01:27:28","date_gmt":"2025-10-03T23:27:28","guid":{"rendered":"https:\/\/streetmarkets.fr\/app\/produit\/grand-carre-soie-foxtrot-2\/"},"modified":"2026-05-06T01:15:30","modified_gmt":"2026-05-05T23:15:30","slug":"grand-carre-soie-foxtrot-2","status":"publish","type":"product","link":"https:\/\/streetmarkets.fr\/app\/produit\/grand-carre-soie-foxtrot-2\/","title":{"rendered":"Grand Carr\u00e9 Soie FOXTROT"},"content":{"rendered":"<p data-mce-fragment=\"1\"><strong data-mce-fragment=\"1\"><a title=\"Collection De Novembre\" href=\"https:\/\/frenchtouche.com\/collections\/de-novembre\" data-mce-fragment=\"1\">Collection De Novembre<\/a><\/strong><\/p>\n<p><span>FOXTROT, un carr\u00e9 de soie au motif g\u00e9om\u00e9trique intense et vibrant r\u00e9alis\u00e9 en teinture artisanale. Roulott\u00e9 main.<\/span><\/p>\n<p>Coloris Vert &amp; Bleu Sourd.<\/p>\n<p>100% Twill de soie.<\/p>\n<p>Dimensions : 110 x 110 cm<\/p>\n<p data-mce-fragment=\"1\"><span>Confectionn\u00e9 artisanalement en Inde, dans le respect des valeurs \u00e9thiques, sociales et environnementales de la marque.\u00a0Judith Bourdin, la cr\u00e9atrice, collabore depuis plus de 10 ans avec des artisans et coop\u00e9ratives de la r\u00e9gion du Gujarat et du Cachemire riches de nombreux savoir-faire ancestraux.<\/span><\/p>\n<p data-mce-fragment=\"1\">Conseils d&#8217;entretien : lavage \u00e0 sec et repassage doux.<\/p>\n","protected":false},"excerpt":{"rendered":"<p>Collection De Novembre FOXTROT, un carr\u00e9 de soie au motif g\u00e9om\u00e9trique intense et vibrant r\u00e9alis\u00e9 en teinture artisanale. Roulott\u00e9 main. Coloris Vert &amp; Bleu Sourd. 100% Twill de soie. Dimensions : 110 x 110 cm Confectionn\u00e9 artisanalement en Inde, dans le respect des valeurs \u00e9thiques, sociales et environnementales de la marque.\u00a0Judith Bourdin, la cr\u00e9atrice, collabore [&hellip;]<\/p>\n","protected":false},"featured_media":2769072,"comment_status":"open","ping_status":"closed","template":"","meta":[],"product_brand":[],"product_cat":[1756,1764],"product_tag":[2244,1813],"acf":[],"_links":{"self":[{"href":"https:\/\/streetmarkets.fr\/app\/wp-json\/wp\/v2\/product\/2769071"}],"collection":[{"href":"https:\/\/streetmarkets.fr\/app\/wp-json\/wp\/v2\/product"}],"about":[{"href":"https:\/\/streetmarkets.fr\/app\/wp-json\/wp\/v2\/types\/product"}],"replies":[{"embeddable":true,"href":"https:\/\/streetmarkets.fr\/app\/wp-json\/wp\/v2\/comments?post=2769071"}],"wp:featuredmedia":[{"embeddable":true,"href":"https:\/\/streetmarkets.fr\/app\/wp-json\/wp\/v2\/media\/2769072"}],"wp:attachment":[{"href":"https:\/\/streetmarkets.fr\/app\/wp-json\/wp\/v2\/media?parent=2769071"}],"wp:term":[{"taxonomy":"product_brand","embeddable":true,"href":"https:\/\/streetmarkets.fr\/app\/wp-json\/wp\/v2\/product_brand?post=2769071"},{"taxonomy":"product_cat","embeddable":true,"href":"https:\/\/streetmarkets.fr\/app\/wp-json\/wp\/v2\/product_cat?post=2769071"},{"taxonomy":"product_tag","embeddable":true,"href":"https:\/\/streetmarkets.fr\/app\/wp-json\/wp\/v2\/product_tag?post=2769071"}],"curies":[{"name":"wp","href":"https:\/\/api.w.org\/{rel}","templated":true}]}}