{"id":2768956,"date":"2025-10-04T01:26:24","date_gmt":"2025-10-03T23:26:24","guid":{"rendered":"https:\/\/streetmarkets.fr\/app\/produit\/gilet-paula-tourterelle-navy-blue\/"},"modified":"2026-05-09T01:15:00","modified_gmt":"2026-05-08T23:15:00","slug":"gilet-paula-tourterelle-navy-blue","status":"publish","type":"product","link":"https:\/\/streetmarkets.fr\/app\/produit\/gilet-paula-tourterelle-navy-blue\/","title":{"rendered":"Gilet Paula Tourterelle Navy Blue"},"content":{"rendered":"<p><!--\n@page { margin: 2cm }\n\t\tP { margin-bottom: 0.21cm }\n--><\/p>\n<p><a title=\"Collection Moismont\" href=\"\/collections\/moismont\"><strong>Collection Moismont<\/strong><\/a><\/p>\n<div class=\"tabs__head product-tabs__head\">\n  <span>Ce gilet sans manches Paula en coton matelass\u00e9 fa\u00e7on boutis est l&#8217;une des pi\u00e8ces phares du vestiaire Moismont. Port\u00e9 pr\u00e8s du corps, il structure la silhouette et donne du volume \u00e0 une blouse port\u00e9e en dessous.<\/span>\n<\/div>\n<div class=\"tabs__head product-tabs__head\">\n<ul>\n<li><span>100% coton<\/span><\/li>\n<li><span>Gilet sans manches<\/span><\/li>\n<li><span>Matelass\u00e9 avec surpiqures<\/span><\/li>\n<li><span>Tiss\u00e9 main<\/span><\/li>\n<li><span>Boutons en corne<\/span><\/li>\n<li><span>Maeva mesure 1m75 et porte une taille S<\/span><\/li>\n<\/ul>\n<\/div>\n<div class=\"tab-content tab-content-1 current\">\n<p><span class=\"metafield-multi_line_text_field\">Fabriqu\u00e9e de mani\u00e8re artisanale en Inde, ce gilet utilise du coton tiss\u00e9 sur des m\u00e9tiers \u00e0 tisser artisanaux. \u00c9galement connu sous le nom de &#8220;handloom&#8221;, ce tissage \u00e0 la main est une technique ancestrale qui offre un rendu de haute qualit\u00e9 et plein de caract\u00e8re. Le gilet peut pr\u00e9senter quelques irr\u00e9gularit\u00e9s, ajoutant au charme de sa conception artisanale.<\/span><\/p>\n<\/div>\n<p><span>Dessin\u00e9 in France<br \/>Fabriqu\u00e9 en Inde<\/span><\/p>\n<div class=\"tab-content tab-content-2 current\">\n<p><span>Le coton est une fibre naturelle facile \u00e0 entretenir. Pour pr\u00e9server votre chemise, lavez-la \u00e0 30\u00b0C maximum avec des couleurs similaires. \u00c9vitez le blanchiment. S\u00e9chez-la \u00e0 l\u2019air libre et repassez \u00e0 basse temp\u00e9rature, jusqu\u2019\u00e0 110\u00b0C.<\/span><\/p>\n<\/div>\n","protected":false},"excerpt":{"rendered":"<p>Collection Moismont Ce gilet sans manches Paula en coton matelass\u00e9 fa\u00e7on boutis est l&#8217;une des pi\u00e8ces phares du vestiaire Moismont. Port\u00e9 pr\u00e8s du corps, il structure la silhouette et donne du volume \u00e0 une blouse port\u00e9e en dessous. 100% coton Gilet sans manches Matelass\u00e9 avec surpiqures Tiss\u00e9 main Boutons en corne Maeva mesure 1m75 et [&hellip;]<\/p>\n","protected":false},"featured_media":2768957,"comment_status":"open","ping_status":"closed","template":"","meta":[],"product_brand":[],"product_cat":[1756,1762],"product_tag":[2244,1811],"acf":[],"_links":{"self":[{"href":"https:\/\/streetmarkets.fr\/app\/wp-json\/wp\/v2\/product\/2768956"}],"collection":[{"href":"https:\/\/streetmarkets.fr\/app\/wp-json\/wp\/v2\/product"}],"about":[{"href":"https:\/\/streetmarkets.fr\/app\/wp-json\/wp\/v2\/types\/product"}],"replies":[{"embeddable":true,"href":"https:\/\/streetmarkets.fr\/app\/wp-json\/wp\/v2\/comments?post=2768956"}],"wp:featuredmedia":[{"embeddable":true,"href":"https:\/\/streetmarkets.fr\/app\/wp-json\/wp\/v2\/media\/2768957"}],"wp:attachment":[{"href":"https:\/\/streetmarkets.fr\/app\/wp-json\/wp\/v2\/media?parent=2768956"}],"wp:term":[{"taxonomy":"product_brand","embeddable":true,"href":"https:\/\/streetmarkets.fr\/app\/wp-json\/wp\/v2\/product_brand?post=2768956"},{"taxonomy":"product_cat","embeddable":true,"href":"https:\/\/streetmarkets.fr\/app\/wp-json\/wp\/v2\/product_cat?post=2768956"},{"taxonomy":"product_tag","embeddable":true,"href":"https:\/\/streetmarkets.fr\/app\/wp-json\/wp\/v2\/product_tag?post=2768956"}],"curies":[{"name":"wp","href":"https:\/\/api.w.org\/{rel}","templated":true}]}}