{"id":2768794,"date":"2025-10-04T01:26:16","date_gmt":"2025-10-03T23:26:16","guid":{"rendered":"https:\/\/streetmarkets.fr\/app\/produit\/portefeuille-pliant-en-cuir\/"},"modified":"2026-05-06T01:15:28","modified_gmt":"2026-05-05T23:15:28","slug":"portefeuille-pliant-en-cuir","status":"publish","type":"product","link":"https:\/\/streetmarkets.fr\/app\/produit\/portefeuille-pliant-en-cuir\/","title":{"rendered":"Portefeuille Pliant en Cuir"},"content":{"rendered":"<p><a title=\"Collection Lost &amp; Found\" href=\"https:\/\/frenchtouche.com\/collections\/lost-found\"><span style=\"text-decoration: underline\"><strong>Collection Lost &amp; Found<\/strong><\/span><\/a><\/p>\n<p>Le grand portefeuille pliant tient bien en main et ne prend pas beaucoup de place dans le sac !<br \/>Les compartiments en accord\u00e9on avec 6 fentes int\u00e9gr\u00e9es pour cartes de cr\u00e9dit et une poche zipp\u00e9e pour la monnaie assurent clart\u00e9 et facilit\u00e9 d&#8217;utilisation. Les billets trouvent place dans le compartiment secret au fond. Le rabat de fermeture offre un autre compartiment polyvalent et est \u00e9quip\u00e9 d&#8217;un bouton pression.<\/p>\n<p>Dimensions :<span>\u00a0<\/span><span data-mce-fragment=\"1\">9 x 12 cm<\/span><\/p>\n<p>Mat\u00e9riaux : cuir de vachette v\u00e9ritable et tissu int\u00e9rieur en polyester\/rayon m\u00e9lang\u00e9<\/p>\n<p>Un entretien r\u00e9gulier est essentiel pour la long\u00e9vit\u00e9 des accessoires en cuir que vous venez d&#8217;acheter. N&#8217;attendez pas qu&#8217;ils aient d\u00e9j\u00e0 l&#8217;air us\u00e9s !<br \/>La meilleure fa\u00e7on de nettoyer ce cuir est d&#8217;utiliser un chiffon humide et de le traiter avec un lait d&#8217;entretien l\u00e9ger (moins est plus !). Cela permet de soigner et de prot\u00e9ger en m\u00eame temps.<br \/>&#8211; \u00e9viter le contact avec des surfaces humides<br \/>&#8211; ne pas l&#8217;exposer \u00e0 la lumi\u00e8re directe du soleil pendant de longues p\u00e9riodes et \u00e9viter la chaleur intense<br \/>&#8211; ne pas utiliser de nettoyants agressifs\u00a0<\/p>\n<p><span>Imagin\u00e9s en Suisse, les\u00a0accessoires Lost &amp; Found sont fabriqu\u00e9s \u00e0 la main avec une grande attention aux d\u00e9tails par une entreprise familiale\u00a0\u00e0 Bangkok dans le respect des personnes et de l&#8217;environnement.<\/span><\/p>\n","protected":false},"excerpt":{"rendered":"<p>Collection Lost &amp; Found Le grand portefeuille pliant tient bien en main et ne prend pas beaucoup de place dans le sac !Les compartiments en accord\u00e9on avec 6 fentes int\u00e9gr\u00e9es pour cartes de cr\u00e9dit et une poche zipp\u00e9e pour la monnaie assurent clart\u00e9 et facilit\u00e9 d&#8217;utilisation. Les billets trouvent place dans le compartiment secret au [&hellip;]<\/p>\n","protected":false},"featured_media":2768795,"comment_status":"open","ping_status":"closed","template":"","meta":[],"product_brand":[],"product_cat":[1756,1764],"product_tag":[2244,1811],"acf":[],"_links":{"self":[{"href":"https:\/\/streetmarkets.fr\/app\/wp-json\/wp\/v2\/product\/2768794"}],"collection":[{"href":"https:\/\/streetmarkets.fr\/app\/wp-json\/wp\/v2\/product"}],"about":[{"href":"https:\/\/streetmarkets.fr\/app\/wp-json\/wp\/v2\/types\/product"}],"replies":[{"embeddable":true,"href":"https:\/\/streetmarkets.fr\/app\/wp-json\/wp\/v2\/comments?post=2768794"}],"wp:featuredmedia":[{"embeddable":true,"href":"https:\/\/streetmarkets.fr\/app\/wp-json\/wp\/v2\/media\/2768795"}],"wp:attachment":[{"href":"https:\/\/streetmarkets.fr\/app\/wp-json\/wp\/v2\/media?parent=2768794"}],"wp:term":[{"taxonomy":"product_brand","embeddable":true,"href":"https:\/\/streetmarkets.fr\/app\/wp-json\/wp\/v2\/product_brand?post=2768794"},{"taxonomy":"product_cat","embeddable":true,"href":"https:\/\/streetmarkets.fr\/app\/wp-json\/wp\/v2\/product_cat?post=2768794"},{"taxonomy":"product_tag","embeddable":true,"href":"https:\/\/streetmarkets.fr\/app\/wp-json\/wp\/v2\/product_tag?post=2768794"}],"curies":[{"name":"wp","href":"https:\/\/api.w.org\/{rel}","templated":true}]}}