{"id":2768733,"date":"2025-10-04T01:26:13","date_gmt":"2025-10-03T23:26:13","guid":{"rendered":"https:\/\/streetmarkets.fr\/app\/produit\/porte-cartes-enveloppe-en-cuir\/"},"modified":"2026-05-09T01:14:48","modified_gmt":"2026-05-08T23:14:48","slug":"porte-cartes-enveloppe-en-cuir","status":"publish","type":"product","link":"https:\/\/streetmarkets.fr\/app\/produit\/porte-cartes-enveloppe-en-cuir\/","title":{"rendered":"Porte-Cartes Enveloppe en Cuir"},"content":{"rendered":"<p><a href=\"https:\/\/frenchtouche.com\/collections\/lost-found\" title=\"Collection Lost &amp; Found\"><span style=\"text-decoration: underline\"><strong>Collection Lost &amp; Found<\/strong><\/span><\/a><\/p>\n<p>Cet \u00e9tui en forme d&#8217;enveloppe peut accueillir cartes de cr\u00e9dit, billets pli\u00e9s et quelques pi\u00e8ces de monnaie. Le bouton-poussoir et l&#8217;int\u00e9rieur sont enti\u00e8rement recouverts de cuir. L&#8217;anneau permet de l&#8217;attacher \u00e0 un cordon ou \u00e0 un sac. Il convient \u00e9galement aux cartes de visite.<\/p>\n<p>Dimensions :\u00a011,5 x 8 cm<\/p>\n<p>Mat\u00e9riau : cuir de vache v\u00e9ritable<\/p>\n<p>Un entretien r\u00e9gulier est essentiel pour la long\u00e9vit\u00e9 des accessoires en cuir que vous venez d&#8217;acheter. N&#8217;attendez pas qu&#8217;ils aient d\u00e9j\u00e0 l&#8217;air us\u00e9s !<br \/>La meilleure fa\u00e7on de nettoyer ce cuir est d&#8217;utiliser un chiffon humide et de le traiter avec un lait d&#8217;entretien l\u00e9ger (moins est plus !). Cela permet de soigner et de prot\u00e9ger en m\u00eame temps.<br \/>&#8211; \u00e9viter le contact avec des surfaces humides<br \/>&#8211; ne pas l&#8217;exposer \u00e0 la lumi\u00e8re directe du soleil pendant de longues p\u00e9riodes et \u00e9viter la chaleur intense<br \/>&#8211; ne pas utiliser de nettoyants agressifs\u00a0<\/p>\n<p><span>Imagin\u00e9s en Suisse, les\u00a0accessoires Lost &amp; Found sont fabriqu\u00e9s \u00e0 la main avec une grande attention aux d\u00e9tails par une entreprise familiale\u00a0\u00e0 Bangkok dans le respect des personnes et de l&#8217;environnement.<\/span><\/p>\n","protected":false},"excerpt":{"rendered":"<p>Collection Lost &amp; Found Cet \u00e9tui en forme d&#8217;enveloppe peut accueillir cartes de cr\u00e9dit, billets pli\u00e9s et quelques pi\u00e8ces de monnaie. Le bouton-poussoir et l&#8217;int\u00e9rieur sont enti\u00e8rement recouverts de cuir. L&#8217;anneau permet de l&#8217;attacher \u00e0 un cordon ou \u00e0 un sac. Il convient \u00e9galement aux cartes de visite. Dimensions :\u00a011,5 x 8 cm Mat\u00e9riau : [&hellip;]<\/p>\n","protected":false},"featured_media":2768734,"comment_status":"open","ping_status":"closed","template":"","meta":[],"product_brand":[],"product_cat":[1756,1764],"product_tag":[2244,1811],"acf":[],"_links":{"self":[{"href":"https:\/\/streetmarkets.fr\/app\/wp-json\/wp\/v2\/product\/2768733"}],"collection":[{"href":"https:\/\/streetmarkets.fr\/app\/wp-json\/wp\/v2\/product"}],"about":[{"href":"https:\/\/streetmarkets.fr\/app\/wp-json\/wp\/v2\/types\/product"}],"replies":[{"embeddable":true,"href":"https:\/\/streetmarkets.fr\/app\/wp-json\/wp\/v2\/comments?post=2768733"}],"wp:featuredmedia":[{"embeddable":true,"href":"https:\/\/streetmarkets.fr\/app\/wp-json\/wp\/v2\/media\/2768734"}],"wp:attachment":[{"href":"https:\/\/streetmarkets.fr\/app\/wp-json\/wp\/v2\/media?parent=2768733"}],"wp:term":[{"taxonomy":"product_brand","embeddable":true,"href":"https:\/\/streetmarkets.fr\/app\/wp-json\/wp\/v2\/product_brand?post=2768733"},{"taxonomy":"product_cat","embeddable":true,"href":"https:\/\/streetmarkets.fr\/app\/wp-json\/wp\/v2\/product_cat?post=2768733"},{"taxonomy":"product_tag","embeddable":true,"href":"https:\/\/streetmarkets.fr\/app\/wp-json\/wp\/v2\/product_tag?post=2768733"}],"curies":[{"name":"wp","href":"https:\/\/api.w.org\/{rel}","templated":true}]}}