{"id":2768673,"date":"2025-10-04T01:26:09","date_gmt":"2025-10-03T23:26:09","guid":{"rendered":"https:\/\/streetmarkets.fr\/app\/produit\/etole-cachemire-aura-2\/"},"modified":"2026-04-11T01:16:04","modified_gmt":"2026-04-10T23:16:04","slug":"etole-cachemire-aura-2","status":"publish","type":"product","link":"https:\/\/streetmarkets.fr\/app\/produit\/etole-cachemire-aura-2\/","title":{"rendered":"Etole Cachemire AURA"},"content":{"rendered":"<p><strong><a href=\"https:\/\/frenchtouche.com\/collections\/de-novembre\" title=\"Collection De Novembre\">Collection De Novembre<\/a><\/strong><\/p>\n<p><span>AURA, une \u00e9tole cachemire poids plume, tiss\u00e9e main \u00e0 Srinagar. Teinture en d\u00e9grad\u00e9, effet ombr\u00e9.<\/span><\/p>\n<p>Coloris d\u00e9grad\u00e9 de Vert.<\/p>\n<p>100% cachemire.<\/p>\n<p>Dimensions : 100 x 200 cm<\/p>\n<p><span>Confectionn\u00e9 artisanalement en Inde, dans le respect des valeurs \u00e9thiques, sociales et environnementales de la marque.\u00a0Judith Bourdin, la cr\u00e9atrice, collabore depuis plus de 10 ans avec des artisans et coop\u00e9ratives de la r\u00e9gion du Gujarat et du Cachemire riches de nombreux savoir-faire ancestraux.<\/span><\/p>\n<p>Conseils d&#8217;entretien : lavage \u00e0 la main et s\u00e9chage \u00e0 plat.<\/p>\n<ul><\/ul>\n","protected":false},"excerpt":{"rendered":"<p>Collection De Novembre AURA, une \u00e9tole cachemire poids plume, tiss\u00e9e main \u00e0 Srinagar. Teinture en d\u00e9grad\u00e9, effet ombr\u00e9. Coloris d\u00e9grad\u00e9 de Vert. 100% cachemire. Dimensions : 100 x 200 cm Confectionn\u00e9 artisanalement en Inde, dans le respect des valeurs \u00e9thiques, sociales et environnementales de la marque.\u00a0Judith Bourdin, la cr\u00e9atrice, collabore depuis plus de 10 ans [&hellip;]<\/p>\n","protected":false},"featured_media":2768674,"comment_status":"open","ping_status":"closed","template":"","meta":[],"product_brand":[],"product_cat":[1756,1764],"product_tag":[2244,1813],"acf":[],"_links":{"self":[{"href":"https:\/\/streetmarkets.fr\/app\/wp-json\/wp\/v2\/product\/2768673"}],"collection":[{"href":"https:\/\/streetmarkets.fr\/app\/wp-json\/wp\/v2\/product"}],"about":[{"href":"https:\/\/streetmarkets.fr\/app\/wp-json\/wp\/v2\/types\/product"}],"replies":[{"embeddable":true,"href":"https:\/\/streetmarkets.fr\/app\/wp-json\/wp\/v2\/comments?post=2768673"}],"wp:featuredmedia":[{"embeddable":true,"href":"https:\/\/streetmarkets.fr\/app\/wp-json\/wp\/v2\/media\/2768674"}],"wp:attachment":[{"href":"https:\/\/streetmarkets.fr\/app\/wp-json\/wp\/v2\/media?parent=2768673"}],"wp:term":[{"taxonomy":"product_brand","embeddable":true,"href":"https:\/\/streetmarkets.fr\/app\/wp-json\/wp\/v2\/product_brand?post=2768673"},{"taxonomy":"product_cat","embeddable":true,"href":"https:\/\/streetmarkets.fr\/app\/wp-json\/wp\/v2\/product_cat?post=2768673"},{"taxonomy":"product_tag","embeddable":true,"href":"https:\/\/streetmarkets.fr\/app\/wp-json\/wp\/v2\/product_tag?post=2768673"}],"curies":[{"name":"wp","href":"https:\/\/api.w.org\/{rel}","templated":true}]}}