{"id":2768547,"date":"2025-10-04T01:24:57","date_gmt":"2025-10-03T23:24:57","guid":{"rendered":"https:\/\/streetmarkets.fr\/app\/produit\/bague-quadruple-vermeil\/"},"modified":"2026-05-09T01:14:47","modified_gmt":"2026-05-08T23:14:47","slug":"bague-quadruple-vermeil","status":"publish","type":"product","link":"https:\/\/streetmarkets.fr\/app\/produit\/bague-quadruple-vermeil\/","title":{"rendered":"Bague Quadruple Vermeil"},"content":{"rendered":"<p><a title=\"Collection Tassia Canellis\" href=\"https:\/\/frenchtouche.com\/collections\/tassia-canellis\"><b>Collection Tassia Canellis<\/b><\/a><\/p>\n<p><span>Bague quadruple effet martel\u00e9 en vermeil &#8211; argent massif plaqu\u00e9 or (5 microns).<br \/>Plusieurs tailles.<\/span><\/p>\n<div title=\"Page 48\" class=\"page\">\n<div class=\"section\">\n<div class=\"layoutArea\">\n<div class=\"column\">\n<ul>\n<li>\n<span>Afin de pre\u0301server au mieux vos bijoux en vermeil et de prolonger au maximum leur dure\u0301e de vie, il faut e\u0301viter de les porter dans les cas suivants : sous la douche, a\u0300 la piscine ou <\/span><span>a\u0300 la mer, en faisant du sport ou quand vous dormez (la transpiration accentue l\u2019oxydation des me\u0301taux).<\/span>\n<\/li>\n<li><span>Les bijoux ne supportent pas le contact avec les produits d\u2019entretien &amp; chimiques, les parfums &amp; lotions corporelles (attendez que votre peau soit bien se\u0300che avant de mettre vos bijoux). <\/span><\/li>\n<li><span>Enfin, rangez soigneusement vos bijoux quand vous ne les portez pas. <\/span><\/li>\n<\/ul>\n<\/div>\n<\/div>\n<\/div>\n<\/div>\n<p>:: Fabriqu\u00e9e \u00e0 la main dans l&#8217;atelier de la cr\u00e9atrice \u00e0 Paris ::<\/p>\n","protected":false},"excerpt":{"rendered":"<p>Collection Tassia Canellis Bague quadruple effet martel\u00e9 en vermeil &#8211; argent massif plaqu\u00e9 or (5 microns).Plusieurs tailles. Afin de pre\u0301server au mieux vos bijoux en vermeil et de prolonger au maximum leur dure\u0301e de vie, il faut e\u0301viter de les porter dans les cas suivants : sous la douche, a\u0300 la piscine ou a\u0300 la [&hellip;]<\/p>\n","protected":false},"featured_media":2768548,"comment_status":"open","ping_status":"closed","template":"","meta":[],"product_brand":[],"product_cat":[1807,1756],"product_tag":[2244,1813],"acf":[],"_links":{"self":[{"href":"https:\/\/streetmarkets.fr\/app\/wp-json\/wp\/v2\/product\/2768547"}],"collection":[{"href":"https:\/\/streetmarkets.fr\/app\/wp-json\/wp\/v2\/product"}],"about":[{"href":"https:\/\/streetmarkets.fr\/app\/wp-json\/wp\/v2\/types\/product"}],"replies":[{"embeddable":true,"href":"https:\/\/streetmarkets.fr\/app\/wp-json\/wp\/v2\/comments?post=2768547"}],"wp:featuredmedia":[{"embeddable":true,"href":"https:\/\/streetmarkets.fr\/app\/wp-json\/wp\/v2\/media\/2768548"}],"wp:attachment":[{"href":"https:\/\/streetmarkets.fr\/app\/wp-json\/wp\/v2\/media?parent=2768547"}],"wp:term":[{"taxonomy":"product_brand","embeddable":true,"href":"https:\/\/streetmarkets.fr\/app\/wp-json\/wp\/v2\/product_brand?post=2768547"},{"taxonomy":"product_cat","embeddable":true,"href":"https:\/\/streetmarkets.fr\/app\/wp-json\/wp\/v2\/product_cat?post=2768547"},{"taxonomy":"product_tag","embeddable":true,"href":"https:\/\/streetmarkets.fr\/app\/wp-json\/wp\/v2\/product_tag?post=2768547"}],"curies":[{"name":"wp","href":"https:\/\/api.w.org\/{rel}","templated":true}]}}