{"id":2768529,"date":"2025-10-04T01:24:55","date_gmt":"2025-10-03T23:24:55","guid":{"rendered":"https:\/\/streetmarkets.fr\/app\/produit\/bob-nino-echo-bleu\/"},"modified":"2026-05-06T01:15:13","modified_gmt":"2026-05-05T23:15:13","slug":"bob-nino-echo-bleu","status":"publish","type":"product","link":"https:\/\/streetmarkets.fr\/app\/produit\/bob-nino-echo-bleu\/","title":{"rendered":"Bob Nino Echo Bleu"},"content":{"rendered":"<p><!--\n@page { margin: 2cm }\n\t\tP { margin-bottom: 0.21cm }\n--><\/p>\n<p><a title=\"Collection MAPOESIE\" href=\"https:\/\/frenchtouche.com\/collections\/mapoesie\"><strong>Collection MAPOESIE<\/strong><\/a><\/p>\n<ul><\/ul>\n<ul>\n<li>\n <span>100% coton seersucker l\u00e9ger et respirant<\/span>\n<\/li>\n<li><span>Doublure en coton uni<\/span><\/li>\n<li><span>Broderie de l&#8217;initial de la marque<\/span><\/li>\n<li><span>Mod\u00e8le unisexe<\/span><\/li>\n<li><span>Taille unique &#8211; Tour de t\u00eate 57 cm<\/span><\/li>\n<\/ul>\n<p data-mce-fragment=\"1\"><span data-mce-fragment=\"1\">Dessin\u00e9 en France<br data-mce-fragment=\"1\">Fabriqu\u00e9 en Italie<\/span><\/p>\n","protected":false},"excerpt":{"rendered":"<p>Collection MAPOESIE 100% coton seersucker l\u00e9ger et respirant Doublure en coton uni Broderie de l&#8217;initial de la marque Mod\u00e8le unisexe Taille unique &#8211; Tour de t\u00eate 57 cm Dessin\u00e9 en FranceFabriqu\u00e9 en Italie<\/p>\n","protected":false},"featured_media":2768530,"comment_status":"open","ping_status":"closed","template":"","meta":[],"product_brand":[],"product_cat":[1756,1764],"product_tag":[2244,1811],"acf":[],"_links":{"self":[{"href":"https:\/\/streetmarkets.fr\/app\/wp-json\/wp\/v2\/product\/2768529"}],"collection":[{"href":"https:\/\/streetmarkets.fr\/app\/wp-json\/wp\/v2\/product"}],"about":[{"href":"https:\/\/streetmarkets.fr\/app\/wp-json\/wp\/v2\/types\/product"}],"replies":[{"embeddable":true,"href":"https:\/\/streetmarkets.fr\/app\/wp-json\/wp\/v2\/comments?post=2768529"}],"wp:featuredmedia":[{"embeddable":true,"href":"https:\/\/streetmarkets.fr\/app\/wp-json\/wp\/v2\/media\/2768530"}],"wp:attachment":[{"href":"https:\/\/streetmarkets.fr\/app\/wp-json\/wp\/v2\/media?parent=2768529"}],"wp:term":[{"taxonomy":"product_brand","embeddable":true,"href":"https:\/\/streetmarkets.fr\/app\/wp-json\/wp\/v2\/product_brand?post=2768529"},{"taxonomy":"product_cat","embeddable":true,"href":"https:\/\/streetmarkets.fr\/app\/wp-json\/wp\/v2\/product_cat?post=2768529"},{"taxonomy":"product_tag","embeddable":true,"href":"https:\/\/streetmarkets.fr\/app\/wp-json\/wp\/v2\/product_tag?post=2768529"}],"curies":[{"name":"wp","href":"https:\/\/api.w.org\/{rel}","templated":true}]}}