{"id":2768491,"date":"2025-10-04T01:24:49","date_gmt":"2025-10-03T23:24:49","guid":{"rendered":"https:\/\/streetmarkets.fr\/app\/produit\/collier-jaipur\/"},"modified":"2026-05-09T01:14:46","modified_gmt":"2026-05-08T23:14:46","slug":"collier-jaipur","status":"publish","type":"product","link":"https:\/\/streetmarkets.fr\/app\/produit\/collier-jaipur\/","title":{"rendered":"Collier Jaipur"},"content":{"rendered":"<p><a href=\"https:\/\/frenchtouche.com\/collections\/tassia-canellis\" title=\"Collection Tassia Canellis\"><b>Collection Tassia Canellis<\/b><\/a><\/p>\n<p><span>Collier court en argent 925 dor\u00e9 et cornaline ou lapis lazuli (photos non contractuelles).<br \/>Longueur 42 cm &#8211; Hauteur du pendentif 10 mm.<\/span><\/p>\n<div class=\"page\" title=\"Page 48\">\n<div class=\"section\">\n<div class=\"layoutArea\">\n<div class=\"column\">\n<ul>\n<li>\n<span>Afin de pre\u0301server au mieux vos bijoux en argent dor\u00e9 et de prolonger au maximum leur dure\u0301e de vie, il faut e\u0301viter de les porter dans les cas suivants : sous la douche, a\u0300 la piscine ou <\/span><span>a\u0300 la mer, en faisant du sport ou quand vous dormez (la transpiration accentue l\u2019oxydation des me\u0301taux).<\/span>\n<\/li>\n<li><span>Les bijoux ne supportent pas le contact avec les produits d\u2019entretien &amp; chimiques, les parfums &amp; lotions corporelles (attendez que votre peau soit bien se\u0300che avant de mettre vos bijoux). <\/span><\/li>\n<li><span>Enfin, rangez soigneusement vos bijoux quand vous ne les portez pas. <\/span><\/li>\n<\/ul>\n<\/div>\n<\/div>\n<\/div>\n<\/div>\n<p>:: Fabriqu\u00e9 \u00e0 la main dans l&#8217;atelier de la cr\u00e9atrice \u00e0 Paris ::<\/p>\n","protected":false},"excerpt":{"rendered":"<p>Collection Tassia Canellis Collier court en argent 925 dor\u00e9 et cornaline ou lapis lazuli (photos non contractuelles).Longueur 42 cm &#8211; Hauteur du pendentif 10 mm. Afin de pre\u0301server au mieux vos bijoux en argent dor\u00e9 et de prolonger au maximum leur dure\u0301e de vie, il faut e\u0301viter de les porter dans les cas suivants : [&hellip;]<\/p>\n","protected":false},"featured_media":2768492,"comment_status":"open","ping_status":"closed","template":"","meta":[],"product_brand":[],"product_cat":[1807,1756],"product_tag":[2244,1813],"acf":[],"_links":{"self":[{"href":"https:\/\/streetmarkets.fr\/app\/wp-json\/wp\/v2\/product\/2768491"}],"collection":[{"href":"https:\/\/streetmarkets.fr\/app\/wp-json\/wp\/v2\/product"}],"about":[{"href":"https:\/\/streetmarkets.fr\/app\/wp-json\/wp\/v2\/types\/product"}],"replies":[{"embeddable":true,"href":"https:\/\/streetmarkets.fr\/app\/wp-json\/wp\/v2\/comments?post=2768491"}],"wp:featuredmedia":[{"embeddable":true,"href":"https:\/\/streetmarkets.fr\/app\/wp-json\/wp\/v2\/media\/2768492"}],"wp:attachment":[{"href":"https:\/\/streetmarkets.fr\/app\/wp-json\/wp\/v2\/media?parent=2768491"}],"wp:term":[{"taxonomy":"product_brand","embeddable":true,"href":"https:\/\/streetmarkets.fr\/app\/wp-json\/wp\/v2\/product_brand?post=2768491"},{"taxonomy":"product_cat","embeddable":true,"href":"https:\/\/streetmarkets.fr\/app\/wp-json\/wp\/v2\/product_cat?post=2768491"},{"taxonomy":"product_tag","embeddable":true,"href":"https:\/\/streetmarkets.fr\/app\/wp-json\/wp\/v2\/product_tag?post=2768491"}],"curies":[{"name":"wp","href":"https:\/\/api.w.org\/{rel}","templated":true}]}}