{"id":2768466,"date":"2025-10-04T01:24:47","date_gmt":"2025-10-03T23:24:47","guid":{"rendered":"https:\/\/streetmarkets.fr\/app\/produit\/bo-puces-arya\/"},"modified":"2026-05-06T01:15:12","modified_gmt":"2026-05-05T23:15:12","slug":"bo-puces-arya","status":"publish","type":"product","link":"https:\/\/streetmarkets.fr\/app\/produit\/bo-puces-arya\/","title":{"rendered":"BO Puces Arya"},"content":{"rendered":"<p><a href=\"https:\/\/frenchtouche.com\/collections\/tassia-canellis\" title=\"Collection Tassia Canellis\"><b>Collection Tassia Canellis<\/b><\/a><\/p>\n<p><span>Paire de boucles d&#8217;oreilles puces en laiton dor\u00e9 \u00e0 l&#8217;or fin et strass Swarovski cristal.<br \/><\/span><\/p>\n<div class=\"page\" title=\"Page 48\">\n<div class=\"section\">\n<div class=\"layoutArea\">\n<div class=\"column\">\n<ul>\n<li>\n<span>Afin de pre\u0301server au mieux vos bijoux en laiton dor\u00e9 \u00e0 l&#8217;or fin et de prolonger au maximum leur dure\u0301e de vie, il faut e\u0301viter de les porter dans les cas suivants : sous la douche, a\u0300 la piscine ou <\/span><span>a\u0300 la mer, en faisant du sport ou quand vous dormez (la transpiration accentue l\u2019oxydation des me\u0301taux).<\/span>\n<\/li>\n<li><span>Les bijoux ne supportent pas le contact avec les produits d\u2019entretien &amp; chimiques, les parfums &amp; lotions corporelles (attendez que votre peau soit bien se\u0300che avant de mettre vos bijoux). <\/span><\/li>\n<li><span>Enfin, rangez soigneusement vos bijoux quand vous ne les portez pas. <\/span><\/li>\n<\/ul>\n<\/div>\n<\/div>\n<\/div>\n<\/div>\n<p>:: Fabriqu\u00e9es \u00e0 la main dans l&#8217;atelier de la cr\u00e9atrice \u00e0 Paris ::<\/p>\n","protected":false},"excerpt":{"rendered":"<p>Collection Tassia Canellis Paire de boucles d&#8217;oreilles puces en laiton dor\u00e9 \u00e0 l&#8217;or fin et strass Swarovski cristal. Afin de pre\u0301server au mieux vos bijoux en laiton dor\u00e9 \u00e0 l&#8217;or fin et de prolonger au maximum leur dure\u0301e de vie, il faut e\u0301viter de les porter dans les cas suivants : sous la douche, a\u0300 [&hellip;]<\/p>\n","protected":false},"featured_media":2768467,"comment_status":"open","ping_status":"closed","template":"","meta":[],"product_brand":[],"product_cat":[1807,1756],"product_tag":[2244,1813],"acf":[],"_links":{"self":[{"href":"https:\/\/streetmarkets.fr\/app\/wp-json\/wp\/v2\/product\/2768466"}],"collection":[{"href":"https:\/\/streetmarkets.fr\/app\/wp-json\/wp\/v2\/product"}],"about":[{"href":"https:\/\/streetmarkets.fr\/app\/wp-json\/wp\/v2\/types\/product"}],"replies":[{"embeddable":true,"href":"https:\/\/streetmarkets.fr\/app\/wp-json\/wp\/v2\/comments?post=2768466"}],"wp:featuredmedia":[{"embeddable":true,"href":"https:\/\/streetmarkets.fr\/app\/wp-json\/wp\/v2\/media\/2768467"}],"wp:attachment":[{"href":"https:\/\/streetmarkets.fr\/app\/wp-json\/wp\/v2\/media?parent=2768466"}],"wp:term":[{"taxonomy":"product_brand","embeddable":true,"href":"https:\/\/streetmarkets.fr\/app\/wp-json\/wp\/v2\/product_brand?post=2768466"},{"taxonomy":"product_cat","embeddable":true,"href":"https:\/\/streetmarkets.fr\/app\/wp-json\/wp\/v2\/product_cat?post=2768466"},{"taxonomy":"product_tag","embeddable":true,"href":"https:\/\/streetmarkets.fr\/app\/wp-json\/wp\/v2\/product_tag?post=2768466"}],"curies":[{"name":"wp","href":"https:\/\/api.w.org\/{rel}","templated":true}]}}