{"id":2768383,"date":"2025-10-04T01:23:41","date_gmt":"2025-10-03T23:23:41","guid":{"rendered":"https:\/\/streetmarkets.fr\/app\/produit\/sac-cabas-come-halo-bleu\/"},"modified":"2026-05-02T01:16:23","modified_gmt":"2026-05-01T23:16:23","slug":"sac-cabas-come-halo-bleu","status":"publish","type":"product","link":"https:\/\/streetmarkets.fr\/app\/produit\/sac-cabas-come-halo-bleu\/","title":{"rendered":"Sac Cabas Come Halo Bleu"},"content":{"rendered":"<p><a title=\"Collection MAPOESIE\" href=\"https:\/\/frenchtouche.com\/collections\/mapoesie\"><strong>Collection MAPOESIE<\/strong><\/a><\/p>\n<ul>\n<li data-mce-fragment=\"1\"><span data-mce-fragment=\"1\"><span>Grand sac cabas en toile de coton imprim\u00e9e<\/span><\/span><\/li>\n<li data-mce-fragment=\"1\"><span data-mce-fragment=\"1\"><span>Environ 68 x 38 x 19 cm<\/span><\/span><\/li>\n<li data-mce-fragment=\"1\"><span data-mce-fragment=\"1\"><span>Impression au cadre<\/span><\/span><\/li>\n<li data-mce-fragment=\"1\"><span data-mce-fragment=\"1\"><span>Fermeture par aimant<\/span><\/span><\/li>\n<li data-mce-fragment=\"1\"><span data-mce-fragment=\"1\"><span>Pochette int\u00e9rieure<\/span><\/span><\/li>\n<li data-mce-fragment=\"1\"><span data-mce-fragment=\"1\"><span>Anses en coton<\/span><\/span><\/li>\n<li data-mce-fragment=\"1\"><span data-mce-fragment=\"1\"><span>Doublure en coton<\/span><\/span><\/li>\n<li data-mce-fragment=\"1\"><span data-mce-fragment=\"1\"><span>100% coton<\/span><\/span><\/li>\n<\/ul>\n<p data-mce-fragment=\"1\"><span data-mce-fragment=\"1\">Dessin\u00e9 in France<br data-mce-fragment=\"1\">Fabriqu\u00e9 artisanalement en Inde<\/span><\/p>\n","protected":false},"excerpt":{"rendered":"<p>Collection MAPOESIE Grand sac cabas en toile de coton imprim\u00e9e Environ 68 x 38 x 19 cm Impression au cadre Fermeture par aimant Pochette int\u00e9rieure Anses en coton Doublure en coton 100% coton Dessin\u00e9 in FranceFabriqu\u00e9 artisanalement en Inde<\/p>\n","protected":false},"featured_media":2768384,"comment_status":"open","ping_status":"closed","template":"","meta":[],"product_brand":[],"product_cat":[1756,1764],"product_tag":[2244,1811],"acf":[],"_links":{"self":[{"href":"https:\/\/streetmarkets.fr\/app\/wp-json\/wp\/v2\/product\/2768383"}],"collection":[{"href":"https:\/\/streetmarkets.fr\/app\/wp-json\/wp\/v2\/product"}],"about":[{"href":"https:\/\/streetmarkets.fr\/app\/wp-json\/wp\/v2\/types\/product"}],"replies":[{"embeddable":true,"href":"https:\/\/streetmarkets.fr\/app\/wp-json\/wp\/v2\/comments?post=2768383"}],"wp:featuredmedia":[{"embeddable":true,"href":"https:\/\/streetmarkets.fr\/app\/wp-json\/wp\/v2\/media\/2768384"}],"wp:attachment":[{"href":"https:\/\/streetmarkets.fr\/app\/wp-json\/wp\/v2\/media?parent=2768383"}],"wp:term":[{"taxonomy":"product_brand","embeddable":true,"href":"https:\/\/streetmarkets.fr\/app\/wp-json\/wp\/v2\/product_brand?post=2768383"},{"taxonomy":"product_cat","embeddable":true,"href":"https:\/\/streetmarkets.fr\/app\/wp-json\/wp\/v2\/product_cat?post=2768383"},{"taxonomy":"product_tag","embeddable":true,"href":"https:\/\/streetmarkets.fr\/app\/wp-json\/wp\/v2\/product_tag?post=2768383"}],"curies":[{"name":"wp","href":"https:\/\/api.w.org\/{rel}","templated":true}]}}