{"id":2768379,"date":"2025-10-04T01:23:40","date_gmt":"2025-10-03T23:23:40","guid":{"rendered":"https:\/\/streetmarkets.fr\/app\/produit\/sac-cabas-barth-sol-blush\/"},"modified":"2026-05-06T01:15:12","modified_gmt":"2026-05-05T23:15:12","slug":"sac-cabas-barth-sol-blush","status":"publish","type":"product","link":"https:\/\/streetmarkets.fr\/app\/produit\/sac-cabas-barth-sol-blush\/","title":{"rendered":"Sac Cabas Barth Sol Blush"},"content":{"rendered":"<p><a title=\"Collection MAPOESIE\" href=\"https:\/\/frenchtouche.com\/collections\/mapoesie\"><strong>Collection MAPOESIE<\/strong><\/a><\/p>\n<ul>\n<li data-mce-fragment=\"1\"><span data-mce-fragment=\"1\"><span>Grand sac cabas en jute et coton imprim\u00e9<\/span><\/span><\/li>\n<li data-mce-fragment=\"1\"><span data-mce-fragment=\"1\"><span>Environ 60 x 40 x 20 cm<\/span><\/span><\/li>\n<li data-mce-fragment=\"1\"><span data-mce-fragment=\"1\"><span>Impression au cadre<\/span><\/span><\/li>\n<li data-mce-fragment=\"1\"><span data-mce-fragment=\"1\"><span>Fermeture par aimant<\/span><\/span><\/li>\n<li data-mce-fragment=\"1\"><span data-mce-fragment=\"1\"><span>Pochette int\u00e9rieure<\/span><\/span><\/li>\n<li data-mce-fragment=\"1\"><span data-mce-fragment=\"1\"><span>Anses en coton<\/span><\/span><\/li>\n<li data-mce-fragment=\"1\"><span data-mce-fragment=\"1\"><span>Fond amovible<\/span><\/span><\/li>\n<li data-mce-fragment=\"1\"><span data-mce-fragment=\"1\"><span>60% jute &#8211; 40% coton<\/span><\/span><\/li>\n<\/ul>\n<p data-mce-fragment=\"1\"><span data-mce-fragment=\"1\">Dessin\u00e9 in France<br data-mce-fragment=\"1\">Fabriqu\u00e9 artisanalement en Inde<\/span><\/p>\n","protected":false},"excerpt":{"rendered":"<p>Collection MAPOESIE Grand sac cabas en jute et coton imprim\u00e9 Environ 60 x 40 x 20 cm Impression au cadre Fermeture par aimant Pochette int\u00e9rieure Anses en coton Fond amovible 60% jute &#8211; 40% coton Dessin\u00e9 in FranceFabriqu\u00e9 artisanalement en Inde<\/p>\n","protected":false},"featured_media":2768380,"comment_status":"open","ping_status":"closed","template":"","meta":[],"product_brand":[],"product_cat":[1756,1764],"product_tag":[2244,1811],"acf":[],"_links":{"self":[{"href":"https:\/\/streetmarkets.fr\/app\/wp-json\/wp\/v2\/product\/2768379"}],"collection":[{"href":"https:\/\/streetmarkets.fr\/app\/wp-json\/wp\/v2\/product"}],"about":[{"href":"https:\/\/streetmarkets.fr\/app\/wp-json\/wp\/v2\/types\/product"}],"replies":[{"embeddable":true,"href":"https:\/\/streetmarkets.fr\/app\/wp-json\/wp\/v2\/comments?post=2768379"}],"wp:featuredmedia":[{"embeddable":true,"href":"https:\/\/streetmarkets.fr\/app\/wp-json\/wp\/v2\/media\/2768380"}],"wp:attachment":[{"href":"https:\/\/streetmarkets.fr\/app\/wp-json\/wp\/v2\/media?parent=2768379"}],"wp:term":[{"taxonomy":"product_brand","embeddable":true,"href":"https:\/\/streetmarkets.fr\/app\/wp-json\/wp\/v2\/product_brand?post=2768379"},{"taxonomy":"product_cat","embeddable":true,"href":"https:\/\/streetmarkets.fr\/app\/wp-json\/wp\/v2\/product_cat?post=2768379"},{"taxonomy":"product_tag","embeddable":true,"href":"https:\/\/streetmarkets.fr\/app\/wp-json\/wp\/v2\/product_tag?post=2768379"}],"curies":[{"name":"wp","href":"https:\/\/api.w.org\/{rel}","templated":true}]}}