{"id":2768371,"date":"2025-10-04T01:23:40","date_gmt":"2025-10-03T23:23:40","guid":{"rendered":"https:\/\/streetmarkets.fr\/app\/produit\/etui-a-lunettes-sunny-nazare-kaki\/"},"modified":"2026-05-06T01:15:11","modified_gmt":"2026-05-05T23:15:11","slug":"etui-a-lunettes-sunny-nazare-kaki","status":"publish","type":"product","link":"https:\/\/streetmarkets.fr\/app\/produit\/etui-a-lunettes-sunny-nazare-kaki\/","title":{"rendered":"Etui \u00e0 Lunettes Sunny Nazare Kaki"},"content":{"rendered":"<p><a title=\"Collection MAPOESIE\" href=\"https:\/\/frenchtouche.com\/collections\/mapoesie\"><strong>Collection MAPOESIE<\/strong><\/a><\/p>\n<ul>\n<li>\n  <span>T<\/span><span>oile de coton imprim\u00e9e<\/span>\n<\/li>\n<li>\n<span>Environ 18 x 9 cm<\/span>\n<\/li>\n<li><span>Int\u00e9rieur doubl\u00e9 en coton<\/span><\/li>\n<li><span>Impression au cadre<\/span><\/li>\n<li data-mce-fragment=\"1\">Finitions en cuir<\/li>\n<\/ul>\n<p data-mce-fragment=\"1\"><span data-mce-fragment=\"1\">Dessin\u00e9 en France<br data-mce-fragment=\"1\">Fabriqu\u00e9 artisanalement en Inde<\/span><\/p>\n","protected":false},"excerpt":{"rendered":"<p>Collection MAPOESIE Toile de coton imprim\u00e9e Environ 18 x 9 cm Int\u00e9rieur doubl\u00e9 en coton Impression au cadre Finitions en cuir Dessin\u00e9 en FranceFabriqu\u00e9 artisanalement en Inde<\/p>\n","protected":false},"featured_media":2768372,"comment_status":"open","ping_status":"closed","template":"","meta":[],"product_brand":[],"product_cat":[1756,1764],"product_tag":[2244,1811],"acf":[],"_links":{"self":[{"href":"https:\/\/streetmarkets.fr\/app\/wp-json\/wp\/v2\/product\/2768371"}],"collection":[{"href":"https:\/\/streetmarkets.fr\/app\/wp-json\/wp\/v2\/product"}],"about":[{"href":"https:\/\/streetmarkets.fr\/app\/wp-json\/wp\/v2\/types\/product"}],"replies":[{"embeddable":true,"href":"https:\/\/streetmarkets.fr\/app\/wp-json\/wp\/v2\/comments?post=2768371"}],"wp:featuredmedia":[{"embeddable":true,"href":"https:\/\/streetmarkets.fr\/app\/wp-json\/wp\/v2\/media\/2768372"}],"wp:attachment":[{"href":"https:\/\/streetmarkets.fr\/app\/wp-json\/wp\/v2\/media?parent=2768371"}],"wp:term":[{"taxonomy":"product_brand","embeddable":true,"href":"https:\/\/streetmarkets.fr\/app\/wp-json\/wp\/v2\/product_brand?post=2768371"},{"taxonomy":"product_cat","embeddable":true,"href":"https:\/\/streetmarkets.fr\/app\/wp-json\/wp\/v2\/product_cat?post=2768371"},{"taxonomy":"product_tag","embeddable":true,"href":"https:\/\/streetmarkets.fr\/app\/wp-json\/wp\/v2\/product_tag?post=2768371"}],"curies":[{"name":"wp","href":"https:\/\/api.w.org\/{rel}","templated":true}]}}