{"id":2768355,"date":"2025-10-04T01:23:38","date_gmt":"2025-10-03T23:23:38","guid":{"rendered":"https:\/\/streetmarkets.fr\/app\/produit\/duo-ecussons-soleil-re\/"},"modified":"2026-04-22T01:15:10","modified_gmt":"2026-04-21T23:15:10","slug":"duo-ecussons-soleil-re","status":"publish","type":"product","link":"https:\/\/streetmarkets.fr\/app\/produit\/duo-ecussons-soleil-re\/","title":{"rendered":"Duo Ecussons Soleil R\u00ea"},"content":{"rendered":"<p><strong><a href=\"\/collections\/macon-lesquoy\" title=\"Collection Macon &amp; Lesquoy\">Collection Macon &amp; Lesquoy<\/a><\/strong><\/p>\n<p><span>Taille : environ 3 x 3 cm chaque<\/span><\/p>\n<p><span>Dessin\u00e9s et fabriqu\u00e9s comme des bijoux, les \u00e9cussons M&amp;L sont dr\u00f4les et pratiques. El\u00e9gantes parades aux petits accrocs et autres t\u00e2ches, ils charmeront aussi les nostalgiques des d\u00e9calcomanies et les amoureux du petit d\u00e9tail.<\/span><\/p>\n<p><span>Brod\u00e9s \u00e0 la machine au Portugal, dans un atelier auquel M&amp;L confient cette belle mission depuis plus de 10 ans.<\/span><\/p>\n<p><span>Pr\u00e9sent\u00e9s sur une carte-mode d&#8217;emploi. Pour les thermocoller, c&#8217;est un jeu d&#8217;enfant !<br \/>On pr\u00e9f\u00e9rera les coudre sur des textiles fragiles.<\/span><\/p>\n","protected":false},"excerpt":{"rendered":"<p>Collection Macon &amp; Lesquoy Taille : environ 3 x 3 cm chaque Dessin\u00e9s et fabriqu\u00e9s comme des bijoux, les \u00e9cussons M&amp;L sont dr\u00f4les et pratiques. El\u00e9gantes parades aux petits accrocs et autres t\u00e2ches, ils charmeront aussi les nostalgiques des d\u00e9calcomanies et les amoureux du petit d\u00e9tail. Brod\u00e9s \u00e0 la machine au Portugal, dans un atelier [&hellip;]<\/p>\n","protected":false},"featured_media":2768356,"comment_status":"open","ping_status":"closed","template":"","meta":[],"product_brand":[],"product_cat":[1756,1764],"product_tag":[2244,1811],"acf":[],"_links":{"self":[{"href":"https:\/\/streetmarkets.fr\/app\/wp-json\/wp\/v2\/product\/2768355"}],"collection":[{"href":"https:\/\/streetmarkets.fr\/app\/wp-json\/wp\/v2\/product"}],"about":[{"href":"https:\/\/streetmarkets.fr\/app\/wp-json\/wp\/v2\/types\/product"}],"replies":[{"embeddable":true,"href":"https:\/\/streetmarkets.fr\/app\/wp-json\/wp\/v2\/comments?post=2768355"}],"wp:featuredmedia":[{"embeddable":true,"href":"https:\/\/streetmarkets.fr\/app\/wp-json\/wp\/v2\/media\/2768356"}],"wp:attachment":[{"href":"https:\/\/streetmarkets.fr\/app\/wp-json\/wp\/v2\/media?parent=2768355"}],"wp:term":[{"taxonomy":"product_brand","embeddable":true,"href":"https:\/\/streetmarkets.fr\/app\/wp-json\/wp\/v2\/product_brand?post=2768355"},{"taxonomy":"product_cat","embeddable":true,"href":"https:\/\/streetmarkets.fr\/app\/wp-json\/wp\/v2\/product_cat?post=2768355"},{"taxonomy":"product_tag","embeddable":true,"href":"https:\/\/streetmarkets.fr\/app\/wp-json\/wp\/v2\/product_tag?post=2768355"}],"curies":[{"name":"wp","href":"https:\/\/api.w.org\/{rel}","templated":true}]}}