{"id":2768298,"date":"2025-10-04T01:23:33","date_gmt":"2025-10-03T23:23:33","guid":{"rendered":"https:\/\/streetmarkets.fr\/app\/produit\/veste-barbes-bois-de-rose\/"},"modified":"2026-05-06T01:15:11","modified_gmt":"2026-05-05T23:15:11","slug":"veste-barbes-bois-de-rose","status":"publish","type":"product","link":"https:\/\/streetmarkets.fr\/app\/produit\/veste-barbes-bois-de-rose\/","title":{"rendered":"Veste Barb\u00e8s &#8211; Bois de Rose"},"content":{"rendered":"<p><span><a href=\"\/collections\/rive-droite-paris\" title=\"Collection Rive Droite Paris\"><strong>Collection Rive Droite Paris<\/strong><\/a><\/span><\/p>\n<p dir=\"ltr\">La veste Barb\u00e8s unisexe a toute sa place dans<span>\u00a0<\/span><span data-token-index=\"1\" class=\"notion-enable-hover\">notre<span>\u00a0<\/span><\/span>vestiaire durable. Inspir\u00e9e du d\u00e9sormais culte Bleu de travail avec sa coupe<span>\u00a0<\/span><span data-token-index=\"3\" class=\"notion-enable-hover\">droite impeccable<span>\u00a0<\/span><\/span>et ses<span>\u00a0<\/span><span data-token-index=\"5\" class=\"notion-enable-hover\">2<\/span><span>\u00a0<\/span>poches plaqu\u00e9es, elle s\u2019adapte \u00e0 toutes les carrures. Son ouverture et ses poignets sont habill\u00e9s de boutons en Corozo, un mat\u00e9riau naturel fabriqu\u00e9 \u00e0 partir de graines de palmier.\u00a0<\/p>\n<p dir=\"ltr\">Elle se porte facilement sur un t-shirt ou un sweat \u00e0 capuche, mais aussi en sur-chemise sous un grand manteau ou sur un simple top \u00e0 anches longues. Dans tous les cas, vous la porterez toute l\u2019ann\u00e9e !<\/p>\n<p dir=\"ltr\">Paloma mesure 1m75 et porte la taille 3, Valentin mesure 1m80 et porte la taille 3.<\/p>\n<ul>\n<li style=\"list-style-type: none\">\n<ul>\n<li>\n<strong>Composition<\/strong><span>\u00a0<\/span>:  <span>Polycoton Rivedroite d\u00e9velopp\u00e9 avec Tissage de Charlieu (France) &#8211; 84% coton recycl\u00e9, 16% polyester recycl\u00e9.<\/span>\n<\/li>\n<li>\n<span><strong>Emballage :\u00a0<\/strong><\/span>Ce produit est emball\u00e9 avec soin dans un pochon en coton r\u00e9utilisable avec un lien coulissant.<strong><\/strong>\n<\/li>\n<li>\n<p><strong>Conseils d&#8217;entretien<\/strong><span>\u00a0<\/span><span>: Nettoyage \u00e0 sec.<\/span><strong><\/strong><\/p>\n<\/li>\n<\/ul>\n<\/li>\n<\/ul>\n","protected":false},"excerpt":{"rendered":"<p>Collection Rive Droite Paris La veste Barb\u00e8s unisexe a toute sa place dans\u00a0notre\u00a0vestiaire durable. Inspir\u00e9e du d\u00e9sormais culte Bleu de travail avec sa coupe\u00a0droite impeccable\u00a0et ses\u00a02\u00a0poches plaqu\u00e9es, elle s\u2019adapte \u00e0 toutes les carrures. Son ouverture et ses poignets sont habill\u00e9s de boutons en Corozo, un mat\u00e9riau naturel fabriqu\u00e9 \u00e0 partir de graines de palmier.\u00a0 Elle [&hellip;]<\/p>\n","protected":false},"featured_media":2768299,"comment_status":"open","ping_status":"closed","template":"","meta":[],"product_brand":[],"product_cat":[1756,1762],"product_tag":[2244,1811],"acf":[],"_links":{"self":[{"href":"https:\/\/streetmarkets.fr\/app\/wp-json\/wp\/v2\/product\/2768298"}],"collection":[{"href":"https:\/\/streetmarkets.fr\/app\/wp-json\/wp\/v2\/product"}],"about":[{"href":"https:\/\/streetmarkets.fr\/app\/wp-json\/wp\/v2\/types\/product"}],"replies":[{"embeddable":true,"href":"https:\/\/streetmarkets.fr\/app\/wp-json\/wp\/v2\/comments?post=2768298"}],"wp:featuredmedia":[{"embeddable":true,"href":"https:\/\/streetmarkets.fr\/app\/wp-json\/wp\/v2\/media\/2768299"}],"wp:attachment":[{"href":"https:\/\/streetmarkets.fr\/app\/wp-json\/wp\/v2\/media?parent=2768298"}],"wp:term":[{"taxonomy":"product_brand","embeddable":true,"href":"https:\/\/streetmarkets.fr\/app\/wp-json\/wp\/v2\/product_brand?post=2768298"},{"taxonomy":"product_cat","embeddable":true,"href":"https:\/\/streetmarkets.fr\/app\/wp-json\/wp\/v2\/product_cat?post=2768298"},{"taxonomy":"product_tag","embeddable":true,"href":"https:\/\/streetmarkets.fr\/app\/wp-json\/wp\/v2\/product_tag?post=2768298"}],"curies":[{"name":"wp","href":"https:\/\/api.w.org\/{rel}","templated":true}]}}